{"id":765039,"date":"2025-08-28T11:30:13","date_gmt":"2025-08-28T08:30:13","guid":{"rendered":"https:\/\/roveyayinevi.com.tr\/index.php\/urun\/osmanli-imparatorlugunun-son-doneminde-lazlar1877-1923\/"},"modified":"2026-04-15T03:30:52","modified_gmt":"2026-04-15T00:30:52","slug":"osmanli-imparatorlugunun-son-doneminde-lazlar1877-1923","status":"publish","type":"product","link":"https:\/\/roveyayinevi.com.tr\/index.php\/urun\/osmanli-imparatorlugunun-son-doneminde-lazlar1877-1923\/","title":{"rendered":"Osmanl\u0131 \u0130Mparatorlu\u011fu&#8217;nun Son D\u00f6neminde Lazlar1877-1923"},"content":{"rendered":"<p>\u0130rfan \u00c7a\u011fatay Aleksiva, Osmanl\u0131 \u0130mparatorlu\u011fu\u2019nun Son D\u00f6neminde Lazlar 1877-1923 ba\u015fl\u0131kl\u0131 \u00e7al\u0131\u015fmas\u0131yla, Osmanl\u0131 \u0130mparatorlu\u011fu\u2019nu konu edinen tarihyaz\u0131m\u0131nda olduk\u00e7a eksik b\u0131rak\u0131lm\u0131\u015f bir alan olan Lazlar ve Lazistan \u00fczerine detayl\u0131 bir inceleme sunuyor. D\u00f6nemin gazete ve ar\u015fivlerinden yararlanan \u00c7a\u011fatay Aleksiva, Lazistan\u2019\u0131n 1877-1878 Osmanl\u0131-Rus Sava\u015f\u0131 sonucunda b\u00f6l\u00fcnmesinin canland\u0131rd\u0131\u011f\u0131 Laz hareketinin evrimini, Laz ayd\u0131nlar\u0131n\u0131n ortaya \u00e7\u0131k\u0131\u015f\u0131, cemiyet ve derneklerinin kurulu\u015fu \u00fczerinden takip ediyor. 19. y\u00fczy\u0131l\u0131n ikinci yar\u0131s\u0131nda ba\u015flay\u0131p Cumhuriyet\u2019in kurulu\u015fuyla kesintiye u\u011frayan Laz hareketiyle 1990\u2019l\u0131 y\u0131llarla birlikte uyan\u0131\u015fa ge\u00e7en Laz k\u00fclt\u00fcr hareketi aras\u0131ndaki birbirinden kopuk ama paralellikler ta\u015f\u0131yan ili\u015fkiyi de tart\u0131\u015fan \u00c7a\u011fatay Aleksiva, yaln\u0131zca Laz \u00e7al\u0131\u015fmalar\u0131na de\u011fil, Osmanl\u0131 modernle\u015fmesi ve Osmanl\u0131 co\u011frafyas\u0131nda kimliklerin olu\u015fum\/d\u00f6n\u00fc\u015f\u00fcm s\u00fcre\u00e7leri hakk\u0131ndaki literat\u00fcre de \u00f6nemli bir katk\u0131 sa\u011fl\u0131yor. \u201cBu kitab\u0131n sahip oldu\u011fu en \u00f6nemli vas\u0131flardan biri, \u015f\u00fcphesiz T\u00fcrkiyelili\u011fin ve T\u00fcrkiye co\u011frafyas\u0131n\u0131n e\u015fsiz par\u00e7alar\u0131 olan Lazlar ve Lazistan tarihi konusunda sa\u011flad\u0131\u011f\u0131 kayda de\u011fer katk\u0131 arac\u0131l\u0131\u011f\u0131yla bu alanda var olan devasa bo\u015flu\u011fu bir nebze doldurmas\u0131d\u0131r. Ayr\u0131ca bu \u00e7al\u0131\u015fma, yakla\u015f\u0131m\u0131 ve sundu\u011fu olgusal bilgilerin yenili\u011fi sayesinde tek\u00e7ili\u011fin yol a\u00e7t\u0131\u011f\u0131 sorunlar\u0131n giderilmesine \u00f6nayak olabilecek ve bu y\u00f6nde yap\u0131lacak yeni \u00e7al\u0131\u015fmalar\u0131 te\u015fvik edebilecek mahiyettedir.\u201d B\u00dcLENT B\u0130LMEZ<\/p>\n","protected":false},"excerpt":{"rendered":"<p>\u0130rfan \u00c7a\u011fatay Aleksiva, Osmanl\u0131 \u0130mparatorlu\u011fu\u2019nun Son D\u00f6neminde Lazlar 1877-1923 ba\u015fl\u0131kl\u0131 \u00e7al\u0131\u015fmas\u0131yla, Osmanl\u0131 \u0130mparatorlu\u011fu\u2019nu konu edinen tarihyaz\u0131m\u0131nda olduk\u00e7a eksik b\u0131rak\u0131lm\u0131\u015f bir alan olan Lazlar ve Lazistan \u00fczerine<span class=\"excerpt-hellip\"> [\u2026]<\/span><\/p>\n","protected":false},"featured_media":0,"template":"","meta":{"_monsterinsights_skip_tracking":false,"_monsterinsights_sitenote_active":false,"_monsterinsights_sitenote_note":"","_monsterinsights_sitenote_category":0},"product_brand":[],"product_cat":[13517,12304],"product_tag":[],"class_list":{"0":"post-765039","1":"product","2":"type-product","3":"status-publish","5":"product_cat-osmanli-tarihi","6":"product_cat-tarih","7":"pa_cilt-ciltsiz","8":"pa_tur-kitap","9":"pa_yayinevi-iletisim-yayinlari","10":"pa_yazar-irfan-cagatay-aleksiva","12":"first","13":"instock","14":"sale","15":"shipping-taxable","16":"purchasable","17":"product-type-simple"},"_links":{"self":[{"href":"https:\/\/roveyayinevi.com.tr\/index.php\/wp-json\/wp\/v2\/product\/765039","targetHints":{"allow":["GET"]}}],"collection":[{"href":"https:\/\/roveyayinevi.com.tr\/index.php\/wp-json\/wp\/v2\/product"}],"about":[{"href":"https:\/\/roveyayinevi.com.tr\/index.php\/wp-json\/wp\/v2\/types\/product"}],"wp:attachment":[{"href":"https:\/\/roveyayinevi.com.tr\/index.php\/wp-json\/wp\/v2\/media?parent=765039"}],"wp:term":[{"taxonomy":"product_brand","embeddable":true,"href":"https:\/\/roveyayinevi.com.tr\/index.php\/wp-json\/wp\/v2\/product_brand?post=765039"},{"taxonomy":"product_cat","embeddable":true,"href":"https:\/\/roveyayinevi.com.tr\/index.php\/wp-json\/wp\/v2\/product_cat?post=765039"},{"taxonomy":"product_tag","embeddable":true,"href":"https:\/\/roveyayinevi.com.tr\/index.php\/wp-json\/wp\/v2\/product_tag?post=765039"}],"curies":[{"name":"wp","href":"https:\/\/api.w.org\/{rel}","templated":true}]}}