{"id":765037,"date":"2025-08-28T11:30:09","date_gmt":"2025-08-28T08:30:09","guid":{"rendered":"https:\/\/roveyayinevi.com.tr\/index.php\/urun\/annelik-2\/"},"modified":"2026-04-15T03:30:52","modified_gmt":"2026-04-15T00:30:52","slug":"annelik-2","status":"publish","type":"product","link":"https:\/\/roveyayinevi.com.tr\/index.php\/urun\/annelik-2\/","title":{"rendered":"Annelik"},"content":{"rendered":"<p>\u201c\u0130deal anne olmaya dair \u00e7e\u015fitli platformlarda dola\u015fan g\u00f6sterge enflasyonu i\u00e7inde, do\u011fru karar\u0131 al\u0131p alamamak, yeteri kadar bilgiye ula\u015fabilmek, bilgiyi g\u00fcncelleyebilmek zorlu bir g\u00f6rev art\u0131k. Bilgi \u00e7o\u011fal\u0131p sorumluluk artt\u0131k\u00e7a se\u00e7im yapmak zorla\u015f\u0131yor\u2026 G\u00fcn\u00fcm\u00fcz\u00fcn anneleri, ge\u00e7mi\u015fin geleneksel annelerine g\u00f6re \u00e7ok daha a\u011f\u0131r bir y\u00fck\u00fc \u00fcstleniyorlar, daha zorlu bir model i\u00e7inde rollerini icra ediyorlar. Ekonomik ve k\u00fclt\u00fcrel de\u011fi\u015fimler, annelik rol\u00fcn\u00fc de de\u011fi\u015ftiriyor\u2026\u201d Annelik bazen mutluluk ve ne\u015fe, bazen de su\u00e7luluk ve kayg\u0131 kayna\u011f\u0131 olabiliyor. Uzun bir ataerkil gelene\u011fin miras\u0131 annelerin omuzlar\u0131nda a\u011f\u0131r bir y\u00fck olarak dururken, kad\u0131nlar bazen onun alt\u0131nda eziliyor, bazen de onu altetmenin yollar\u0131n\u0131 bulup kendilerine alan a\u00e7abiliyor. \u0130dealle\u015ftirilen annelik bi\u00e7imleri, sosyal medyada sunulan onlarca iyi \u00e7ocuk yeti\u015ftirme re\u00e7etesi, uzmanlar\u0131n \u00fczerlerine boca etti\u011fi say\u0131s\u0131z yeni bilgi aras\u0131nda birbirinden son derece farkl\u0131 kad\u0131nlar benzer annelik s\u00fcre\u00e7leri ya\u015fayabiliyor. Yeni annelik kurallar\u0131, \u00e7ocuk b\u00fcy\u00fctmenin sorumlulu\u011funu kurumlardan al\u0131p anneye devrediyor. Ceylan Nur Akg\u00fcn, Annelik. Gerilimler, M\u00fccadeleler, Uzla\u015fmalar\u2019da tarihte anneli\u011fe y\u00fcklenen farkl\u0131 anlamlar\u0131n izini s\u00fcr\u00fcyor ve g\u00fcn\u00fcm\u00fcz T\u00fcrkiyesi\u2019nde annelerin kayg\u0131lar\u0131yla, korkular\u0131yla y\u00fczle\u015fiyor. \u00c7al\u0131\u015fma kad\u0131nlar\u0131n ger\u00e7ek deneyimlerine, ger\u00e7ek duygular\u0131na, ger\u00e7ek ya\u015famlar\u0131na ula\u015fmaya \u00e7al\u0131\u015f\u0131yor, \u00f6n\u00fcm\u00fcze s\u00fcr\u00fclen makbul annelik kodlar\u0131n\u0131 \u00e7\u00f6z\u00fcml\u00fcyor, ataerkil d\u00fczen alt\u0131nda nefes almaya \u00e7al\u0131\u015fan annelerin sesini bize ula\u015ft\u0131r\u0131yor.<\/p>\n","protected":false},"excerpt":{"rendered":"<p>\u201c\u0130deal anne olmaya dair \u00e7e\u015fitli platformlarda dola\u015fan g\u00f6sterge enflasyonu i\u00e7inde, do\u011fru karar\u0131 al\u0131p alamamak, yeteri kadar bilgiye ula\u015fabilmek, bilgiyi g\u00fcncelleyebilmek zorlu bir g\u00f6rev art\u0131k. Bilgi \u00e7o\u011fal\u0131p<span class=\"excerpt-hellip\"> [\u2026]<\/span><\/p>\n","protected":false},"featured_media":0,"template":"","meta":{"_monsterinsights_skip_tracking":false,"_monsterinsights_sitenote_active":false,"_monsterinsights_sitenote_note":"","_monsterinsights_sitenote_category":0},"product_brand":[],"product_cat":[13252,12324],"product_tag":[],"class_list":{"0":"post-765037","1":"product","2":"type-product","3":"status-publish","5":"product_cat-kadin-calismalari","6":"product_cat-sosyoloji","7":"pa_cilt-ciltsiz","8":"pa_tur-kitap","9":"pa_yayinevi-iletisim-yayinlari","10":"pa_yazar-ceylan-nur-akgun","12":"first","13":"instock","14":"sale","15":"shipping-taxable","16":"purchasable","17":"product-type-simple"},"_links":{"self":[{"href":"https:\/\/roveyayinevi.com.tr\/index.php\/wp-json\/wp\/v2\/product\/765037","targetHints":{"allow":["GET"]}}],"collection":[{"href":"https:\/\/roveyayinevi.com.tr\/index.php\/wp-json\/wp\/v2\/product"}],"about":[{"href":"https:\/\/roveyayinevi.com.tr\/index.php\/wp-json\/wp\/v2\/types\/product"}],"wp:attachment":[{"href":"https:\/\/roveyayinevi.com.tr\/index.php\/wp-json\/wp\/v2\/media?parent=765037"}],"wp:term":[{"taxonomy":"product_brand","embeddable":true,"href":"https:\/\/roveyayinevi.com.tr\/index.php\/wp-json\/wp\/v2\/product_brand?post=765037"},{"taxonomy":"product_cat","embeddable":true,"href":"https:\/\/roveyayinevi.com.tr\/index.php\/wp-json\/wp\/v2\/product_cat?post=765037"},{"taxonomy":"product_tag","embeddable":true,"href":"https:\/\/roveyayinevi.com.tr\/index.php\/wp-json\/wp\/v2\/product_tag?post=765037"}],"curies":[{"name":"wp","href":"https:\/\/api.w.org\/{rel}","templated":true}]}}