{"id":765034,"date":"2025-08-28T11:30:02","date_gmt":"2025-08-28T08:30:02","guid":{"rendered":"https:\/\/roveyayinevi.com.tr\/index.php\/urun\/hincahinc\/"},"modified":"2026-04-15T03:30:52","modified_gmt":"2026-04-15T00:30:52","slug":"hincahinc","status":"publish","type":"product","link":"https:\/\/roveyayinevi.com.tr\/index.php\/urun\/hincahinc\/","title":{"rendered":"H\u0131n\u00e7ah\u0131n\u00e7"},"content":{"rendered":"<p>\u201cHerkes kursa\u011f\u0131nda kalanlar\u0131 kustu\u011funda, ete\u011fimizdeki o ta\u015flar\u0131, evet k\u00fc\u00e7\u00fck ve ye\u015fil olanlar\u0131 da d\u00f6kt\u00fc\u011f\u00fcm\u00fczde Yeni Mahalle\u2019nin tarihi bizi de yazar m\u0131 acaba? H\u0131nc\u0131n harc\u0131 sab\u0131rla kar\u0131l\u0131r karde\u015fim, hakl\u0131 olan\u0131n acelesi yoktur. O hesapla\u015fma g\u00fcn\u00fc geldi\u011finde umar\u0131m kar\u015f\u0131mda olursun.\u201d Yeni Mahalle\u2019de ortal\u0131k kar\u0131\u015f\u0131k. Bunca \u00f6fke niye, kimse bilmiyor. Sanki g\u00f6kten tepelerine nefret ya\u011f\u0131yor. Evde, sokakta, sahada, otob\u00fcste, yatakta her yerde\u2026 Figen \u015eakac\u0131, h\u0131nc\u0131n anatomisini \u00e7\u0131kar\u0131yor adeta. Yaratt\u0131\u011f\u0131 \u201cYeni Mahalle\u201d ile, son d\u00f6nem T\u00fcrkiyesi\u2019nin haletiruhiyesine ayna tutuyor. H\u0131n\u00e7Ah\u0131n\u00e7, geleceksiz ve yoksul \u00fc\u00e7 gencin dostlu\u011fu etraf\u0131nda \u00f6r\u00fcl\u00fc, yeni-gen\u00e7li\u011fin dilinden anlat\u0131lan usta i\u015fi bir roman.<\/p>\n","protected":false},"excerpt":{"rendered":"<p>\u201cHerkes kursa\u011f\u0131nda kalanlar\u0131 kustu\u011funda, ete\u011fimizdeki o ta\u015flar\u0131, evet k\u00fc\u00e7\u00fck ve ye\u015fil olanlar\u0131 da d\u00f6kt\u00fc\u011f\u00fcm\u00fczde Yeni Mahalle\u2019nin tarihi bizi de yazar m\u0131 acaba? H\u0131nc\u0131n harc\u0131 sab\u0131rla kar\u0131l\u0131r<span class=\"excerpt-hellip\"> [\u2026]<\/span><\/p>\n","protected":false},"featured_media":0,"template":"","meta":{"_monsterinsights_skip_tracking":false,"_monsterinsights_sitenote_active":false,"_monsterinsights_sitenote_note":"","_monsterinsights_sitenote_category":0},"product_brand":[],"product_cat":[12291,12711],"product_tag":[],"class_list":{"0":"post-765034","1":"product","2":"type-product","3":"status-publish","5":"product_cat-edebiyat","6":"product_cat-roman-oyku","7":"pa_cilt-ciltsiz","8":"pa_tur-kitap","9":"pa_yayinevi-iletisim-yayinlari","10":"pa_yazar-figen-sakaci","12":"first","13":"instock","14":"sale","15":"shipping-taxable","16":"purchasable","17":"product-type-simple"},"_links":{"self":[{"href":"https:\/\/roveyayinevi.com.tr\/index.php\/wp-json\/wp\/v2\/product\/765034","targetHints":{"allow":["GET"]}}],"collection":[{"href":"https:\/\/roveyayinevi.com.tr\/index.php\/wp-json\/wp\/v2\/product"}],"about":[{"href":"https:\/\/roveyayinevi.com.tr\/index.php\/wp-json\/wp\/v2\/types\/product"}],"wp:attachment":[{"href":"https:\/\/roveyayinevi.com.tr\/index.php\/wp-json\/wp\/v2\/media?parent=765034"}],"wp:term":[{"taxonomy":"product_brand","embeddable":true,"href":"https:\/\/roveyayinevi.com.tr\/index.php\/wp-json\/wp\/v2\/product_brand?post=765034"},{"taxonomy":"product_cat","embeddable":true,"href":"https:\/\/roveyayinevi.com.tr\/index.php\/wp-json\/wp\/v2\/product_cat?post=765034"},{"taxonomy":"product_tag","embeddable":true,"href":"https:\/\/roveyayinevi.com.tr\/index.php\/wp-json\/wp\/v2\/product_tag?post=765034"}],"curies":[{"name":"wp","href":"https:\/\/api.w.org\/{rel}","templated":true}]}}