{"id":765033,"date":"2025-08-28T11:29:59","date_gmt":"2025-08-28T08:29:59","guid":{"rendered":"https:\/\/roveyayinevi.com.tr\/index.php\/urun\/kopuk-3\/"},"modified":"2026-04-15T03:30:52","modified_gmt":"2026-04-15T00:30:52","slug":"kopuk-3","status":"publish","type":"product","link":"https:\/\/roveyayinevi.com.tr\/index.php\/urun\/kopuk-3\/","title":{"rendered":"Kopuk"},"content":{"rendered":"<p>\u201cMerdivenlerin dibi nefes dolu. A\u011flamamak i\u00e7in bir tanesini i\u00e7ime \u00e7ekip, ko\u015fa ko\u015fa eve gitmek istiyorum ama do\u011fru d\u00fcr\u00fcst y\u00fcr\u00fcyemiyorum bile&#8230; Yaln\u0131zca s\u00fcr\u00fckleniyorum. Karanl\u0131k koyula\u015ft\u0131k\u00e7a koyula\u015f\u0131yor\u2026 Ka\u00e7 defa atarsan at, denizin i\u00e7ine almay\u0131p geri t\u00fck\u00fcrd\u00fc\u011f\u00fc bir \u00e7\u00f6p gibi vuruyorum evin k\u0131y\u0131s\u0131na. Abim yok, babam yok&#8230; Pencerelerde \u0131\u015f\u0131k yok. Yaln\u0131zl\u0131k hepimizden \u00f6nce gelip kurulmu\u015f evin i\u00e7ine.\u201d Melih \u00d6zeren, Kopuk&#8217;ta bir sokak \u00e7ocu\u011funun yoklukla, yaln\u0131zl\u0131kla ve \u00f6l\u00fcmle s\u0131nanan hayat\u0131n\u0131 anlat\u0131yor. Bu hayata, bu hayat\u0131n muhatab\u0131na \u00fcz\u00fcl\u00fcyoruz, ke\u015fke elimizden bir \u015fey gelse diyoruz ama her \u015feye ra\u011fmen kahraman\u0131m\u0131z \u00f6yle g\u00fc\u00e7l\u00fc ya da kendini g\u00fc\u00e7l\u00fc g\u00f6stermeyi o kadar iyi beceriyor ki, ona ac\u0131m\u0131yor, daha do\u011frusu ac\u0131yam\u0131yoruz. Kendimizi ya\u015fam, insan olmak ve d\u00fcnyan\u0131n halleri \u00fczerine d\u00fc\u015f\u00fcn\u00fcrken buluyoruz.<\/p>\n","protected":false},"excerpt":{"rendered":"<p>\u201cMerdivenlerin dibi nefes dolu. A\u011flamamak i\u00e7in bir tanesini i\u00e7ime \u00e7ekip, ko\u015fa ko\u015fa eve gitmek istiyorum ama do\u011fru d\u00fcr\u00fcst y\u00fcr\u00fcyemiyorum bile&#8230; Yaln\u0131zca s\u00fcr\u00fckleniyorum. Karanl\u0131k koyula\u015ft\u0131k\u00e7a koyula\u015f\u0131yor\u2026 Ka\u00e7<span class=\"excerpt-hellip\"> [\u2026]<\/span><\/p>\n","protected":false},"featured_media":0,"template":"","meta":{"_monsterinsights_skip_tracking":false,"_monsterinsights_sitenote_active":false,"_monsterinsights_sitenote_note":"","_monsterinsights_sitenote_category":0},"product_brand":[],"product_cat":[12291,12711],"product_tag":[],"class_list":{"0":"post-765033","1":"product","2":"type-product","3":"status-publish","5":"product_cat-edebiyat","6":"product_cat-roman-oyku","7":"pa_cilt-ciltsiz","8":"pa_tur-kitap","9":"pa_yayinevi-iletisim-yayinlari","10":"pa_yazar-melih-ozeren","12":"first","13":"instock","14":"sale","15":"shipping-taxable","16":"purchasable","17":"product-type-simple"},"_links":{"self":[{"href":"https:\/\/roveyayinevi.com.tr\/index.php\/wp-json\/wp\/v2\/product\/765033","targetHints":{"allow":["GET"]}}],"collection":[{"href":"https:\/\/roveyayinevi.com.tr\/index.php\/wp-json\/wp\/v2\/product"}],"about":[{"href":"https:\/\/roveyayinevi.com.tr\/index.php\/wp-json\/wp\/v2\/types\/product"}],"wp:attachment":[{"href":"https:\/\/roveyayinevi.com.tr\/index.php\/wp-json\/wp\/v2\/media?parent=765033"}],"wp:term":[{"taxonomy":"product_brand","embeddable":true,"href":"https:\/\/roveyayinevi.com.tr\/index.php\/wp-json\/wp\/v2\/product_brand?post=765033"},{"taxonomy":"product_cat","embeddable":true,"href":"https:\/\/roveyayinevi.com.tr\/index.php\/wp-json\/wp\/v2\/product_cat?post=765033"},{"taxonomy":"product_tag","embeddable":true,"href":"https:\/\/roveyayinevi.com.tr\/index.php\/wp-json\/wp\/v2\/product_tag?post=765033"}],"curies":[{"name":"wp","href":"https:\/\/api.w.org\/{rel}","templated":true}]}}