{"id":765032,"date":"2025-08-28T11:29:57","date_gmt":"2025-08-28T08:29:57","guid":{"rendered":"https:\/\/roveyayinevi.com.tr\/index.php\/urun\/karanlik-suskunluk\/"},"modified":"2026-04-15T03:30:52","modified_gmt":"2026-04-15T00:30:52","slug":"karanlik-suskunluk","status":"publish","type":"product","link":"https:\/\/roveyayinevi.com.tr\/index.php\/urun\/karanlik-suskunluk\/","title":{"rendered":"Karanl\u0131k Suskunluk"},"content":{"rendered":"<p>Siyasal polisiye ustas\u0131 Wolfgang Schorlau\u2019nun bu roman\u0131nda, \u00e7ok eskiden i\u015flenmi\u015f bir cinayetin s\u0131rr\u0131, bir ge\u00e7mi\u015fle hesapla\u015fma vak\u2019as\u0131na d\u00f6n\u00fc\u015f\u00fcyor. Koca bir otel, \u00fcstelik kar\u015f\u0131l\u0131ks\u0131z, ni\u00e7in ba\u015fkas\u0131na devredilmi\u015f olabilir? Dedesinin y\u0131llar \u00f6nce yapt\u0131\u011f\u0131 bu ba\u011f\u0131\u015f\u0131n belgesini bulan bir adam\u0131n pe\u015fine d\u00fc\u015ft\u00fc\u011f\u00fc s\u0131r, \u00e7ok daha b\u00fcy\u00fck bir s\u0131r yuma\u011f\u0131n\u0131n \u00e7ilesini a\u00e7\u0131yor. Ve bu s\u0131r, \u0130kinci D\u00fcnya Sava\u015f\u0131\u2019n\u0131n son g\u00fcnlerinin herc\u00fcmercinde Almanya topraklar\u0131nda \u201ckay\u0131p\u201d olarak kaydedilmi\u015f bir siyah ABD askerinin hik\u00e2yesiyle bulu\u015fuyor. Karanl\u0131k Suskunluk\u2019ta, \u00f6zel dedektifimiz Georg Dengler\u2019in blues ve caz tutkusu, iyice \u00f6n plana \u00e7\u0131k\u0131yor. Chicago blues\u2019unun efsanesi Junior Wells, bizzat sahne al\u0131yor romanda. Karizmas\u0131, sohbeti&#8230; ve s\u0131rr\u0131yla! \u201cWolfgang Schorlau bu roman\u0131yla birlikte Almanca edebiyatta siyasal polisiyenin zirvesine yerle\u015fti.\u201d Hamburger Abendblatt<\/p>\n","protected":false},"excerpt":{"rendered":"<p>Siyasal polisiye ustas\u0131 Wolfgang Schorlau\u2019nun bu roman\u0131nda, \u00e7ok eskiden i\u015flenmi\u015f bir cinayetin s\u0131rr\u0131, bir ge\u00e7mi\u015fle hesapla\u015fma vak\u2019as\u0131na d\u00f6n\u00fc\u015f\u00fcyor. Koca bir otel, \u00fcstelik kar\u015f\u0131l\u0131ks\u0131z, ni\u00e7in ba\u015fkas\u0131na devredilmi\u015f<span class=\"excerpt-hellip\"> [\u2026]<\/span><\/p>\n","protected":false},"featured_media":0,"template":"","meta":{"_monsterinsights_skip_tracking":false,"_monsterinsights_sitenote_active":false,"_monsterinsights_sitenote_note":"","_monsterinsights_sitenote_category":0},"product_brand":[],"product_cat":[12291,12711],"product_tag":[],"class_list":{"0":"post-765032","1":"product","2":"type-product","3":"status-publish","5":"product_cat-edebiyat","6":"product_cat-roman-oyku","7":"pa_cilt-ciltsiz","8":"pa_tur-kitap","9":"pa_yayinevi-iletisim-yayinlari","10":"pa_yazar-wolfgang-schorlau","12":"first","13":"instock","14":"sale","15":"shipping-taxable","16":"purchasable","17":"product-type-simple"},"_links":{"self":[{"href":"https:\/\/roveyayinevi.com.tr\/index.php\/wp-json\/wp\/v2\/product\/765032","targetHints":{"allow":["GET"]}}],"collection":[{"href":"https:\/\/roveyayinevi.com.tr\/index.php\/wp-json\/wp\/v2\/product"}],"about":[{"href":"https:\/\/roveyayinevi.com.tr\/index.php\/wp-json\/wp\/v2\/types\/product"}],"wp:attachment":[{"href":"https:\/\/roveyayinevi.com.tr\/index.php\/wp-json\/wp\/v2\/media?parent=765032"}],"wp:term":[{"taxonomy":"product_brand","embeddable":true,"href":"https:\/\/roveyayinevi.com.tr\/index.php\/wp-json\/wp\/v2\/product_brand?post=765032"},{"taxonomy":"product_cat","embeddable":true,"href":"https:\/\/roveyayinevi.com.tr\/index.php\/wp-json\/wp\/v2\/product_cat?post=765032"},{"taxonomy":"product_tag","embeddable":true,"href":"https:\/\/roveyayinevi.com.tr\/index.php\/wp-json\/wp\/v2\/product_tag?post=765032"}],"curies":[{"name":"wp","href":"https:\/\/api.w.org\/{rel}","templated":true}]}}