{"id":765030,"date":"2025-08-28T11:29:52","date_gmt":"2025-08-28T08:29:52","guid":{"rendered":"https:\/\/roveyayinevi.com.tr\/index.php\/urun\/super-guc-diye-buna-derim\/"},"modified":"2026-04-15T03:30:52","modified_gmt":"2026-04-15T00:30:52","slug":"super-guc-diye-buna-derim","status":"publish","type":"product","link":"https:\/\/roveyayinevi.com.tr\/index.php\/urun\/super-guc-diye-buna-derim\/","title":{"rendered":"S\u00fcper G\u00fc\u00e7 Diye Buna Derim!"},"content":{"rendered":"<p>\u201cHayat\u0131n bize getirdiklerinin i\u00e7inde kaybolup, g\u00f6r\u00fcnmez hissetti\u011fimiz zamanlar olur hepimizin. Kahraman\u0131m\u0131z\u0131n g\u00f6r\u00fcn\u00fcr olmaya dair bak\u0131\u015f a\u00e7\u0131s\u0131n\u0131 de\u011fi\u015ftirdi\u011fi bu kitapta, onun \u00f6nce kendi sesini duyabilmesiyle ne kadar mutlu oldu\u011funa \u015fahit oluyoruz. Sonra da onun var olmaya dair ayak seslerini duyuyoruz. G\u00f6r\u00fcld\u00fc\u011f\u00fcn\u00fc hisseden bir \u00e7ocukla, silikle\u015fen bir \u00e7ocuk aras\u0131ndaki fark\u0131n b\u00f6ylesine somut \u015fekilde \u00e7izimlere yans\u0131mas\u0131 b\u00fcy\u00fcleyici!\u201d \u2013B\u00fc\u015fra Tar\u00e7al\u0131r, Afi and Tomi\u2019nin Yazar\u0131, Psikoterapist, Ebeveyn Dan\u0131\u015fman\u0131   \u201cOkurken \u00e7ocuklu\u011fuma anbean \u201cflashback\u201dler yapt\u0131ran bu nahif hik\u00e2yeyi \u00e7ocukken de okumu\u015f olmay\u0131 dilerdim! Bazen hayat, bize a\u00e7\u0131lmayan alanlar\u0131 kendi kendimize a\u00e7may\u0131 ve yer yer hacmimizin hudutlar\u0131n\u0131n bek\u00e7ili\u011fini \u00fcstlenmeyi gerektirebiliyor. S\u00fcper G\u00fc\u00e7, bu fark\u0131ndal\u0131\u011fa kap\u0131 aralayan harikulade bir kitap olmu\u015f.\u201d \u2013Elif Yemenici, Bir\u00e7ok Dilde Yay\u0131mlanan Eyvah Kalbim K\u0131r\u0131ld\u0131\u2019n\u0131n Yazar\u0131 ve \u0130ll\u00fcstrat\u00f6r\u00fc   \u201c\u0130nsan\u0131, i\u00e7inde sakl\u0131 s\u00fcper g\u00fc\u00e7lerini a\u00e7\u0131\u011fa \u00e7\u0131karmaya te\u015fvik eden; tatl\u0131 m\u0131 tatl\u0131 bir hik\u00e2ye&#8230;\u201d \u2013Halenur \u00c7al\u0131\u015fan, \u00c7ok Satan Asiye Serisinin Yazar\u0131 <\/p>\n","protected":false},"excerpt":{"rendered":"<p>\u201cHayat\u0131n bize getirdiklerinin i\u00e7inde kaybolup, g\u00f6r\u00fcnmez hissetti\u011fimiz zamanlar olur hepimizin. Kahraman\u0131m\u0131z\u0131n g\u00f6r\u00fcn\u00fcr olmaya dair bak\u0131\u015f a\u00e7\u0131s\u0131n\u0131 de\u011fi\u015ftirdi\u011fi bu kitapta, onun \u00f6nce kendi sesini duyabilmesiyle ne kadar<span class=\"excerpt-hellip\"> [\u2026]<\/span><\/p>\n","protected":false},"featured_media":0,"template":"","meta":{"_monsterinsights_skip_tracking":false,"_monsterinsights_sitenote_active":false,"_monsterinsights_sitenote_note":"","_monsterinsights_sitenote_category":0},"product_brand":[],"product_cat":[12274,12518],"product_tag":[],"class_list":{"0":"post-765030","1":"product","2":"type-product","3":"status-publish","5":"product_cat-cocuk-ve-genclik-kitaplari","6":"product_cat-okul-oncesi-kitaplar","7":"pa_cilt-ciltsiz","8":"pa_tur-kitap","9":"pa_yayinevi-profil-kitap","10":"pa_yazar-esra-bulut-meryem-selva","12":"first","13":"instock","14":"sale","15":"shipping-taxable","16":"purchasable","17":"product-type-simple"},"_links":{"self":[{"href":"https:\/\/roveyayinevi.com.tr\/index.php\/wp-json\/wp\/v2\/product\/765030","targetHints":{"allow":["GET"]}}],"collection":[{"href":"https:\/\/roveyayinevi.com.tr\/index.php\/wp-json\/wp\/v2\/product"}],"about":[{"href":"https:\/\/roveyayinevi.com.tr\/index.php\/wp-json\/wp\/v2\/types\/product"}],"wp:attachment":[{"href":"https:\/\/roveyayinevi.com.tr\/index.php\/wp-json\/wp\/v2\/media?parent=765030"}],"wp:term":[{"taxonomy":"product_brand","embeddable":true,"href":"https:\/\/roveyayinevi.com.tr\/index.php\/wp-json\/wp\/v2\/product_brand?post=765030"},{"taxonomy":"product_cat","embeddable":true,"href":"https:\/\/roveyayinevi.com.tr\/index.php\/wp-json\/wp\/v2\/product_cat?post=765030"},{"taxonomy":"product_tag","embeddable":true,"href":"https:\/\/roveyayinevi.com.tr\/index.php\/wp-json\/wp\/v2\/product_tag?post=765030"}],"curies":[{"name":"wp","href":"https:\/\/api.w.org\/{rel}","templated":true}]}}