{"id":765029,"date":"2025-08-28T11:29:13","date_gmt":"2025-08-28T08:29:13","guid":{"rendered":"https:\/\/roveyayinevi.com.tr\/index.php\/urun\/5-sinif-tum-dersler-video-cozumlu-soru-bankasi\/"},"modified":"2026-04-15T03:30:52","modified_gmt":"2026-04-15T00:30:52","slug":"5-sinif-tum-dersler-video-cozumlu-soru-bankasi","status":"publish","type":"product","link":"https:\/\/roveyayinevi.com.tr\/index.php\/urun\/5-sinif-tum-dersler-video-cozumlu-soru-bankasi\/","title":{"rendered":"5.S\u0131n\u0131f T\u00fcm Dersler Video \u00c7\u00f6z\u00fcml\u00fc Soru Bankas\u0131"},"content":{"rendered":"<p>MEB\u2019in 5. s\u0131n\u0131f kazan\u0131mlar\u0131n\u0131n t\u00fcm\u00fcne y\u00f6nelik haz\u0131rlanm\u0131\u015ft\u0131r. 5. S\u0131n\u0131f m\u00fcfredat\u0131n\u0131n b\u00fct\u00fcn bran\u015flar\u0131n\u0131 kapsar.   Kitab\u0131m\u0131z\u0131n i\u00e7eri\u011findeki testler kolaydan zora do\u011fru, \u00f6\u011fretim program\u0131na bire bir uyumlu olarak haz\u0131rlanm\u0131\u015ft\u0131r. \u00c7\u00f6z\u00fcml\u00fc \u00f6rnek sorular\u0131n yan\u0131nda bilgilendirici kilit bilgiler yer al\u0131r.   Sorular\u0131n tamam\u0131 video \u00e7\u00f6z\u00fcml\u00fcd\u00fcr. Video \u00e7\u00f6z\u00fcmleri \u00f6\u011frencilerin konu tekrar\u0131 yapmalar\u0131n\u0131 sa\u011flayarak bilgilerini peki\u015ftirir. Soru \u00e7\u00f6z\u00fcmlerine test ba\u015flar\u0131ndaki QR\u2019lardan ula\u015f\u0131labilir. Ak\u0131ll\u0131 telefonlar\u0131n Android ve IOS platformlar\u0131nda \u00fccretsiz ve \u00fcyelik gerektirmeden kullanabilirler. Ak\u0131ll\u0131 tahtaya uyumludur.<\/p>\n","protected":false},"excerpt":{"rendered":"<p>MEB\u2019in 5. s\u0131n\u0131f kazan\u0131mlar\u0131n\u0131n t\u00fcm\u00fcne y\u00f6nelik haz\u0131rlanm\u0131\u015ft\u0131r. 5. S\u0131n\u0131f m\u00fcfredat\u0131n\u0131n b\u00fct\u00fcn bran\u015flar\u0131n\u0131 kapsar. Kitab\u0131m\u0131z\u0131n i\u00e7eri\u011findeki testler kolaydan zora do\u011fru, \u00f6\u011fretim program\u0131na bire bir uyumlu olarak haz\u0131rlanm\u0131\u015ft\u0131r.<span class=\"excerpt-hellip\"> [\u2026]<\/span><\/p>\n","protected":false},"featured_media":0,"template":"","meta":{"_monsterinsights_skip_tracking":false,"_monsterinsights_sitenote_active":false,"_monsterinsights_sitenote_note":"","_monsterinsights_sitenote_category":0},"product_brand":[],"product_cat":[12566,13473],"product_tag":[],"class_list":{"0":"post-765029","1":"product","2":"type-product","3":"status-publish","5":"product_cat-egitim","6":"product_cat-sinavlara-hazirlik-okula-yardimci-kaynaklar","7":"pa_cilt-ciltsiz","8":"pa_tur-kitap","9":"pa_yayinevi-evrensel-iletisim-yayinlari","10":"pa_yazar-komisyon","12":"first","13":"instock","14":"sale","15":"shipping-taxable","16":"purchasable","17":"product-type-simple"},"_links":{"self":[{"href":"https:\/\/roveyayinevi.com.tr\/index.php\/wp-json\/wp\/v2\/product\/765029","targetHints":{"allow":["GET"]}}],"collection":[{"href":"https:\/\/roveyayinevi.com.tr\/index.php\/wp-json\/wp\/v2\/product"}],"about":[{"href":"https:\/\/roveyayinevi.com.tr\/index.php\/wp-json\/wp\/v2\/types\/product"}],"wp:attachment":[{"href":"https:\/\/roveyayinevi.com.tr\/index.php\/wp-json\/wp\/v2\/media?parent=765029"}],"wp:term":[{"taxonomy":"product_brand","embeddable":true,"href":"https:\/\/roveyayinevi.com.tr\/index.php\/wp-json\/wp\/v2\/product_brand?post=765029"},{"taxonomy":"product_cat","embeddable":true,"href":"https:\/\/roveyayinevi.com.tr\/index.php\/wp-json\/wp\/v2\/product_cat?post=765029"},{"taxonomy":"product_tag","embeddable":true,"href":"https:\/\/roveyayinevi.com.tr\/index.php\/wp-json\/wp\/v2\/product_tag?post=765029"}],"curies":[{"name":"wp","href":"https:\/\/api.w.org\/{rel}","templated":true}]}}