{"id":765026,"date":"2025-08-28T11:29:07","date_gmt":"2025-08-28T08:29:07","guid":{"rendered":"https:\/\/roveyayinevi.com.tr\/index.php\/urun\/stresten-huzura\/"},"modified":"2026-04-15T03:30:52","modified_gmt":"2026-04-15T00:30:52","slug":"stresten-huzura","status":"publish","type":"product","link":"https:\/\/roveyayinevi.com.tr\/index.php\/urun\/stresten-huzura\/","title":{"rendered":"Stresten Huzura"},"content":{"rendered":"<p>Hayat\u0131n getirdi\u011fi zorluklar kar\u015f\u0131s\u0131nda ya\u015fad\u0131\u011f\u0131m\u0131z stres, \u00e7o\u011fumuzun i\u00e7 huzurunu ve sa\u011fl\u0131\u011f\u0131n\u0131 tehdit eder. Ancak stresin k\u00f6keni, benli\u011fimizde gizlidir. \u0130mdat Ek\u015fi, kadim bilgiyi g\u00fcn\u00fcm\u00fcz bilimsel ara\u015ft\u0131rmalar\u0131yla harmanlayarak, stresin alt\u0131nda yatan temel nedenleri anlamaya ve \u00e7\u00f6zmeye y\u00f6nelik pratik y\u00f6ntemler sunuyor. \u201cStresten Huzura\u201d ile benli\u011finizdeki hatal\u0131 kodlar\u0131 fark edip d\u00f6n\u00fc\u015ft\u00fcrme f\u0131rsat\u0131n\u0131 yakalayacak, b\u00f6ylece ruhsal tek\u00e2m\u00fcl\u00fcn\u00fcz\u00fc destekleyen bir i\u00e7sel yolculu\u011fa ad\u0131m atacaks\u0131n\u0131z. Stresin fiziksel ve psikolojik etkilerini kavray\u0131p, huzura ula\u015fman\u0131n etkili yollar\u0131n\u0131 ke\u015ffedeceksiniz. <\/p>\n","protected":false},"excerpt":{"rendered":"<p>Hayat\u0131n getirdi\u011fi zorluklar kar\u015f\u0131s\u0131nda ya\u015fad\u0131\u011f\u0131m\u0131z stres, \u00e7o\u011fumuzun i\u00e7 huzurunu ve sa\u011fl\u0131\u011f\u0131n\u0131 tehdit eder. Ancak stresin k\u00f6keni, benli\u011fimizde gizlidir. \u0130mdat Ek\u015fi, kadim bilgiyi g\u00fcn\u00fcm\u00fcz bilimsel ara\u015ft\u0131rmalar\u0131yla harmanlayarak,<span class=\"excerpt-hellip\"> [\u2026]<\/span><\/p>\n","protected":false},"featured_media":0,"template":"","meta":{"_monsterinsights_skip_tracking":false,"_monsterinsights_sitenote_active":false,"_monsterinsights_sitenote_note":"","_monsterinsights_sitenote_category":0},"product_brand":[],"product_cat":[12364,12376],"product_tag":[],"class_list":{"0":"post-765026","1":"product","2":"type-product","3":"status-publish","5":"product_cat-genel-konular","6":"product_cat-kisisel-gelisim","7":"pa_cilt-ciltsiz","8":"pa_tur-kitap","9":"pa_yayinevi-profil-kitap","10":"pa_yazar-imdat-eksi","12":"first","13":"instock","14":"sale","15":"shipping-taxable","16":"purchasable","17":"product-type-simple"},"_links":{"self":[{"href":"https:\/\/roveyayinevi.com.tr\/index.php\/wp-json\/wp\/v2\/product\/765026","targetHints":{"allow":["GET"]}}],"collection":[{"href":"https:\/\/roveyayinevi.com.tr\/index.php\/wp-json\/wp\/v2\/product"}],"about":[{"href":"https:\/\/roveyayinevi.com.tr\/index.php\/wp-json\/wp\/v2\/types\/product"}],"wp:attachment":[{"href":"https:\/\/roveyayinevi.com.tr\/index.php\/wp-json\/wp\/v2\/media?parent=765026"}],"wp:term":[{"taxonomy":"product_brand","embeddable":true,"href":"https:\/\/roveyayinevi.com.tr\/index.php\/wp-json\/wp\/v2\/product_brand?post=765026"},{"taxonomy":"product_cat","embeddable":true,"href":"https:\/\/roveyayinevi.com.tr\/index.php\/wp-json\/wp\/v2\/product_cat?post=765026"},{"taxonomy":"product_tag","embeddable":true,"href":"https:\/\/roveyayinevi.com.tr\/index.php\/wp-json\/wp\/v2\/product_tag?post=765026"}],"curies":[{"name":"wp","href":"https:\/\/api.w.org\/{rel}","templated":true}]}}