{"id":765025,"date":"2025-08-28T11:29:05","date_gmt":"2025-08-28T08:29:05","guid":{"rendered":"https:\/\/roveyayinevi.com.tr\/index.php\/urun\/dunyadan-yansimalar-1-mucadele\/"},"modified":"2026-04-15T03:30:52","modified_gmt":"2026-04-15T00:30:52","slug":"dunyadan-yansimalar-1-mucadele","status":"publish","type":"product","link":"https:\/\/roveyayinevi.com.tr\/index.php\/urun\/dunyadan-yansimalar-1-mucadele\/","title":{"rendered":"D\u00fcnyadan Yans\u0131malar 1: M\u00fccadele"},"content":{"rendered":"<p>Onlar\u0131 m\u00fccadele ruhu birle\u015ftirdi.Frans\u0131z \u00e7izer Fabien Toulm\u00e9&#8217;nin yeni serisi &#8221;D\u00fcnyadan Yans\u0131malar&#8221;\u0131n ilk halkas\u0131 M\u00fccadele, \u00fc\u00e7 ayr\u0131 \u00fclkeden \u00fc\u00e7 cesur insan\u0131n hakl\u0131 direni\u015fine ve sergiledi\u011fi e\u015fsiz m\u00fccadeleye tan\u0131kl\u0131k ettiriyor.Gezegenimizin d\u00f6rt bir k\u00f6\u015fesinde ya\u015fananlara kay\u0131ts\u0131z kalmamak, iktidar bask\u0131s\u0131na kar\u015f\u0131 bireylerin ve toplumlar\u0131n verdi\u011fi m\u00fccadeleyi \u00f6l\u00fcms\u00fczle\u015ftirmek i\u00e7in usta bir belgeselci gibi iz s\u00fcren sanat\u00e7\u0131; \u00e7izgilerini bu kez Asya, G\u00fcney Amerika ve Afrika k\u0131talar\u0131nda konu\u015fturuyor.\u00c7arp\u0131c\u0131 yolculuklar, bire bir g\u00f6r\u00fc\u015fmeler, olayl\u0131 ke\u015fifler ve s\u0131rad\u0131\u015f\u0131 tesad\u00fcflerle bi\u00e7imlenen grafik roman, her ne kadar yerel olaylara odaklan\u0131yor gibi g\u00f6r\u00fcnse de &#8221;bir g\u00fcn&#8221; herkesi tehdit edebilecek unsurlara da de\u011finerek anlat\u0131s\u0131n\u0131 evrenselle\u015ftiriyor.  L\u00fcbnan&#8217;daki halk devrimi Thawra&#8217;y\u0131, Brezilya&#8217;daki bir gecekondu mahallesinin ekolojik park projesine kar\u015f\u0131 ayaklan\u0131\u015f\u0131n\u0131 ve Benin&#8217;deki feminist bir aktivistin esin verici hik\u00e2yesini anlatan Fabien Toulm\u00e9 bu kitab\u0131yla, k\u00fcresel medya organlar\u0131n\u0131n bahsetmeye pek yana\u015fmad\u0131\u011f\u0131 yahut sans\u00fcrle yay\u0131nlamay\u0131 tercih etti\u011fi baz\u0131 kitlesel olaylar\u0131 \u00e7izgilerin g\u00fcc\u00fcyle d\u00fcnyaya yayma el\u00e7ili\u011fini \u00fcstleniyor. Bask\u0131 ve tehdit alt\u0131ndaki insanlar\u0131n, \u00f6zellikle de kad\u0131nlar\u0131n nas\u0131l ya\u015fad\u0131\u011f\u0131n\u0131 g\u00f6rmek ve onlar\u0131 nelerin harekete ge\u00e7meye itti\u011fini \u00f6\u011frenmek fikrinden do\u011fan &#8221;D\u00fcnyadan Yans\u0131malar&#8221; serisinin ilk cildi M\u00fccadele&#8217;de; bireylerin, halklar\u0131n ve hatta mahallelerin verdi\u011fi yurtta\u015fl\u0131k m\u00fccadelesi t\u00fcm ger\u00e7ekli\u011fiyle g\u00fcn y\u00fcz\u00fcne \u00e7\u0131kar\u0131l\u0131yor.Hik\u00e2ye anlat\u0131c\u0131s\u0131 ve \u00e7izer kimli\u011finin yan\u0131na &#8221;tan\u0131kl\u0131k ustas\u0131&#8221; s\u0131fat\u0131n\u0131 da hakk\u0131yla yak\u0131\u015ft\u0131ran Fabien Toulm\u00e9, yaratt\u0131\u011f\u0131 anlat\u0131 evreniyle kendisine duyulan hayranl\u0131\u011f\u0131 katlayarak art\u0131r\u0131yor.Ki\u015fisel yolculuklar arac\u0131l\u0131\u011f\u0131yla daha genel olan \u015feyleri anlatmay\u0131 seviyorum.Bir bak\u0131ma fazlaca geni\u015f bir manzaray\u0131 izleyebilmek i\u00e7in tek tek pencereleri a\u00e7mak gibi. <\/p>\n","protected":false},"excerpt":{"rendered":"<p>Onlar\u0131 m\u00fccadele ruhu birle\u015ftirdi.Frans\u0131z \u00e7izer Fabien Toulm\u00e9&#8217;nin yeni serisi &#8221;D\u00fcnyadan Yans\u0131malar&#8221;\u0131n ilk halkas\u0131 M\u00fccadele, \u00fc\u00e7 ayr\u0131 \u00fclkeden \u00fc\u00e7 cesur insan\u0131n hakl\u0131 direni\u015fine ve sergiledi\u011fi e\u015fsiz m\u00fccadeleye<span class=\"excerpt-hellip\"> [\u2026]<\/span><\/p>\n","protected":false},"featured_media":0,"template":"","meta":{"_monsterinsights_skip_tracking":false,"_monsterinsights_sitenote_active":false,"_monsterinsights_sitenote_note":"","_monsterinsights_sitenote_category":0},"product_brand":[],"product_cat":[12274,12284],"product_tag":[],"class_list":{"0":"post-765025","1":"product","2":"type-product","3":"status-publish","5":"product_cat-cocuk-ve-genclik-kitaplari","6":"product_cat-hikayeler","7":"pa_cilt-ciltsiz","8":"pa_tur-kitap","9":"pa_yayinevi-desen-yayinlari","10":"pa_yazar-fabien-toulme","12":"first","13":"instock","14":"sale","15":"shipping-taxable","16":"purchasable","17":"product-type-simple"},"_links":{"self":[{"href":"https:\/\/roveyayinevi.com.tr\/index.php\/wp-json\/wp\/v2\/product\/765025","targetHints":{"allow":["GET"]}}],"collection":[{"href":"https:\/\/roveyayinevi.com.tr\/index.php\/wp-json\/wp\/v2\/product"}],"about":[{"href":"https:\/\/roveyayinevi.com.tr\/index.php\/wp-json\/wp\/v2\/types\/product"}],"wp:attachment":[{"href":"https:\/\/roveyayinevi.com.tr\/index.php\/wp-json\/wp\/v2\/media?parent=765025"}],"wp:term":[{"taxonomy":"product_brand","embeddable":true,"href":"https:\/\/roveyayinevi.com.tr\/index.php\/wp-json\/wp\/v2\/product_brand?post=765025"},{"taxonomy":"product_cat","embeddable":true,"href":"https:\/\/roveyayinevi.com.tr\/index.php\/wp-json\/wp\/v2\/product_cat?post=765025"},{"taxonomy":"product_tag","embeddable":true,"href":"https:\/\/roveyayinevi.com.tr\/index.php\/wp-json\/wp\/v2\/product_tag?post=765025"}],"curies":[{"name":"wp","href":"https:\/\/api.w.org\/{rel}","templated":true}]}}