{"id":765023,"date":"2025-08-28T11:29:01","date_gmt":"2025-08-28T08:29:01","guid":{"rendered":"https:\/\/roveyayinevi.com.tr\/index.php\/urun\/cocuklarla-sanat-okuma-ve-dusunme-uygulamalari\/"},"modified":"2026-04-15T03:30:51","modified_gmt":"2026-04-15T00:30:51","slug":"cocuklarla-sanat-okuma-ve-dusunme-uygulamalari","status":"publish","type":"product","link":"https:\/\/roveyayinevi.com.tr\/index.php\/urun\/cocuklarla-sanat-okuma-ve-dusunme-uygulamalari\/","title":{"rendered":"\u00c7ocuklarla Sanat Okuma ve Du\u0308\u015fu\u0308nme Uygulamalar\u0131"},"content":{"rendered":"<p>\u00c7OCUKLARLA SANAT OKUMA VE D\u00dc\u015e\u00dcNME UYGULAMALARI \u00c7ocuklar, sanat ve felsefeyi bir araya getirmek i\u00e7in onlarca nedene sahip olabiliriz fakat bu nedenlerin hi\u00e7biri bu birlikteli\u011fin do\u011furdu\u011fu sonu\u00e7lar kadar tatmin edici olmayacakt\u0131r. Nur\u015fah Y\u0131lmaz ve Y\u0131lmaz Murat Bilican\u2019\u0131n elinizdeki kitab\u0131, i\u00e7indeki pek \u00e7ok eser ve uygulama sayesinde \u00e7ocuklar\u0131n estetik duyarl\u0131l\u0131klar\u0131n\u0131 geli\u015ftirecek, anlama, yorumlama ve anlatmaya dair istek ve becerilerini zenginle\u015ftirecektir. Sanat tarihinin en \u00f6nemli eserlerinden ve yerli sanat\u00e7\u0131lar\u0131n yarat\u0131mlar\u0131ndan yapt\u0131klar\u0131 se\u00e7ki, sanat \u00fczerine felsefi soru\u015fturma uygulamalar\u0131 ger\u00e7ekle\u015ftirmek i\u00e7in de son derece kullan\u0131\u015fl\u0131; \u00fcstelik \u00f6nerilen soru ve oyunlar da cabas\u0131. Kadim zamanlardan beri e\u011fitimin en \u00f6nemli unsurlar\u0131ndan birisi g\u00fczellik olmu\u015ftur. \u0130yiyi ve do\u011fruyu bilmek ve uygulamak kadar, onu g\u00fczel bir \u015fekilde icra etmek, bir stile sahip olmak da \u00f6v\u00fclm\u00fc\u015ft\u00fcr. Sanat eserleri kar\u015f\u0131s\u0131ndaki anlama, sorgulama ve yorumlama \u00e7al\u0131\u015fmalar\u0131, \u00e7ocuklar\u0131n kendi estetik stillerini yaratmalar\u0131 i\u00e7in de son derece te\u015fvik edicidir. T\u00fcm \u00e7ocuk sanat\u00e7\u0131lara, filozoflara ve \u00e7ocuklarla bu ser\u00fcvene at\u0131lacak t\u00fcm yeti\u015fkinlere k\u00fc\u00e7\u00fck bir hediye\u2026 <\/p>\n","protected":false},"excerpt":{"rendered":"<p>\u00c7OCUKLARLA SANAT OKUMA VE D\u00dc\u015e\u00dcNME UYGULAMALARI \u00c7ocuklar, sanat ve felsefeyi bir araya getirmek i\u00e7in onlarca nedene sahip olabiliriz fakat bu nedenlerin hi\u00e7biri bu birlikteli\u011fin do\u011furdu\u011fu sonu\u00e7lar<span class=\"excerpt-hellip\"> [\u2026]<\/span><\/p>\n","protected":false},"featured_media":0,"template":"","meta":{"_monsterinsights_skip_tracking":false,"_monsterinsights_sitenote_active":false,"_monsterinsights_sitenote_note":"","_monsterinsights_sitenote_category":0},"product_brand":[],"product_cat":[12274,12631],"product_tag":[],"class_list":{"0":"post-765023","1":"product","2":"type-product","3":"status-publish","5":"product_cat-cocuk-ve-genclik-kitaplari","6":"product_cat-diger-cocuk-ve-genclik-kitaplari","7":"pa_cilt-ciltsiz","8":"pa_tur-kitap","9":"pa_yayinevi-say-yayinlari","10":"pa_yazar-nursah-yilmaz-yilmaz-murat-bilican","12":"first","13":"instock","14":"sale","15":"shipping-taxable","16":"purchasable","17":"product-type-simple"},"_links":{"self":[{"href":"https:\/\/roveyayinevi.com.tr\/index.php\/wp-json\/wp\/v2\/product\/765023","targetHints":{"allow":["GET"]}}],"collection":[{"href":"https:\/\/roveyayinevi.com.tr\/index.php\/wp-json\/wp\/v2\/product"}],"about":[{"href":"https:\/\/roveyayinevi.com.tr\/index.php\/wp-json\/wp\/v2\/types\/product"}],"wp:attachment":[{"href":"https:\/\/roveyayinevi.com.tr\/index.php\/wp-json\/wp\/v2\/media?parent=765023"}],"wp:term":[{"taxonomy":"product_brand","embeddable":true,"href":"https:\/\/roveyayinevi.com.tr\/index.php\/wp-json\/wp\/v2\/product_brand?post=765023"},{"taxonomy":"product_cat","embeddable":true,"href":"https:\/\/roveyayinevi.com.tr\/index.php\/wp-json\/wp\/v2\/product_cat?post=765023"},{"taxonomy":"product_tag","embeddable":true,"href":"https:\/\/roveyayinevi.com.tr\/index.php\/wp-json\/wp\/v2\/product_tag?post=765023"}],"curies":[{"name":"wp","href":"https:\/\/api.w.org\/{rel}","templated":true}]}}