{"id":765021,"date":"2025-08-28T11:28:58","date_gmt":"2025-08-28T08:28:58","guid":{"rendered":"https:\/\/roveyayinevi.com.tr\/index.php\/urun\/cagimizin-nevrotik-kisiligi-3\/"},"modified":"2026-04-15T03:30:51","modified_gmt":"2026-04-15T00:30:51","slug":"cagimizin-nevrotik-kisiligi-3","status":"publish","type":"product","link":"https:\/\/roveyayinevi.com.tr\/index.php\/urun\/cagimizin-nevrotik-kisiligi-3\/","title":{"rendered":"\u00c7a\u011f\u0131m\u0131z\u0131n Nevrotik Ki\u015fili\u011fi"},"content":{"rendered":"<p>Nevrotik insan daima ac\u0131 \u00e7eken insand\u0131r. Freud sonras\u0131 psikanalizin \u00f6nemli isimlerinden olan Karen Horney kuram i\u00e7inde kalarak yapt\u0131\u011f\u0131 ele\u015ftirilerle psikanalize \u00f6zg\u00fcn katk\u0131larda bulunmu\u015ftur. Freud\u2019un biyolojik, i\u00e7g\u00fcd\u00fc temelli yakla\u015f\u0131m\u0131na kar\u015f\u0131n hem kendi klinik tecr\u00fcbeleri hem de sosyal bilimlerdeki geli\u015fmelerden yararlanarak farkl\u0131 bir bak\u0131\u015f a\u00e7\u0131s\u0131 ortaya koymu\u015f, insan geli\u015fiminde k\u00fclt\u00fcr ve \u00e7evrenin etkin rol\u00fcn\u00fc vurgulam\u0131\u015ft\u0131r. \u00c7a\u011f\u0131m\u0131z\u0131n Nevrotik Ki\u015fili\u011fi, Horney\u2019in nevrozlar\u0131n temel yap\u0131s\u0131n\u0131 ve nevrotik ki\u015fili\u011fi geleneksel psikanaliz yakla\u015f\u0131mlar\u0131n\u0131n \u00f6tesine ge\u00e7erek,  k\u00fclt\u00fcr ve \u00e7evre ba\u011flam\u0131nda derinlemesine inceledi\u011fi, psikanalitik terapinin s\u0131n\u0131rlar\u0131n\u0131 geni\u015fleten bir ba\u015fyap\u0131tt\u0131r. Bu eserde, nevrotik ki\u015fili\u011fin temellerini geni\u015f bir pencereden bakarak ele al\u0131r; \u015fefkat ve onaylanma ihtiyac\u0131, duygusal yak\u0131nl\u0131k aray\u0131\u015f\u0131, \u00e7eli\u015fkili ruhsal yap\u0131,  g\u00fc\u00e7 ve prestij arzusu, bitmeyen kayg\u0131lar, rekabet gibi konular\u0131 irdeler.  \u0130nsanlar\u0131n i\u00e7sel \u00e7at\u0131\u015fmalar\u0131n\u0131 anlamalar\u0131na ve bu \u00e7at\u0131\u015fmalarla ba\u015fa \u00e7\u0131kmalar\u0131na y\u00f6nelik derinlemesine analizleri, okuyucuya hem entelekt\u00fcel hem de pratik bir perspektif sunar.  Psikoloji merakl\u0131lar\u0131ndan, akademisyenlere kadar geni\u015f bir okuyucu kitlesine hitap eden bu eser, nevrotik ki\u015filikleri daha iyi anlaman\u0131z\u0131 sa\u011flayacak ve insan\u0131n i\u00e7sel dinamiklerini kavraman\u0131zda size yol g\u00f6sterecektir. <\/p>\n","protected":false},"excerpt":{"rendered":"<p>Nevrotik insan daima ac\u0131 \u00e7eken insand\u0131r. Freud sonras\u0131 psikanalizin \u00f6nemli isimlerinden olan Karen Horney kuram i\u00e7inde kalarak yapt\u0131\u011f\u0131 ele\u015ftirilerle psikanalize \u00f6zg\u00fcn katk\u0131larda bulunmu\u015ftur. Freud\u2019un biyolojik, i\u00e7g\u00fcd\u00fc<span class=\"excerpt-hellip\"> [\u2026]<\/span><\/p>\n","protected":false},"featured_media":0,"template":"","meta":{"_monsterinsights_skip_tracking":false,"_monsterinsights_sitenote_active":false,"_monsterinsights_sitenote_note":"","_monsterinsights_sitenote_category":0},"product_brand":[],"product_cat":[12357],"product_tag":[],"class_list":{"0":"post-765021","1":"product","2":"type-product","3":"status-publish","5":"product_cat-psikoloji","6":"pa_cilt-ciltsiz","7":"pa_tur-kitap","8":"pa_yayinevi-say-yayinlari","9":"pa_yazar-karen-horney","11":"first","12":"instock","13":"sale","14":"shipping-taxable","15":"purchasable","16":"product-type-simple"},"_links":{"self":[{"href":"https:\/\/roveyayinevi.com.tr\/index.php\/wp-json\/wp\/v2\/product\/765021","targetHints":{"allow":["GET"]}}],"collection":[{"href":"https:\/\/roveyayinevi.com.tr\/index.php\/wp-json\/wp\/v2\/product"}],"about":[{"href":"https:\/\/roveyayinevi.com.tr\/index.php\/wp-json\/wp\/v2\/types\/product"}],"wp:attachment":[{"href":"https:\/\/roveyayinevi.com.tr\/index.php\/wp-json\/wp\/v2\/media?parent=765021"}],"wp:term":[{"taxonomy":"product_brand","embeddable":true,"href":"https:\/\/roveyayinevi.com.tr\/index.php\/wp-json\/wp\/v2\/product_brand?post=765021"},{"taxonomy":"product_cat","embeddable":true,"href":"https:\/\/roveyayinevi.com.tr\/index.php\/wp-json\/wp\/v2\/product_cat?post=765021"},{"taxonomy":"product_tag","embeddable":true,"href":"https:\/\/roveyayinevi.com.tr\/index.php\/wp-json\/wp\/v2\/product_tag?post=765021"}],"curies":[{"name":"wp","href":"https:\/\/api.w.org\/{rel}","templated":true}]}}