{"id":765019,"date":"2025-08-28T11:28:55","date_gmt":"2025-08-28T08:28:55","guid":{"rendered":"https:\/\/roveyayinevi.com.tr\/index.php\/urun\/buyuk-tuzak-2\/"},"modified":"2026-04-15T03:30:51","modified_gmt":"2026-04-15T00:30:51","slug":"buyuk-tuzak-2","status":"publish","type":"product","link":"https:\/\/roveyayinevi.com.tr\/index.php\/urun\/buyuk-tuzak-2\/","title":{"rendered":"Bu\u0308yu\u0308k Tuzak"},"content":{"rendered":"<p>B\u00dcY\u00dcK TUZAK \u0130kinci D\u00fcnya Sava\u015f\u0131\u2019n\u0131n d\u00f6n\u00fcm noktas\u0131 olan 6 Haziran 1944 g\u00fcn\u00fc M\u00fcttefikler silahlarla bir zafer elde etmi\u015flerdi. Ama bu ayn\u0131 zamanda farkl\u0131 t\u00fcrden bir operasyonun da zaferiydi. Bir aldatmacan\u0131n zaferi. Aldatman\u0131n merkezinde cesaretleri, ihanetleri, a\u00e7g\u00f6zl\u00fcl\u00fckleri ve ilhamlar\u0131yla onlar\u0131 d\u00fc\u015fman\u0131 ikna etmeyi ba\u015faran, ikili oynayan ajanlardan olu\u015fan bir ekip bulunmaktayd\u0131. Nazilere 150.000 ki\u015filik M\u00fcttefik i\u015fgal g\u00fcc\u00fcn\u00fcn hedefinin Normandiya de\u011fil Calais ve Norve\u00e7 oldu\u011funu iddia ettiler. Bu insanlar geleneksel sava\u015f\u00e7\u0131lar de\u011fildi ama hilek\u00e2rl\u0131k \u015faheserleri binlerce insan\u0131n ya\u015fam\u0131n\u0131n kurtulmas\u0131n\u0131 sa\u011flad\u0131. Kod adlar\u0131 Bronx, Brutus, Treasure, Tricyle ve Garbo\u2019ydu. Bu onlar\u0131n hik\u00e2yesi.   \u201cHi\u00e7bir casus hik\u00e2yesinden bundan daha fazla keyif almam\u0131\u015f\u0131md\u0131r ve bundan sonra kurgu okumak daha s\u0131k\u0131c\u0131 olacakt\u0131r.\u201d    Max Hastings, Sunday Times <\/p>\n","protected":false},"excerpt":{"rendered":"<p>B\u00dcY\u00dcK TUZAK \u0130kinci D\u00fcnya Sava\u015f\u0131\u2019n\u0131n d\u00f6n\u00fcm noktas\u0131 olan 6 Haziran 1944 g\u00fcn\u00fc M\u00fcttefikler silahlarla bir zafer elde etmi\u015flerdi. Ama bu ayn\u0131 zamanda farkl\u0131 t\u00fcrden bir operasyonun<span class=\"excerpt-hellip\"> [\u2026]<\/span><\/p>\n","protected":false},"featured_media":0,"template":"","meta":{"_monsterinsights_skip_tracking":false,"_monsterinsights_sitenote_active":false,"_monsterinsights_sitenote_note":"","_monsterinsights_sitenote_category":0},"product_brand":[],"product_cat":[12304],"product_tag":[],"class_list":{"0":"post-765019","1":"product","2":"type-product","3":"status-publish","5":"product_cat-tarih","6":"pa_cilt-ciltsiz","7":"pa_tur-kitap","8":"pa_yayinevi-say-yayinlari","9":"pa_yazar-ben-macintyre","11":"first","12":"instock","13":"sale","14":"shipping-taxable","15":"purchasable","16":"product-type-simple"},"_links":{"self":[{"href":"https:\/\/roveyayinevi.com.tr\/index.php\/wp-json\/wp\/v2\/product\/765019","targetHints":{"allow":["GET"]}}],"collection":[{"href":"https:\/\/roveyayinevi.com.tr\/index.php\/wp-json\/wp\/v2\/product"}],"about":[{"href":"https:\/\/roveyayinevi.com.tr\/index.php\/wp-json\/wp\/v2\/types\/product"}],"wp:attachment":[{"href":"https:\/\/roveyayinevi.com.tr\/index.php\/wp-json\/wp\/v2\/media?parent=765019"}],"wp:term":[{"taxonomy":"product_brand","embeddable":true,"href":"https:\/\/roveyayinevi.com.tr\/index.php\/wp-json\/wp\/v2\/product_brand?post=765019"},{"taxonomy":"product_cat","embeddable":true,"href":"https:\/\/roveyayinevi.com.tr\/index.php\/wp-json\/wp\/v2\/product_cat?post=765019"},{"taxonomy":"product_tag","embeddable":true,"href":"https:\/\/roveyayinevi.com.tr\/index.php\/wp-json\/wp\/v2\/product_tag?post=765019"}],"curies":[{"name":"wp","href":"https:\/\/api.w.org\/{rel}","templated":true}]}}