{"id":765016,"date":"2025-08-28T11:28:50","date_gmt":"2025-08-28T08:28:50","guid":{"rendered":"https:\/\/roveyayinevi.com.tr\/index.php\/urun\/insan-4\/"},"modified":"2026-04-15T03:30:51","modified_gmt":"2026-04-15T00:30:51","slug":"insan-4","status":"publish","type":"product","link":"https:\/\/roveyayinevi.com.tr\/index.php\/urun\/insan-4\/","title":{"rendered":"\u0130nsan"},"content":{"rendered":"<p>K\u00f6klerinden ba\u011f\u0131ms\u0131z ye\u015feren bir a\u011fa\u00e7 d\u00fc\u015f\u00fcnmek m\u00fcmk\u00fcn m\u00fc? Hepimiz atalar\u0131m\u0131z\u0131n duygular\u0131, d\u00fc\u015f\u00fcnceleri, hat\u0131ralar\u0131 ve anlat\u0131lar\u0131yla d\u00fcnyaya geldik. Kendimizi bulma ve dahas\u0131 \u0130NS+AN olma yolunda soluksuz bir maceraya at\u0131larak \u015fekillendik. Bilge bir profes\u00f6r ve gen\u00e7 \u00f6\u011fretmenin sohbetlerinde kaybolurken \u0130NS+AN\u2019a dair ke\u015fifler yapacak hayat\u0131n\u0131z\u0131 t\u00fcm ge\u00e7mi\u015fiyle sorgulayacak, gelece\u011fe umutla bakman\u0131n ayd\u0131nl\u0131\u011f\u0131na kavu\u015facaks\u0131n\u0131z. Birbirinden farkl\u0131 hayatlar\u0131n i\u00e7inde kaybolmaya haz\u0131rsan\u0131z bu samimi ve derin muhabbete siz de davetlisiniz\u2026 <\/p>\n","protected":false},"excerpt":{"rendered":"<p>K\u00f6klerinden ba\u011f\u0131ms\u0131z ye\u015feren bir a\u011fa\u00e7 d\u00fc\u015f\u00fcnmek m\u00fcmk\u00fcn m\u00fc? Hepimiz atalar\u0131m\u0131z\u0131n duygular\u0131, d\u00fc\u015f\u00fcnceleri, hat\u0131ralar\u0131 ve anlat\u0131lar\u0131yla d\u00fcnyaya geldik. Kendimizi bulma ve dahas\u0131 \u0130NS+AN olma yolunda soluksuz bir<span class=\"excerpt-hellip\"> [\u2026]<\/span><\/p>\n","protected":false},"featured_media":0,"template":"","meta":{"_monsterinsights_skip_tracking":false,"_monsterinsights_sitenote_active":false,"_monsterinsights_sitenote_note":"","_monsterinsights_sitenote_category":0},"product_brand":[],"product_cat":[12291,12711],"product_tag":[],"class_list":{"0":"post-765016","1":"product","2":"type-product","3":"status-publish","5":"product_cat-edebiyat","6":"product_cat-roman-oyku","7":"pa_cilt-ciltsiz","8":"pa_tur-kitap","9":"pa_yayinevi-fa-yayinlari","10":"pa_yazar-nese-demirel-cetiner","12":"first","13":"instock","14":"sale","15":"shipping-taxable","16":"purchasable","17":"product-type-simple"},"_links":{"self":[{"href":"https:\/\/roveyayinevi.com.tr\/index.php\/wp-json\/wp\/v2\/product\/765016","targetHints":{"allow":["GET"]}}],"collection":[{"href":"https:\/\/roveyayinevi.com.tr\/index.php\/wp-json\/wp\/v2\/product"}],"about":[{"href":"https:\/\/roveyayinevi.com.tr\/index.php\/wp-json\/wp\/v2\/types\/product"}],"wp:attachment":[{"href":"https:\/\/roveyayinevi.com.tr\/index.php\/wp-json\/wp\/v2\/media?parent=765016"}],"wp:term":[{"taxonomy":"product_brand","embeddable":true,"href":"https:\/\/roveyayinevi.com.tr\/index.php\/wp-json\/wp\/v2\/product_brand?post=765016"},{"taxonomy":"product_cat","embeddable":true,"href":"https:\/\/roveyayinevi.com.tr\/index.php\/wp-json\/wp\/v2\/product_cat?post=765016"},{"taxonomy":"product_tag","embeddable":true,"href":"https:\/\/roveyayinevi.com.tr\/index.php\/wp-json\/wp\/v2\/product_tag?post=765016"}],"curies":[{"name":"wp","href":"https:\/\/api.w.org\/{rel}","templated":true}]}}