{"id":765012,"date":"2025-08-28T11:28:42","date_gmt":"2025-08-28T08:28:42","guid":{"rendered":"https:\/\/roveyayinevi.com.tr\/index.php\/urun\/disney-muhtesem-maceralar-cilgin-bir-sovalyenin-gunlukleri\/"},"modified":"2026-04-15T03:30:51","modified_gmt":"2026-04-15T00:30:51","slug":"disney-muhtesem-maceralar-cilgin-bir-sovalyenin-gunlukleri","status":"publish","type":"product","link":"https:\/\/roveyayinevi.com.tr\/index.php\/urun\/disney-muhtesem-maceralar-cilgin-bir-sovalyenin-gunlukleri\/","title":{"rendered":"Disney Muhte\u015fem Maceralar \u00c7\u0131lg\u0131n Bir \u015eovalyenin G\u00fcnl\u00fckleri"},"content":{"rendered":"<p>S\u00f6r \u0130ntikamc\u0131 \u00d6rdek\u2019in Orta \u00c7a\u011f\u2019da ge\u00e7en fantastik maceralar\u0131na kat\u0131l! Kral Varyemez Pendragon\u2019un krall\u0131\u011f\u0131ndaki Yaver Donald, Yoncayaprakl\u0131 S\u00f6r Gladstone ve Kazburglu S\u00f6r Gus Kaz gibi ALTIN MASA \u015e\u00d6VALYELER\u0130 kadar \u00fcnl\u00fc bir \u015f\u00f6valye olman\u0131n HAYAL\u0130N\u0130 kurmaktad\u0131r. Bir g\u00fcn \u00fcnl\u00fc simyac\u0131 Gyro Trimegisto\u2019nun hayat\u0131n\u0131 kurtar\u0131r ve simyac\u0131 onu S\u0130H\u0130RL\u0130 B\u0130R MADALYONLA \u00f6d\u00fcllendirir. Bu madalyon sayesinde Donald, S\u00d6R \u0130NT\u0130KAMCI \u00d6RDEK ad\u0131nda maskeli bir \u015f\u00f6valyeye d\u00f6n\u00fc\u015f\u00fcr fakat K\u0130ML\u0130\u011e\u0130N\u0130 SIR OLARAK SAKLAMAK zorundad\u0131r\u2026<\/p>\n","protected":false},"excerpt":{"rendered":"<p>S\u00f6r \u0130ntikamc\u0131 \u00d6rdek\u2019in Orta \u00c7a\u011f\u2019da ge\u00e7en fantastik maceralar\u0131na kat\u0131l! Kral Varyemez Pendragon\u2019un krall\u0131\u011f\u0131ndaki Yaver Donald, Yoncayaprakl\u0131 S\u00f6r Gladstone ve Kazburglu S\u00f6r Gus Kaz gibi ALTIN MASA<span class=\"excerpt-hellip\"> [\u2026]<\/span><\/p>\n","protected":false},"featured_media":0,"template":"","meta":{"_monsterinsights_skip_tracking":false,"_monsterinsights_sitenote_active":false,"_monsterinsights_sitenote_note":"","_monsterinsights_sitenote_category":0},"product_brand":[],"product_cat":[12689,12274],"product_tag":[],"class_list":{"0":"post-765012","1":"product","2":"type-product","3":"status-publish","5":"product_cat-cizgi-roman-cocuk-ve-genclik-kitaplari","6":"product_cat-cocuk-ve-genclik-kitaplari","7":"pa_cilt-ciltsiz","8":"pa_tur-kitap","9":"pa_yayinevi-beta-kids","10":"pa_yazar-lynn-waggoner","12":"first","13":"instock","14":"sale","15":"shipping-taxable","16":"purchasable","17":"product-type-simple"},"_links":{"self":[{"href":"https:\/\/roveyayinevi.com.tr\/index.php\/wp-json\/wp\/v2\/product\/765012","targetHints":{"allow":["GET"]}}],"collection":[{"href":"https:\/\/roveyayinevi.com.tr\/index.php\/wp-json\/wp\/v2\/product"}],"about":[{"href":"https:\/\/roveyayinevi.com.tr\/index.php\/wp-json\/wp\/v2\/types\/product"}],"wp:attachment":[{"href":"https:\/\/roveyayinevi.com.tr\/index.php\/wp-json\/wp\/v2\/media?parent=765012"}],"wp:term":[{"taxonomy":"product_brand","embeddable":true,"href":"https:\/\/roveyayinevi.com.tr\/index.php\/wp-json\/wp\/v2\/product_brand?post=765012"},{"taxonomy":"product_cat","embeddable":true,"href":"https:\/\/roveyayinevi.com.tr\/index.php\/wp-json\/wp\/v2\/product_cat?post=765012"},{"taxonomy":"product_tag","embeddable":true,"href":"https:\/\/roveyayinevi.com.tr\/index.php\/wp-json\/wp\/v2\/product_tag?post=765012"}],"curies":[{"name":"wp","href":"https:\/\/api.w.org\/{rel}","templated":true}]}}