{"id":765011,"date":"2025-08-28T11:28:40","date_gmt":"2025-08-28T08:28:40","guid":{"rendered":"https:\/\/roveyayinevi.com.tr\/index.php\/urun\/dan-ve-oluler-1\/"},"modified":"2026-04-15T03:30:51","modified_gmt":"2026-04-15T00:30:51","slug":"dan-ve-oluler-1","status":"publish","type":"product","link":"https:\/\/roveyayinevi.com.tr\/index.php\/urun\/dan-ve-oluler-1\/","title":{"rendered":"Dan ve \u00d6l\u00fcler 1"},"content":{"rendered":"<p>Dan s\u0131radan bir \u00e7ocuk de\u011fil. Hayaletleri g\u00f6rebiliyor, onlarla konu\u015fabiliyor hatta onlar\u0131n sorunlar\u0131n\u0131 \u00e7\u00f6zmeye \u00e7al\u0131\u015f\u0131yor. Ama bu yetene\u011fi ona sadece hayaletlerle dolu, gizemli ve tehlikeli bir d\u00fcnya sunmakla kalmaz; ayn\u0131 zamanda s\u0131rlarla dolu bir maceran\u0131n da kap\u0131lar\u0131n\u0131 a\u00e7ar.Dan bir g\u00fcn sessiz kasabas\u0131ndan \u00e7\u0131k\u0131p, hayaletlerin f\u0131s\u0131ldad\u0131\u011f\u0131 karanl\u0131k s\u0131rlar\u0131 ortaya \u00e7\u0131karmaya karar verir. Ancak bu yolculukta yaln\u0131z de\u011fil! Ona, gizemli bir ge\u00e7mi\u015f olan hayalet Simon e\u015flik eder. Dan ve Simon, unutulmu\u015f hazinelerin pe\u015fine d\u00fc\u015ferken, \u00f6l\u00fclerin d\u00fcnyas\u0131 ile ya\u015fayanlar\u0131n d\u00fcnyas\u0131 aras\u0131ndaki s\u0131n\u0131rlar gittik\u00e7e bulan\u0131kla\u015f\u0131r.Dikkatli Olun!Lanetli ill\u00fczyonlar\u0131 olan \u00f6l\u00fc bir sihirbaz ve karanl\u0131k planlar\u0131 olan bir h\u0131rs\u0131z, her ad\u0131mda Dan&#8217;in pe\u015finde! Dan, bu zorlu g\u00f6revde sadece hayaletlerin yard\u0131m\u0131na de\u011fil, kendi cesaretine ve zekas\u0131na da g\u00fcvenmek zorunda.<\/p>\n","protected":false},"excerpt":{"rendered":"<p>Dan s\u0131radan bir \u00e7ocuk de\u011fil. Hayaletleri g\u00f6rebiliyor, onlarla konu\u015fabiliyor hatta onlar\u0131n sorunlar\u0131n\u0131 \u00e7\u00f6zmeye \u00e7al\u0131\u015f\u0131yor. Ama bu yetene\u011fi ona sadece hayaletlerle dolu, gizemli ve tehlikeli bir d\u00fcnya<span class=\"excerpt-hellip\"> [\u2026]<\/span><\/p>\n","protected":false},"featured_media":0,"template":"","meta":{"_monsterinsights_skip_tracking":false,"_monsterinsights_sitenote_active":false,"_monsterinsights_sitenote_note":"","_monsterinsights_sitenote_category":0},"product_brand":[],"product_cat":[12274,12284],"product_tag":[],"class_list":{"0":"post-765011","1":"product","2":"type-product","3":"status-publish","5":"product_cat-cocuk-ve-genclik-kitaplari","6":"product_cat-hikayeler","7":"pa_cilt-ciltsiz","8":"pa_tur-kitap","9":"pa_yayinevi-genc-timas","10":"pa_yazar-thomas-taylor","12":"first","13":"instock","14":"sale","15":"shipping-taxable","16":"purchasable","17":"product-type-simple"},"_links":{"self":[{"href":"https:\/\/roveyayinevi.com.tr\/index.php\/wp-json\/wp\/v2\/product\/765011","targetHints":{"allow":["GET"]}}],"collection":[{"href":"https:\/\/roveyayinevi.com.tr\/index.php\/wp-json\/wp\/v2\/product"}],"about":[{"href":"https:\/\/roveyayinevi.com.tr\/index.php\/wp-json\/wp\/v2\/types\/product"}],"wp:attachment":[{"href":"https:\/\/roveyayinevi.com.tr\/index.php\/wp-json\/wp\/v2\/media?parent=765011"}],"wp:term":[{"taxonomy":"product_brand","embeddable":true,"href":"https:\/\/roveyayinevi.com.tr\/index.php\/wp-json\/wp\/v2\/product_brand?post=765011"},{"taxonomy":"product_cat","embeddable":true,"href":"https:\/\/roveyayinevi.com.tr\/index.php\/wp-json\/wp\/v2\/product_cat?post=765011"},{"taxonomy":"product_tag","embeddable":true,"href":"https:\/\/roveyayinevi.com.tr\/index.php\/wp-json\/wp\/v2\/product_tag?post=765011"}],"curies":[{"name":"wp","href":"https:\/\/api.w.org\/{rel}","templated":true}]}}