{"id":765010,"date":"2025-08-28T11:28:39","date_gmt":"2025-08-28T08:28:39","guid":{"rendered":"https:\/\/roveyayinevi.com.tr\/index.php\/urun\/disney-muhtesem-maceralar-korku-kusagi\/"},"modified":"2026-04-15T03:30:51","modified_gmt":"2026-04-15T00:30:51","slug":"disney-muhtesem-maceralar-korku-kusagi","status":"publish","type":"product","link":"https:\/\/roveyayinevi.com.tr\/index.php\/urun\/disney-muhtesem-maceralar-korku-kusagi\/","title":{"rendered":"Disney Muhte\u015fem Maceralar Korku Ku\u015fa\u011f\u0131"},"content":{"rendered":"<p>T\u00fcm d\u00fcnyada sevilen \u00fc\u00e7\u00fczler Cin, Can ve Cem\u2019le nefes kesici bir macera seni \u00e7a\u011f\u0131r\u0131yor! C\u0130N, CAN ve CEM, VAKVAKKENT OKULU\u2019NDA \u015fakac\u0131l\u0131ktan mezun oluyor ve d\u00fcnyay\u0131 gezmek \u00fczere \u00f6\u011frenci temsilcili\u011fi g\u00f6revini \u00fcstleniyorlar. Ancak \u00dcRK\u00dcN\u00c7 ve TUHAF olaylar\u0131 incelemek \u00fczere DEDEKT\u0130FL\u0130K yapacaklar\u0131n\u0131 hen\u00fcz bilmiyorlar. Gen\u00e7 \u00f6rdeklerimiz, \u00fcrk\u00fct\u00fcc\u00fc s\u00fcrprizlerle dolu MACERALARA at\u0131lacak, yepyeni \u015fehirlerde kar\u015f\u0131la\u015ft\u0131klar\u0131 korkun\u00e7 G\u0130ZEMLER\u0130 \u00e7ok ge\u00e7 olmadan \u00e7\u00f6zmeye \u00e7al\u0131\u015facaklar! Acaba \u00fc\u00e7\u00fczlerimiz g\u00fcn\u00fc kurtarabilecek mi? Muhte\u015fem Maceralar dizisindeki \u00e7izgi romanlarda, en sevdi\u011fin Disney karakterleriyle yepyeni maceralar seni bekliyor!<\/p>\n","protected":false},"excerpt":{"rendered":"<p>T\u00fcm d\u00fcnyada sevilen \u00fc\u00e7\u00fczler Cin, Can ve Cem\u2019le nefes kesici bir macera seni \u00e7a\u011f\u0131r\u0131yor! C\u0130N, CAN ve CEM, VAKVAKKENT OKULU\u2019NDA \u015fakac\u0131l\u0131ktan mezun oluyor ve d\u00fcnyay\u0131 gezmek<span class=\"excerpt-hellip\"> [\u2026]<\/span><\/p>\n","protected":false},"featured_media":0,"template":"","meta":{"_monsterinsights_skip_tracking":false,"_monsterinsights_sitenote_active":false,"_monsterinsights_sitenote_note":"","_monsterinsights_sitenote_category":0},"product_brand":[],"product_cat":[12689,12274],"product_tag":[],"class_list":{"0":"post-765010","1":"product","2":"type-product","3":"status-publish","5":"product_cat-cizgi-roman-cocuk-ve-genclik-kitaplari","6":"product_cat-cocuk-ve-genclik-kitaplari","7":"pa_cilt-ciltsiz","8":"pa_tur-kitap","9":"pa_yayinevi-beta-kids","10":"pa_yazar-kolektif","12":"first","13":"instock","14":"sale","15":"shipping-taxable","16":"purchasable","17":"product-type-simple"},"_links":{"self":[{"href":"https:\/\/roveyayinevi.com.tr\/index.php\/wp-json\/wp\/v2\/product\/765010","targetHints":{"allow":["GET"]}}],"collection":[{"href":"https:\/\/roveyayinevi.com.tr\/index.php\/wp-json\/wp\/v2\/product"}],"about":[{"href":"https:\/\/roveyayinevi.com.tr\/index.php\/wp-json\/wp\/v2\/types\/product"}],"wp:attachment":[{"href":"https:\/\/roveyayinevi.com.tr\/index.php\/wp-json\/wp\/v2\/media?parent=765010"}],"wp:term":[{"taxonomy":"product_brand","embeddable":true,"href":"https:\/\/roveyayinevi.com.tr\/index.php\/wp-json\/wp\/v2\/product_brand?post=765010"},{"taxonomy":"product_cat","embeddable":true,"href":"https:\/\/roveyayinevi.com.tr\/index.php\/wp-json\/wp\/v2\/product_cat?post=765010"},{"taxonomy":"product_tag","embeddable":true,"href":"https:\/\/roveyayinevi.com.tr\/index.php\/wp-json\/wp\/v2\/product_tag?post=765010"}],"curies":[{"name":"wp","href":"https:\/\/api.w.org\/{rel}","templated":true}]}}