{"id":765009,"date":"2025-08-28T11:28:37","date_gmt":"2025-08-28T08:28:37","guid":{"rendered":"https:\/\/roveyayinevi.com.tr\/index.php\/urun\/disney-muhtesem-maceralar-minnie-ve-daisy-casus-gucu\/"},"modified":"2026-04-15T03:30:51","modified_gmt":"2026-04-15T00:30:51","slug":"disney-muhtesem-maceralar-minnie-ve-daisy-casus-gucu","status":"publish","type":"product","link":"https:\/\/roveyayinevi.com.tr\/index.php\/urun\/disney-muhtesem-maceralar-minnie-ve-daisy-casus-gucu\/","title":{"rendered":"Disney Muhte\u015fem Maceralar Minnie ve Daisy Casus G\u00fcc\u00fc"},"content":{"rendered":"<p>Minnie ve Daisy ile arkada\u015fl\u0131k, gizem, teknoloji ve modayla dopdolu bir maceraya haz\u0131r m\u0131s\u0131n? \u00dcniversitenin ilk y\u0131l\u0131ndaki iki \u00f6\u011frenci ULUSLARARASI AJAN olursa ortaya ne mi \u00e7\u0131kar? B\u0130R\u0130NC\u0130 SINIFI MACERALAR! Minnie ile Daisy \u00fcniversiteye yeni ba\u015flad\u0131 ama YA\u015eITLARININ \u00e7o\u011fu derslerle ve G\u00d6N\u00dcL i\u015fleriyle me\u015fgulken iki EN \u0130Y\u0130 DOST g\u00fc\u00e7lerini birle\u015ftirip K\u00d6T\u00dcLER\u0130N pe\u015fine d\u00fc\u015f\u00fcyor. AJAN-M saha operasyonlar\u0131n\u0131 y\u00f6netirken, AJAN-D de g\u00fcvenilir bir y\u00fcksek teknoloji uzman\u0131 olarak kontrol merkezinde \u00e7al\u0131\u015f\u0131yor. Ancak bazen rollerinden \u00e7\u0131kmalar\u0131 gerekebiliyor ki o zaman da kurtulmalar\u0131 gereken NEFES KES\u0130C\u0130 S\u00dcRPR\u0130ZLERLE kar\u015f\u0131 kar\u015f\u0131ya kal\u0131yorlar!<\/p>\n","protected":false},"excerpt":{"rendered":"<p>Minnie ve Daisy ile arkada\u015fl\u0131k, gizem, teknoloji ve modayla dopdolu bir maceraya haz\u0131r m\u0131s\u0131n? \u00dcniversitenin ilk y\u0131l\u0131ndaki iki \u00f6\u011frenci ULUSLARARASI AJAN olursa ortaya ne mi \u00e7\u0131kar?<span class=\"excerpt-hellip\"> [\u2026]<\/span><\/p>\n","protected":false},"featured_media":0,"template":"","meta":{"_monsterinsights_skip_tracking":false,"_monsterinsights_sitenote_active":false,"_monsterinsights_sitenote_note":"","_monsterinsights_sitenote_category":0},"product_brand":[],"product_cat":[12689,12274],"product_tag":[],"class_list":{"0":"post-765009","1":"product","2":"type-product","3":"status-publish","5":"product_cat-cizgi-roman-cocuk-ve-genclik-kitaplari","6":"product_cat-cocuk-ve-genclik-kitaplari","7":"pa_cilt-ciltsiz","8":"pa_tur-kitap","9":"pa_yayinevi-beta-kids","10":"pa_yazar-kolektif","12":"first","13":"instock","14":"sale","15":"shipping-taxable","16":"purchasable","17":"product-type-simple"},"_links":{"self":[{"href":"https:\/\/roveyayinevi.com.tr\/index.php\/wp-json\/wp\/v2\/product\/765009","targetHints":{"allow":["GET"]}}],"collection":[{"href":"https:\/\/roveyayinevi.com.tr\/index.php\/wp-json\/wp\/v2\/product"}],"about":[{"href":"https:\/\/roveyayinevi.com.tr\/index.php\/wp-json\/wp\/v2\/types\/product"}],"wp:attachment":[{"href":"https:\/\/roveyayinevi.com.tr\/index.php\/wp-json\/wp\/v2\/media?parent=765009"}],"wp:term":[{"taxonomy":"product_brand","embeddable":true,"href":"https:\/\/roveyayinevi.com.tr\/index.php\/wp-json\/wp\/v2\/product_brand?post=765009"},{"taxonomy":"product_cat","embeddable":true,"href":"https:\/\/roveyayinevi.com.tr\/index.php\/wp-json\/wp\/v2\/product_cat?post=765009"},{"taxonomy":"product_tag","embeddable":true,"href":"https:\/\/roveyayinevi.com.tr\/index.php\/wp-json\/wp\/v2\/product_tag?post=765009"}],"curies":[{"name":"wp","href":"https:\/\/api.w.org\/{rel}","templated":true}]}}