{"id":765002,"date":"2025-08-28T11:28:24","date_gmt":"2025-08-28T08:28:24","guid":{"rendered":"https:\/\/roveyayinevi.com.tr\/index.php\/urun\/bildigin-gibi-degil-2\/"},"modified":"2026-04-15T03:30:51","modified_gmt":"2026-04-15T00:30:51","slug":"bildigin-gibi-degil-2","status":"publish","type":"product","link":"https:\/\/roveyayinevi.com.tr\/index.php\/urun\/bildigin-gibi-degil-2\/","title":{"rendered":"Bildi\u011fin Gibi De\u011fil !"},"content":{"rendered":"<p>\u201c\u015eiir\u201din yeri ayr\u0131! G\u00f6n\u00fcllerin taht\u0131na, hem de ba\u015fk\u00f6\u015feye kurulur her zaman. \u201cKalemim var , h\u00e2l\u00e2 yazabilirim . G\u00fc\u00e7l\u00fc kafiyeler dizebilirim . \u015eiirle zincirler \u00e7\u00f6zebilirim , K\u0131l\u0131\u00e7tan keskindir , kalemin ucu .\u201d   \u201cEy Felek , bir deyiver , talebin nedir benden , Y\u0131llarca yerden yere , \u00e7ald\u0131\u011f\u0131n yetmedi mi ? Bir can\u0131 var onu da , verecek na\u00e7iz beden , Bunca fani can\u0131n\u0131 ald\u0131\u011f\u0131n yetmedi mi ?\u201d \u0130nsan\u0131 duygudan duyguya yolculu\u011fa \u00e7\u0131kar\u0131r ve bunun i\u00e7in etkili silahlar\u0131 vard\u0131r: Kelimeler!                \u201cSessizce gidece\u011fim gecelerinden , Yast\u0131\u011f\u0131m\u0131n \u00fcst\u00fcne Z\u00fcmr\u00fcd\u00fcanka\u2019n\u0131n t\u00fcy\u00fc konacak Ve solgun bir g\u00fcl yapra\u011f\u0131 d\u00fc\u015fecek yere, Duymayacaks\u0131n.\u201d \u0130lk ve vazge\u00e7ilmez edebi t\u00fcr olan \u015fiir, her ne kadar y\u0131prat\u0131lsa, dejenere edilse, karakteri zay\u0131flat\u0131lmaya \u00e7al\u0131\u015f\u0131lsa da, daha g\u00fc\u00e7l\u00fc bir hayk\u0131r\u0131\u015fla her dem yeniden do\u011far.  \u201c\u0130mgelerin i\u00e7inde bo\u011fuluyorum , Devrik c\u00fcmlelerim k\u0131yama kalkt\u0131 Metaforlar isyan ediyor y\u00fckledi\u011fim anlamlara Kafiyelere s\u00f6z\u00fcm ge\u00e7miyor Hece \u00f6l\u00e7\u00fclerine s\u0131\u011fm\u0131yor kelimeler Co\u015fkun seller gibi ta\u015f\u0131yorlar aruz kal\u0131plar\u0131ndan. Kelimelerimi serbest b\u0131rak\u0131yorum , Hepsi s\u00f6zle\u015fmi\u015f gibi terk ediyorlar , \u201cDuygulan\u0131p , \u015fiir olaca\u011f\u0131z!\u201d diyorlar. Keyifle arkalar\u0131ndan bak\u0131yorum . \u015eiir yazmak , bildi\u011fin gibi de\u011fil !\u201d                 Bu kitapta yaln\u0131zca \u201c\u015e\u0130\u0130R\u201d bekliyor, \u00f6zleme gark olmu\u015f g\u00f6n\u00fclleri. <\/p>\n","protected":false},"excerpt":{"rendered":"<p>\u201c\u015eiir\u201din yeri ayr\u0131! G\u00f6n\u00fcllerin taht\u0131na, hem de ba\u015fk\u00f6\u015feye kurulur her zaman. \u201cKalemim var , h\u00e2l\u00e2 yazabilirim . G\u00fc\u00e7l\u00fc kafiyeler dizebilirim . \u015eiirle zincirler \u00e7\u00f6zebilirim , K\u0131l\u0131\u00e7tan<span class=\"excerpt-hellip\"> [\u2026]<\/span><\/p>\n","protected":false},"featured_media":0,"template":"","meta":{"_monsterinsights_skip_tracking":false,"_monsterinsights_sitenote_active":false,"_monsterinsights_sitenote_note":"","_monsterinsights_sitenote_category":0},"product_brand":[],"product_cat":[12291,12509],"product_tag":[],"class_list":{"0":"post-765002","1":"product","2":"type-product","3":"status-publish","5":"product_cat-edebiyat","6":"product_cat-siir","7":"pa_cilt-ciltsiz","8":"pa_tur-kitap","9":"pa_yayinevi-kaptan-kitap","10":"pa_yazar-hakan-karci","12":"first","13":"instock","14":"sale","15":"shipping-taxable","16":"purchasable","17":"product-type-simple"},"_links":{"self":[{"href":"https:\/\/roveyayinevi.com.tr\/index.php\/wp-json\/wp\/v2\/product\/765002","targetHints":{"allow":["GET"]}}],"collection":[{"href":"https:\/\/roveyayinevi.com.tr\/index.php\/wp-json\/wp\/v2\/product"}],"about":[{"href":"https:\/\/roveyayinevi.com.tr\/index.php\/wp-json\/wp\/v2\/types\/product"}],"wp:attachment":[{"href":"https:\/\/roveyayinevi.com.tr\/index.php\/wp-json\/wp\/v2\/media?parent=765002"}],"wp:term":[{"taxonomy":"product_brand","embeddable":true,"href":"https:\/\/roveyayinevi.com.tr\/index.php\/wp-json\/wp\/v2\/product_brand?post=765002"},{"taxonomy":"product_cat","embeddable":true,"href":"https:\/\/roveyayinevi.com.tr\/index.php\/wp-json\/wp\/v2\/product_cat?post=765002"},{"taxonomy":"product_tag","embeddable":true,"href":"https:\/\/roveyayinevi.com.tr\/index.php\/wp-json\/wp\/v2\/product_tag?post=765002"}],"curies":[{"name":"wp","href":"https:\/\/api.w.org\/{rel}","templated":true}]}}