{"id":765000,"date":"2025-08-28T11:28:21","date_gmt":"2025-08-28T08:28:21","guid":{"rendered":"https:\/\/roveyayinevi.com.tr\/index.php\/urun\/osmanli-mutfagindan-yemekler\/"},"modified":"2026-04-15T03:30:51","modified_gmt":"2026-04-15T00:30:51","slug":"osmanli-mutfagindan-yemekler","status":"publish","type":"product","link":"https:\/\/roveyayinevi.com.tr\/index.php\/urun\/osmanli-mutfagindan-yemekler\/","title":{"rendered":"Osmanl\u0131 Mutfa\u011f\u0131\u2019ndan Yemekler"},"content":{"rendered":"<p>Zengin bir mutfa\u011fa sahibiz, malum. As\u0131rlarca \u00fc\u00e7 k\u0131tada, geni\u015f bir co\u011frafyaya h\u00fckmetmi\u015f olan Osmanl\u0131 \u0130mparatorlu\u011fu, ge\u00e7mi\u015ften gelen yemek k\u00fclt\u00fcr\u00fcm\u00fcz\u00fc, bu topraklarda ya\u015fam\u0131\u015f bir\u00e7ok k\u00fclt\u00fcr ile harmanlam\u0131\u015f ve envai\u00e7e\u015fit yeme\u011fe sahip bir mutfa\u011fa sahip olman\u0131n keyfini \u00e7\u0131kararak damak zevkini ihmal etmemi\u015f. Bunun en sa\u011flam kan\u0131tlar\u0131ndan biri de bu kitap olacak. \u00c7orbalar, Kebaplar, K\u00fclbast\u0131lar, Yahniler, Tava ve Pilakiler, B\u00f6rek ve Hamur \u0130\u015fleri, K\u00f6fte ve M\u00fccverler, Dolmalar, Pilavlar ile Di\u011fer Yemekler olmak \u00fczere 10 ayr\u0131 b\u00f6l\u00fcmde, M\u00fclebbes Dolma\u2019dan, \u015eeyh\u2019\u00fcl-Mah\u015f\u00ee\u2019ye, Arife K\u00f6ftesi\u2019nden, Fincan B\u00f6re\u011fi\u2019ne, Nohut \u00c7orbas\u0131\u2019ndan, M\u00fcba\u015fir Kebab\u0131\u2019na, \u00c7evgani M\u00fccveri\u2019nden, Uskumru Bal\u0131\u011f\u0131ndan Papaz Yahnisi\u2019ne, Kavun Dolmas\u0131\u2019ndan, Medk\u00fbne\u2019ye kadar, birbirinden orijinal 230\u2019dan fazla yemek tarifi yer al\u0131yor bu m\u00fcstesna kitapta. Yay\u0131nevimiz taraf\u0131ndan, daha \u00f6nce, g\u00fcn\u00fcm\u00fcz T\u00fcrk\u00e7esi ve g\u00fcn\u00fcm\u00fcz \u00f6l\u00e7\u00fc birimleri ile yay\u0131mlanarak okuyucunun istifadesine sunulan, 1844 y\u0131l\u0131nda Mehmed Kamil taraf\u0131ndan kaleme al\u0131nan ve bas\u0131lan ilk T\u00fcrk\u00e7e yemek kitab\u0131 olarak bilinen Melce\u00fc\u2019t-Tabb\u00e2h\u00een (A\u015f\u00e7\u0131lar\u0131n S\u0131\u011f\u0131na\u011f\u0131) ve 1858 y\u0131l\u0131 civar\u0131nda Ali E\u015fref Dede taraf\u0131ndan yaz\u0131lm\u0131\u015f Ali E\u015fref Dede\u2019ye Ait Yemek Risalesi adl\u0131 kitaplarda yer alan yemek tarifleri tekrar g\u00f6zden ge\u00e7irilip, kar\u015f\u0131la\u015ft\u0131rma yap\u0131lmas\u0131na imk\u00e2n verecek \u015fekilde s\u0131n\u0131fland\u0131r\u0131larak bu kitapta okuyucunun be\u011fenisine sunulmu\u015f, mutfaklar\u0131m\u0131za Osmanl\u0131 Mutfa\u011f\u0131\u2019na dair yeni bir kaynak eser kazand\u0131r\u0131lm\u0131\u015ft\u0131r. Bir yemek kitab\u0131 olmas\u0131 nedeniyle kullan\u0131m kolayl\u0131\u011f\u0131 sa\u011flamas\u0131 bak\u0131m\u0131ndan, ku\u015fe k\u00e2\u011f\u0131da \u00f6zenli bir bask\u0131yla haz\u0131rlanan bu kaynak eserin, kitapl\u0131klar\u0131m\u0131zda hak etti\u011fi yeri bulaca\u011f\u0131na inan\u0131yoruz. Yay\u0131nevimizin okuyucular\u0131 ile birlikte \u00e7\u0131kt\u0131\u011f\u0131, \u201cdo\u011fru rota ile yeni ufuklara yolculu\u011fu\u201d, yemekle bar\u0131\u015f\u0131k herkesin ilgisini \u00e7ekece\u011fine emin oldu\u011fumuz bu harika eser ile devam ediyor. <\/p>\n","protected":false},"excerpt":{"rendered":"<p>Zengin bir mutfa\u011fa sahibiz, malum. As\u0131rlarca \u00fc\u00e7 k\u0131tada, geni\u015f bir co\u011frafyaya h\u00fckmetmi\u015f olan Osmanl\u0131 \u0130mparatorlu\u011fu, ge\u00e7mi\u015ften gelen yemek k\u00fclt\u00fcr\u00fcm\u00fcz\u00fc, bu topraklarda ya\u015fam\u0131\u015f bir\u00e7ok k\u00fclt\u00fcr ile harmanlam\u0131\u015f<span class=\"excerpt-hellip\"> [\u2026]<\/span><\/p>\n","protected":false},"featured_media":0,"template":"","meta":{"_monsterinsights_skip_tracking":false,"_monsterinsights_sitenote_active":false,"_monsterinsights_sitenote_note":"","_monsterinsights_sitenote_category":0},"product_brand":[],"product_cat":[12457],"product_tag":[],"class_list":{"0":"post-765000","1":"product","2":"type-product","3":"status-publish","5":"product_cat-yemek-kitaplari","6":"pa_cilt-ciltsiz","7":"pa_tur-kitap","8":"pa_yayinevi-kaptan-kitap","9":"pa_yazar-mehmed-kamil-ali-esref-dede","11":"first","12":"instock","13":"sale","14":"shipping-taxable","15":"purchasable","16":"product-type-simple"},"_links":{"self":[{"href":"https:\/\/roveyayinevi.com.tr\/index.php\/wp-json\/wp\/v2\/product\/765000","targetHints":{"allow":["GET"]}}],"collection":[{"href":"https:\/\/roveyayinevi.com.tr\/index.php\/wp-json\/wp\/v2\/product"}],"about":[{"href":"https:\/\/roveyayinevi.com.tr\/index.php\/wp-json\/wp\/v2\/types\/product"}],"wp:attachment":[{"href":"https:\/\/roveyayinevi.com.tr\/index.php\/wp-json\/wp\/v2\/media?parent=765000"}],"wp:term":[{"taxonomy":"product_brand","embeddable":true,"href":"https:\/\/roveyayinevi.com.tr\/index.php\/wp-json\/wp\/v2\/product_brand?post=765000"},{"taxonomy":"product_cat","embeddable":true,"href":"https:\/\/roveyayinevi.com.tr\/index.php\/wp-json\/wp\/v2\/product_cat?post=765000"},{"taxonomy":"product_tag","embeddable":true,"href":"https:\/\/roveyayinevi.com.tr\/index.php\/wp-json\/wp\/v2\/product_tag?post=765000"}],"curies":[{"name":"wp","href":"https:\/\/api.w.org\/{rel}","templated":true}]}}