{"id":764999,"date":"2025-08-28T11:28:20","date_gmt":"2025-08-28T08:28:20","guid":{"rendered":"https:\/\/roveyayinevi.com.tr\/index.php\/urun\/ece-ile-yuce-2\/"},"modified":"2026-04-15T03:30:51","modified_gmt":"2026-04-15T00:30:51","slug":"ece-ile-yuce-2","status":"publish","type":"product","link":"https:\/\/roveyayinevi.com.tr\/index.php\/urun\/ece-ile-yuce-2\/","title":{"rendered":"Ece ile Y\u00fcce 2"},"content":{"rendered":"<p>Kitaplar\u0131yla ka\u00e7 ku\u015fa\u011f\u0131 b\u00fcy\u00fcten G\u00fclten Day\u0131o\u011flu\u2019nun Ece ile Y\u00fcce dizisinin K\u0131skan\u00e7 Bebekler &#8211; Ah \u015eu Televizyon &#8211; Ece Yazar Olmak \u0130stiyor Annem Beni Sevmiyor mu? hik\u00e2yelerini i\u00e7eren ikinci kitab\u0131 yeni okurlar\u0131yla bulu\u015fuyor.   Yazar\u0131n torunu gibi sevdi\u011fi kom\u015fu \u00e7ocu\u011fu Ece ve karde\u015fi Y\u00fcce\u2019nin hik\u00e2yelerini anlatt\u0131\u011f\u0131 bu diziyi Mustafa Delio\u011flu resimliyor. <\/p>\n","protected":false},"excerpt":{"rendered":"<p>Kitaplar\u0131yla ka\u00e7 ku\u015fa\u011f\u0131 b\u00fcy\u00fcten G\u00fclten Day\u0131o\u011flu\u2019nun Ece ile Y\u00fcce dizisinin K\u0131skan\u00e7 Bebekler &#8211; Ah \u015eu Televizyon &#8211; Ece Yazar Olmak \u0130stiyor Annem Beni Sevmiyor mu? hik\u00e2yelerini<span class=\"excerpt-hellip\"> [\u2026]<\/span><\/p>\n","protected":false},"featured_media":0,"template":"","meta":{"_monsterinsights_skip_tracking":false,"_monsterinsights_sitenote_active":false,"_monsterinsights_sitenote_note":"","_monsterinsights_sitenote_category":0},"product_brand":[],"product_cat":[12274,12284],"product_tag":[],"class_list":{"0":"post-764999","1":"product","2":"type-product","3":"status-publish","5":"product_cat-cocuk-ve-genclik-kitaplari","6":"product_cat-hikayeler","7":"pa_cilt-ciltsiz","8":"pa_tur-kitap","9":"pa_yayinevi-yapi-kredi-yayinlari","10":"pa_yazar-gulten-dayioglu","12":"first","13":"instock","14":"sale","15":"shipping-taxable","16":"purchasable","17":"product-type-simple"},"_links":{"self":[{"href":"https:\/\/roveyayinevi.com.tr\/index.php\/wp-json\/wp\/v2\/product\/764999","targetHints":{"allow":["GET"]}}],"collection":[{"href":"https:\/\/roveyayinevi.com.tr\/index.php\/wp-json\/wp\/v2\/product"}],"about":[{"href":"https:\/\/roveyayinevi.com.tr\/index.php\/wp-json\/wp\/v2\/types\/product"}],"wp:attachment":[{"href":"https:\/\/roveyayinevi.com.tr\/index.php\/wp-json\/wp\/v2\/media?parent=764999"}],"wp:term":[{"taxonomy":"product_brand","embeddable":true,"href":"https:\/\/roveyayinevi.com.tr\/index.php\/wp-json\/wp\/v2\/product_brand?post=764999"},{"taxonomy":"product_cat","embeddable":true,"href":"https:\/\/roveyayinevi.com.tr\/index.php\/wp-json\/wp\/v2\/product_cat?post=764999"},{"taxonomy":"product_tag","embeddable":true,"href":"https:\/\/roveyayinevi.com.tr\/index.php\/wp-json\/wp\/v2\/product_tag?post=764999"}],"curies":[{"name":"wp","href":"https:\/\/api.w.org\/{rel}","templated":true}]}}