{"id":764998,"date":"2025-08-28T11:28:18","date_gmt":"2025-08-28T08:28:18","guid":{"rendered":"https:\/\/roveyayinevi.com.tr\/index.php\/urun\/dan-ve-buzdan-piramit\/"},"modified":"2026-04-15T03:30:51","modified_gmt":"2026-04-15T00:30:51","slug":"dan-ve-buzdan-piramit","status":"publish","type":"product","link":"https:\/\/roveyayinevi.com.tr\/index.php\/urun\/dan-ve-buzdan-piramit\/","title":{"rendered":"Dan ve Buzdan Piramit"},"content":{"rendered":"<p>Dan&#8217;in hayaletlerle kurdu\u011fu ba\u011f, onu bu kez Londra&#8217;n\u0131n en y\u00fcksek noktas\u0131nda kimsenin cesaret edemeyece\u011fi bir g\u00f6revle y\u00fczle\u015ftiriyor.Ancak herkesin bilmesi gereken bir \u015fey var ki Dan hayaletlerin bile \u00e7ekindi\u011fi bir varl\u0131kla kar\u015f\u0131 kar\u015f\u0131ya!Dan ve hayalet dostu Simon, Buzdan Piramit&#8217;in i\u00e7inde d\u00f6nen paranormal olaylar\u0131n pe\u015fine d\u00fc\u015fer. \u0130kilimiz bu kez yaln\u0131z de\u011fil, ekipleri b\u00fcy\u00fcr ve K\u00fc\u00e7\u00fck Stacey ile gizemli Venn Specter da bu macerada onlar\u0131n yan\u0131na dahil olur. Ancak hayaletleri avlamaya \u00e7al\u0131\u015fan bir d\u00fczenbaz\u0131n varl\u0131\u011f\u0131, i\u015fleri daha da karma\u015f\u0131k hale getirir.Dan, hem kendini hem de arkada\u015flar\u0131n\u0131 bu lanetli canavardan kurtarabilecek mi? Yoksa buzdan bir piramidin i\u00e7inde sonsuza dek hapis mi olacaklar?<\/p>\n","protected":false},"excerpt":{"rendered":"<p>Dan&#8217;in hayaletlerle kurdu\u011fu ba\u011f, onu bu kez Londra&#8217;n\u0131n en y\u00fcksek noktas\u0131nda kimsenin cesaret edemeyece\u011fi bir g\u00f6revle y\u00fczle\u015ftiriyor.Ancak herkesin bilmesi gereken bir \u015fey var ki Dan hayaletlerin<span class=\"excerpt-hellip\"> [\u2026]<\/span><\/p>\n","protected":false},"featured_media":0,"template":"","meta":{"_monsterinsights_skip_tracking":false,"_monsterinsights_sitenote_active":false,"_monsterinsights_sitenote_note":"","_monsterinsights_sitenote_category":0},"product_brand":[],"product_cat":[12274,12284],"product_tag":[],"class_list":{"0":"post-764998","1":"product","2":"type-product","3":"status-publish","5":"product_cat-cocuk-ve-genclik-kitaplari","6":"product_cat-hikayeler","7":"pa_cilt-ciltsiz","8":"pa_tur-kitap","9":"pa_yayinevi-genc-timas","10":"pa_yazar-thomas-taylor","12":"first","13":"instock","14":"sale","15":"shipping-taxable","16":"purchasable","17":"product-type-simple"},"_links":{"self":[{"href":"https:\/\/roveyayinevi.com.tr\/index.php\/wp-json\/wp\/v2\/product\/764998","targetHints":{"allow":["GET"]}}],"collection":[{"href":"https:\/\/roveyayinevi.com.tr\/index.php\/wp-json\/wp\/v2\/product"}],"about":[{"href":"https:\/\/roveyayinevi.com.tr\/index.php\/wp-json\/wp\/v2\/types\/product"}],"wp:attachment":[{"href":"https:\/\/roveyayinevi.com.tr\/index.php\/wp-json\/wp\/v2\/media?parent=764998"}],"wp:term":[{"taxonomy":"product_brand","embeddable":true,"href":"https:\/\/roveyayinevi.com.tr\/index.php\/wp-json\/wp\/v2\/product_brand?post=764998"},{"taxonomy":"product_cat","embeddable":true,"href":"https:\/\/roveyayinevi.com.tr\/index.php\/wp-json\/wp\/v2\/product_cat?post=764998"},{"taxonomy":"product_tag","embeddable":true,"href":"https:\/\/roveyayinevi.com.tr\/index.php\/wp-json\/wp\/v2\/product_tag?post=764998"}],"curies":[{"name":"wp","href":"https:\/\/api.w.org\/{rel}","templated":true}]}}