{"id":764995,"date":"2025-08-28T11:28:11","date_gmt":"2025-08-28T08:28:11","guid":{"rendered":"https:\/\/roveyayinevi.com.tr\/index.php\/urun\/mono-logos\/"},"modified":"2026-04-15T03:30:51","modified_gmt":"2026-04-15T00:30:51","slug":"mono-logos","status":"publish","type":"product","link":"https:\/\/roveyayinevi.com.tr\/index.php\/urun\/mono-logos\/","title":{"rendered":"Mono \u2013 Logos"},"content":{"rendered":"<p>G\u00fcven Turan 1943\u2019te Sinop, Gerze\u2019de do\u011fdu. Orta\u00f6\u011frenimini Samsun\u2019da Maarif Koleji \u2019nde tamamlad\u0131. DTCF \u0130ngiliz Dili ve Edebiyat\u0131 B\u00f6l\u00fcm\u00fc\u2019n\u00fc bitirdi (1968). Ayn\u0131 \u00fcniversitede y\u00fcksek lisans\u0131n\u0131 tamamlad\u0131 (1973) ve \u0130ngilizce okutmanl\u0131\u011f\u0131 yapt\u0131. 1976-1995 y\u0131llar\u0131nda \u0130stanbul\u2019da reklamc\u0131l\u0131k alan\u0131nda \u00e7al\u0131\u015ft\u0131. 1996\u2019dan beri Yap\u0131 Kredi Yay\u0131nlar\u0131\u2019nda g\u00f6rev yap\u0131yor.   Dalyan ile 1979 T\u00fcrk Dil Kurumu Roman \u00d6d\u00fcl\u00fc\u2019n\u00fc, D\u00fc\u015f G\u00fcnler ile 1990 Yunus Nadi Yay\u0131mlanm\u0131\u015f \u00d6yk\u00fc Kitab\u0131 \u00d6d\u00fcl\u00fc\u2019n\u00fc, Bir Alb\u00fcmde D\u00f6rt Mevsim ile 1991 Yunus Nadi Yay\u0131mlanmam\u0131\u015f \u015eiir Kitab\u0131 \u00d6d\u00fcl\u00fc\u2019n\u00fc, Cendere ile 2004 Alt\u0131n Portakal \u015eiir \u00d6d\u00fcl\u00fc\u2019n\u00fc, S\u00fcregelen ile 2005 Memet Fuat Deneme \u00d6d\u00fcl\u00fc\u2019n\u00fc; ayr\u0131ca T\u00fcyap Sanat Fuar\u0131 Onur Sanat \u00d6d\u00fcl\u00fc\u2019n\u00fc (2008) ve 2016 PEN T\u00fcrkiye \u015eiir \u00d6d\u00fcl\u00fc\u2019n\u00fc kazand\u0131. International Writing Program (ABD, 1980), British Council Camb ridge Seminars (\u0130ngiltere, 1998), Voix de la M\u00e9diterran\u00e9e (Fransa, 2002) gibi uluslararas\u0131 etkinliklere kat\u0131ld\u0131.   \u015eiir kitaplar\u0131: G\u00fcne\u015fler&#8230; G\u00f6lgeler&#8230; (1981), Pe\u015f (1982), Sevda Yorumlar\u0131 (1990), Bir Alb\u00fcmde D\u00f6rt Mevsim (1991), \u0130karos\u2019un U\u00e7u\u015fu (1993), Toplu \u015eiirler (1995), 101 Bir Dize (1996), Gizli Alanlar (1997), G\u00f6r\u00fclen Kentler (1999), \u0130z S\u00fcrmek (2001), Cendere (2003), \u00c7\u0131k\u0131\u015f (2008), D\u00f6n\u00fc\u015f (2010), \u0130kinci: Toplu \u015eiirler 1994-2010 (2010), Ard\u0131l (2016), Mono-Logos (2024) <\/p>\n","protected":false},"excerpt":{"rendered":"<p>G\u00fcven Turan 1943\u2019te Sinop, Gerze\u2019de do\u011fdu. Orta\u00f6\u011frenimini Samsun\u2019da Maarif Koleji \u2019nde tamamlad\u0131. DTCF \u0130ngiliz Dili ve Edebiyat\u0131 B\u00f6l\u00fcm\u00fc\u2019n\u00fc bitirdi (1968). Ayn\u0131 \u00fcniversitede y\u00fcksek lisans\u0131n\u0131 tamamlad\u0131 (1973)<span class=\"excerpt-hellip\"> [\u2026]<\/span><\/p>\n","protected":false},"featured_media":0,"template":"","meta":{"_monsterinsights_skip_tracking":false,"_monsterinsights_sitenote_active":false,"_monsterinsights_sitenote_note":"","_monsterinsights_sitenote_category":0},"product_brand":[],"product_cat":[12291,12509],"product_tag":[],"class_list":{"0":"post-764995","1":"product","2":"type-product","3":"status-publish","5":"product_cat-edebiyat","6":"product_cat-siir","7":"pa_cilt-ciltsiz","8":"pa_tur-kitap","9":"pa_yayinevi-yapi-kredi-yayinlari","10":"pa_yazar-guven-turan","12":"first","13":"instock","14":"sale","15":"shipping-taxable","16":"purchasable","17":"product-type-simple"},"_links":{"self":[{"href":"https:\/\/roveyayinevi.com.tr\/index.php\/wp-json\/wp\/v2\/product\/764995","targetHints":{"allow":["GET"]}}],"collection":[{"href":"https:\/\/roveyayinevi.com.tr\/index.php\/wp-json\/wp\/v2\/product"}],"about":[{"href":"https:\/\/roveyayinevi.com.tr\/index.php\/wp-json\/wp\/v2\/types\/product"}],"wp:attachment":[{"href":"https:\/\/roveyayinevi.com.tr\/index.php\/wp-json\/wp\/v2\/media?parent=764995"}],"wp:term":[{"taxonomy":"product_brand","embeddable":true,"href":"https:\/\/roveyayinevi.com.tr\/index.php\/wp-json\/wp\/v2\/product_brand?post=764995"},{"taxonomy":"product_cat","embeddable":true,"href":"https:\/\/roveyayinevi.com.tr\/index.php\/wp-json\/wp\/v2\/product_cat?post=764995"},{"taxonomy":"product_tag","embeddable":true,"href":"https:\/\/roveyayinevi.com.tr\/index.php\/wp-json\/wp\/v2\/product_tag?post=764995"}],"curies":[{"name":"wp","href":"https:\/\/api.w.org\/{rel}","templated":true}]}}