{"id":764994,"date":"2025-08-28T11:28:09","date_gmt":"2025-08-28T08:28:09","guid":{"rendered":"https:\/\/roveyayinevi.com.tr\/index.php\/urun\/yunus-emreden-nazim-hikmete-turkce-makaleler\/"},"modified":"2026-04-15T03:30:51","modified_gmt":"2026-04-15T00:30:51","slug":"yunus-emreden-nazim-hikmete-turkce-makaleler","status":"publish","type":"product","link":"https:\/\/roveyayinevi.com.tr\/index.php\/urun\/yunus-emreden-nazim-hikmete-turkce-makaleler\/","title":{"rendered":"Yunus Emre\u2019den Naz\u0131m Hikmet\u2019e T\u00fcrk\u00e7e Makaleler"},"content":{"rendered":"<p>Yunus Emre\u2019den N\u00e2z\u0131m Hikmet\u2019e T\u00fcrk\u00e7e, uluslararas\u0131 T\u00fcrkoloji camias\u0131n\u0131n en \u00f6nemli isimlerinden Semih Tezcan\u2019\u0131n kitaplar\u0131 d\u0131\u015f\u0131nda kalan yaz\u0131 ve s\u00f6yle\u015filerinin ikinci cildi.   Bu cilt, Semih Tezcan\u2019\u0131n Evliy\u00e2 \u00c7elebi Seyahatn\u00e2mesi\u2019nden Yunus Emre\u2019ye, N\u00e2z\u0131m Hikmet\u2019ten Andreas Tietze\u2019ye, T\u00fcrk Dil Kurumu\u2019ndan Nasrettin Hoca\u2019ya kadar pek \u00e7ok isim ve konu \u00fczerine toplam 67 makale, yaz\u0131, bildiri ve s\u00f6yle\u015fisini bir araya getiriyor.   \u201cMetin\u201dleri filolojinin gerektirdi\u011fi y\u00f6ntemlerle ele al\u0131p irdeleyen, sorunlar\u0131 \u00e7\u00f6zme \u00f6nerileri ortaya koyan; bunlar\u0131 yaparken ba\u015fta edebiyat, k\u00fclt\u00fcr tarihi ve halkbilimi olmak \u00fczere bir\u00e7ok disiplinle kar\u015f\u0131la\u015ft\u0131rmal\u0131 \u00e7al\u0131\u015fmalar yapan Tezcan\u2019\u0131n bir bilim insan\u0131 titizli\u011fiyle kaleme ald\u0131\u011f\u0131 bu makaleler ve yaz\u0131lar T\u00fcrkoloji ve T\u00fcrk k\u00fclt\u00fcr\u00fcne e\u015fsiz bir katk\u0131 sa\u011fl\u0131yor.   Saadet \u00c7a\u011fatay, Annemarie von Gabain ve Gerhard Doerfer gibi d\u00fcnyaca \u00fcnl\u00fc bilginlerden T\u00fcrkoloji ve Altayistik e\u011fitimi alan Semih Tezcan, uzun y\u0131llar Peter Zieme, Gy\u00f6rgy Hazai, Robert Dankoff, Marcel Erdal, Ingeborg Baldauf ve Klaus Kreiser gibi \u00f6nemli isimlerle \u00e7al\u0131\u015fm\u0131\u015f ve 2015 y\u0131l\u0131nda Andreas Tietze\u2019nin Tarih\u00ee ve Etimolojik T\u00fcrkiye T\u00fcrk\u00e7esi L\u00fcgati\u2019ni yeniden yay\u0131mlama \u00e7al\u0131\u015fmas\u0131n\u0131n proje ba\u015fkanl\u0131\u011f\u0131n\u0131 y\u00fcr\u00fctm\u00fc\u015ft\u00fcr. <\/p>\n","protected":false},"excerpt":{"rendered":"<p>Yunus Emre\u2019den N\u00e2z\u0131m Hikmet\u2019e T\u00fcrk\u00e7e, uluslararas\u0131 T\u00fcrkoloji camias\u0131n\u0131n en \u00f6nemli isimlerinden Semih Tezcan\u2019\u0131n kitaplar\u0131 d\u0131\u015f\u0131nda kalan yaz\u0131 ve s\u00f6yle\u015filerinin ikinci cildi. Bu cilt, Semih Tezcan\u2019\u0131n Evliy\u00e2<span class=\"excerpt-hellip\"> [\u2026]<\/span><\/p>\n","protected":false},"featured_media":0,"template":"","meta":{"_monsterinsights_skip_tracking":false,"_monsterinsights_sitenote_active":false,"_monsterinsights_sitenote_note":"","_monsterinsights_sitenote_category":0},"product_brand":[],"product_cat":[12291,104362],"product_tag":[],"class_list":{"0":"post-764994","1":"product","2":"type-product","3":"status-publish","5":"product_cat-edebiyat","6":"product_cat-makale","7":"pa_cilt-ciltsiz","8":"pa_tur-kitap","9":"pa_yayinevi-yapi-kredi-yayinlari","10":"pa_yazar-semih-tezcan","12":"first","13":"instock","14":"sale","15":"shipping-taxable","16":"purchasable","17":"product-type-simple"},"_links":{"self":[{"href":"https:\/\/roveyayinevi.com.tr\/index.php\/wp-json\/wp\/v2\/product\/764994","targetHints":{"allow":["GET"]}}],"collection":[{"href":"https:\/\/roveyayinevi.com.tr\/index.php\/wp-json\/wp\/v2\/product"}],"about":[{"href":"https:\/\/roveyayinevi.com.tr\/index.php\/wp-json\/wp\/v2\/types\/product"}],"wp:attachment":[{"href":"https:\/\/roveyayinevi.com.tr\/index.php\/wp-json\/wp\/v2\/media?parent=764994"}],"wp:term":[{"taxonomy":"product_brand","embeddable":true,"href":"https:\/\/roveyayinevi.com.tr\/index.php\/wp-json\/wp\/v2\/product_brand?post=764994"},{"taxonomy":"product_cat","embeddable":true,"href":"https:\/\/roveyayinevi.com.tr\/index.php\/wp-json\/wp\/v2\/product_cat?post=764994"},{"taxonomy":"product_tag","embeddable":true,"href":"https:\/\/roveyayinevi.com.tr\/index.php\/wp-json\/wp\/v2\/product_tag?post=764994"}],"curies":[{"name":"wp","href":"https:\/\/api.w.org\/{rel}","templated":true}]}}