{"id":764992,"date":"2025-08-28T11:28:06","date_gmt":"2025-08-28T08:28:06","guid":{"rendered":"https:\/\/roveyayinevi.com.tr\/index.php\/urun\/dilin-afetleri\/"},"modified":"2026-04-15T03:30:51","modified_gmt":"2026-04-15T00:30:51","slug":"dilin-afetleri","status":"publish","type":"product","link":"https:\/\/roveyayinevi.com.tr\/index.php\/urun\/dilin-afetleri\/","title":{"rendered":"Dilin Afetleri"},"content":{"rendered":"<p>Allah (cc) her s\u00f6z s\u00f6yleyenin dilinin yan\u0131ndad\u0131r. Yani s\u00f6ylenenleri bilir. \u00d6yleyse ki\u015fi, s\u00f6yledikleri hakk\u0131nda Allah\u2019tan (cc) korksun. Dil, Allah\u2019\u0131n (cc) insana bah\u015fetti\u011fi en b\u00fcy\u00fck nimetlerden biri ve ilahi sanatlar\u0131n en zariflerindendir. Sadece bir ileti\u015fim arac\u0131 olarak tan\u0131mlanamayan dilin insan hayat\u0131ndaki etkisi ve g\u00fcc\u00fc \u00e7ok b\u00fcy\u00fckt\u00fcr; nitekim k\u00fcfr\u00fc de isyan\u0131 da b\u00fcnyesinde bar\u0131nd\u0131r\u0131r. Hz. Peygamber\u2019in (sav) bir hadisi bu ger\u00e7e\u011fi \u00e7ok veciz bir \u015fekilde dile getirir: &#8220;Allah\u2019a (cc) ve ahiret g\u00fcn\u00fcne iman eden, ya hay\u0131r s\u00f6ylesin ya da sussun.&#8221;B\u00fcy\u00fck \u0130slam d\u00fc\u015f\u00fcn\u00fcr\u00fc \u0130mam Gazz\u00e2l\u00ee\u2019nin \u00e7a\u011flar\u0131 a\u015fan me\u015fhur eseri \u0130hya\u2019n\u0131n M\u00fchlikat k\u0131sm\u0131nda yer alan Dilin Afetleri, konu\u015fman\u0131n s\u0131n\u0131rlar\u0131n\u0131 ve susman\u0131n erdemini ak\u0131c\u0131 ve rahat anla\u015f\u0131l\u0131r bir \u00fcslupla ele al\u0131yor. Gazz\u00e2l\u00ee, dilin insan \u00fczerindeki etkilerini ve kontrols\u00fcz s\u00f6zlerin manev\u00ee tehlikelerini vurgularken, s\u00fck\u00fbtun faziletine ve insana sa\u011flad\u0131\u011f\u0131 huzura dikkat \u00e7ekiyor. Bu \u00e7al\u0131\u015fma, dilin g\u00fcc\u00fcn\u00fc itidalli bir \u015fekilde kullanman\u0131n gereklili\u011fini herkesin anlayabilece\u011fi sade ama etkili bir T\u00fcrk\u00e7e ile anlat\u0131yor.<\/p>\n","protected":false},"excerpt":{"rendered":"<p>Allah (cc) her s\u00f6z s\u00f6yleyenin dilinin yan\u0131ndad\u0131r. Yani s\u00f6ylenenleri bilir. \u00d6yleyse ki\u015fi, s\u00f6yledikleri hakk\u0131nda Allah\u2019tan (cc) korksun. Dil, Allah\u2019\u0131n (cc) insana bah\u015fetti\u011fi en b\u00fcy\u00fck nimetlerden biri<span class=\"excerpt-hellip\"> [\u2026]<\/span><\/p>\n","protected":false},"featured_media":0,"template":"","meta":{"_monsterinsights_skip_tracking":false,"_monsterinsights_sitenote_active":false,"_monsterinsights_sitenote_note":"","_monsterinsights_sitenote_category":0},"product_brand":[],"product_cat":[12718,12719],"product_tag":[],"class_list":{"0":"post-764992","1":"product","2":"type-product","3":"status-publish","5":"product_cat-din","6":"product_cat-islam","7":"pa_cilt-ciltsiz","8":"pa_tur-kitap","9":"pa_yayinevi-sufi-kitap","10":"pa_yazar-imam-gazali","12":"first","13":"instock","14":"sale","15":"shipping-taxable","16":"purchasable","17":"product-type-simple"},"_links":{"self":[{"href":"https:\/\/roveyayinevi.com.tr\/index.php\/wp-json\/wp\/v2\/product\/764992","targetHints":{"allow":["GET"]}}],"collection":[{"href":"https:\/\/roveyayinevi.com.tr\/index.php\/wp-json\/wp\/v2\/product"}],"about":[{"href":"https:\/\/roveyayinevi.com.tr\/index.php\/wp-json\/wp\/v2\/types\/product"}],"wp:attachment":[{"href":"https:\/\/roveyayinevi.com.tr\/index.php\/wp-json\/wp\/v2\/media?parent=764992"}],"wp:term":[{"taxonomy":"product_brand","embeddable":true,"href":"https:\/\/roveyayinevi.com.tr\/index.php\/wp-json\/wp\/v2\/product_brand?post=764992"},{"taxonomy":"product_cat","embeddable":true,"href":"https:\/\/roveyayinevi.com.tr\/index.php\/wp-json\/wp\/v2\/product_cat?post=764992"},{"taxonomy":"product_tag","embeddable":true,"href":"https:\/\/roveyayinevi.com.tr\/index.php\/wp-json\/wp\/v2\/product_tag?post=764992"}],"curies":[{"name":"wp","href":"https:\/\/api.w.org\/{rel}","templated":true}]}}