{"id":764988,"date":"2025-08-28T11:28:00","date_gmt":"2025-08-28T08:28:00","guid":{"rendered":"https:\/\/roveyayinevi.com.tr\/index.php\/urun\/nasihatul-muluk-sultana-ogutler\/"},"modified":"2026-04-15T03:30:51","modified_gmt":"2026-04-15T00:30:51","slug":"nasihatul-muluk-sultana-ogutler","status":"publish","type":"product","link":"https:\/\/roveyayinevi.com.tr\/index.php\/urun\/nasihatul-muluk-sultana-ogutler\/","title":{"rendered":"Nasihat\u00fcl M\u00fcluk \/ Sultana \u00d6\u011f\u00fctler"},"content":{"rendered":"<p>\u201cEy h\u00fck\u00fcmdar, \u015funu bil ki bu a\u011fac\u0131n on k\u00f6k\u00fc ve on dal\u0131 vard\u0131r. K\u00f6k\u00fc, kalbin inanc\u0131d\u0131r, dal\u0131 ise bedenin eylemleridir.\u201dKimy\u00e2-y\u0131 Sa\u02bf\u00e2det, \u0130hy\u00e2\u02be\u00fc \u02bful\u00fbmi\u2019d-d\u00een, Teh\u00e2f\u00fct\u00fc\u2019l-fel\u00e2sife gibi klasikle\u015fmi\u015f \u00e7ok say\u0131da eseriyle \u0130slam d\u00fc\u015f\u00fcnce d\u00fcnyas\u0131n\u0131 \u015fekillendiren en \u00f6nemli d\u00fc\u015f\u00fcn\u00fcrlerden biri olan Gazz\u00e2l\u00ee\u2019nin siyasetname niteli\u011findeki eseri Nas\u00eehat\u00fc\u2019l-m\u00fcl\u00fbk Fars\u00e7a asl\u0131ndan T\u00fcrk\u00e7eye ilk defa terc\u00fcme ediliyor.Ara\u015ft\u0131rmac\u0131lar, Gazz\u00e2l\u00ee&#8217;ye atfedilen baz\u0131 eserlerin ona ait olmad\u0131\u011f\u0131n\u0131 iddia etseler de Nas\u00eehat\u00fc\u2019l-m\u00fcl\u00fbk\u2019\u00fcn Gazz\u00e2l\u00ee taraf\u0131ndan Fars\u00e7a yaz\u0131lm\u0131\u015f ve daha sonra Arap\u00e7aya \u00e7evrilmi\u015f bir eser oldu\u011funu kabul etmi\u015flerdir. \u0130\u00e7eri\u011finden anla\u015f\u0131ld\u0131\u011f\u0131 \u00fczere Nas\u00eehat\u00fc\u2019l-m\u00fcl\u00fbk, Gazz\u00e2l\u00ee\u2019nin Tus\u2019ta inzivada ya\u015fad\u0131\u011f\u0131 hicri 500-505 y\u0131llar\u0131 aras\u0131nda yaz\u0131lm\u0131\u015ft\u0131r.\u0130mam Gazz\u00e2l\u00ee manevi d\u00f6n\u00fc\u015f\u00fcm\u00fcne neden olan on y\u0131ll\u0131k manevi yolculu\u011funun ba\u015f\u0131nda \u015funun i\u00e7in s\u00f6z vermi\u015ftir; hi\u00e7bir h\u00fck\u00fcmdardan hediye kabul etmemek, hi\u00e7bir h\u00fck\u00fcmdarla g\u00f6r\u00fc\u015fmemek ve m\u00fcnazara yapmamak. Nas\u00eehat\u00fc\u2019l-m\u00fcl\u00fbk bir bak\u0131ma bu s\u00f6z\u00fcn tutulmas\u0131n\u0131n bir semeresidir.Gazz\u00e2l\u00ee, Sultana \u00d6\u011f\u00fctler ba\u015fl\u0131\u011f\u0131yla sundu\u011fumuz bu eserde devlet y\u00f6netimiyle ilgili konular\u0131 belirli k\u0131s\u0131mlara ay\u0131rd\u0131ktan sonra \u00e7e\u015fitli hik\u00e2yeler ve olaylarla \u00f6rneklendirir. Fars ve Arap k\u00f6kenli bir\u00e7ok devlet adam\u0131 ile ilgili anekdotlara yer vermesi, kitab\u0131 tarih\u00ee a\u00e7\u0131dan da de\u011ferli k\u0131lar.<\/p>\n","protected":false},"excerpt":{"rendered":"<p>\u201cEy h\u00fck\u00fcmdar, \u015funu bil ki bu a\u011fac\u0131n on k\u00f6k\u00fc ve on dal\u0131 vard\u0131r. K\u00f6k\u00fc, kalbin inanc\u0131d\u0131r, dal\u0131 ise bedenin eylemleridir.\u201dKimy\u00e2-y\u0131 Sa\u02bf\u00e2det, \u0130hy\u00e2\u02be\u00fc \u02bful\u00fbmi\u2019d-d\u00een, Teh\u00e2f\u00fct\u00fc\u2019l-fel\u00e2sife gibi klasikle\u015fmi\u015f<span class=\"excerpt-hellip\"> [\u2026]<\/span><\/p>\n","protected":false},"featured_media":0,"template":"","meta":{"_monsterinsights_skip_tracking":false,"_monsterinsights_sitenote_active":false,"_monsterinsights_sitenote_note":"","_monsterinsights_sitenote_category":0},"product_brand":[],"product_cat":[12370,12304],"product_tag":[],"class_list":{"0":"post-764988","1":"product","2":"type-product","3":"status-publish","5":"product_cat-arastirma-inceleme","6":"product_cat-tarih","7":"pa_cilt-ciltsiz","8":"pa_tur-kitap","9":"pa_yayinevi-timas-akademi-yayinlari","10":"pa_yazar-imam-gazali","12":"first","13":"instock","14":"sale","15":"shipping-taxable","16":"purchasable","17":"product-type-simple"},"_links":{"self":[{"href":"https:\/\/roveyayinevi.com.tr\/index.php\/wp-json\/wp\/v2\/product\/764988","targetHints":{"allow":["GET"]}}],"collection":[{"href":"https:\/\/roveyayinevi.com.tr\/index.php\/wp-json\/wp\/v2\/product"}],"about":[{"href":"https:\/\/roveyayinevi.com.tr\/index.php\/wp-json\/wp\/v2\/types\/product"}],"wp:attachment":[{"href":"https:\/\/roveyayinevi.com.tr\/index.php\/wp-json\/wp\/v2\/media?parent=764988"}],"wp:term":[{"taxonomy":"product_brand","embeddable":true,"href":"https:\/\/roveyayinevi.com.tr\/index.php\/wp-json\/wp\/v2\/product_brand?post=764988"},{"taxonomy":"product_cat","embeddable":true,"href":"https:\/\/roveyayinevi.com.tr\/index.php\/wp-json\/wp\/v2\/product_cat?post=764988"},{"taxonomy":"product_tag","embeddable":true,"href":"https:\/\/roveyayinevi.com.tr\/index.php\/wp-json\/wp\/v2\/product_tag?post=764988"}],"curies":[{"name":"wp","href":"https:\/\/api.w.org\/{rel}","templated":true}]}}