{"id":764981,"date":"2025-08-28T11:27:48","date_gmt":"2025-08-28T08:27:48","guid":{"rendered":"https:\/\/roveyayinevi.com.tr\/index.php\/urun\/tat-ve-sanat-lezzetli-resimler-ciltli\/"},"modified":"2026-04-15T03:30:51","modified_gmt":"2026-04-15T00:30:51","slug":"tat-ve-sanat-lezzetli-resimler-ciltli","status":"publish","type":"product","link":"https:\/\/roveyayinevi.com.tr\/index.php\/urun\/tat-ve-sanat-lezzetli-resimler-ciltli\/","title":{"rendered":"Tat ve Sanat Lezzetli Resimler (Ciltli)"},"content":{"rendered":"<p>Yemek k\u00fclt\u00fcr\u00fcn\u00fcn sanat yoluyla g\u00f6rselli\u011fe ta\u015f\u0131nmas\u0131 tarih boyunca g\u00fcndemde olan bir e\u011filimdir. Esinlerini verimli topraktan ve denizden; meyvelerden, sebzelerden, bal\u0131klardan, onlardan olu\u015fan g\u0131dalardan ve sofralardan alan sanat\u0131n a\u00e7\u0131l\u0131mlar\u0131, tat alma duyumuzu harekete ge\u00e7irmekle yetinmeyip g\u00f6rme duyumuzu besleyen, ayn\u0131 zamanda bilincimizi doyuran bir \u015f\u00f6lendir. Tat ve Sanat: Lezzetli Resimler kitab\u0131 i\u015ftah a\u00e7\u0131c\u0131 g\u00f6r\u00fcn\u00fcmler sunmas\u0131n\u0131n yan\u0131 s\u0131ra k\u00e2h keyifli, k\u00e2h d\u00fc\u015f\u00fcnd\u00fcr\u00fcc\u00fc ve an\u0131lar\u0131 tetikleyici \u00e7a\u011fr\u0131\u015f\u0131mlar\u0131 ustal\u0131kla betimleyen, kimi zaman \u00f6yk\u00fcler anlatan resimleri yorumlayarak okuru keyifli bir rotada gezinmeye \u00e7a\u011f\u0131r\u0131yor, a\u011f\u0131z tad\u0131yla\u2026 <\/p>\n","protected":false},"excerpt":{"rendered":"<p>Yemek k\u00fclt\u00fcr\u00fcn\u00fcn sanat yoluyla g\u00f6rselli\u011fe ta\u015f\u0131nmas\u0131 tarih boyunca g\u00fcndemde olan bir e\u011filimdir. Esinlerini verimli topraktan ve denizden; meyvelerden, sebzelerden, bal\u0131klardan, onlardan olu\u015fan g\u0131dalardan ve sofralardan alan<span class=\"excerpt-hellip\"> [\u2026]<\/span><\/p>\n","protected":false},"featured_media":0,"template":"","meta":{"_monsterinsights_skip_tracking":false,"_monsterinsights_sitenote_active":false,"_monsterinsights_sitenote_note":"","_monsterinsights_sitenote_category":0},"product_brand":[],"product_cat":[12408],"product_tag":[],"class_list":{"0":"post-764981","1":"product","2":"type-product","3":"status-publish","5":"product_cat-sanat","6":"pa_cilt-ciltli","7":"pa_tur-kitap","8":"pa_yayinevi-is-bankasi-kultur-yayinlari","9":"pa_yazar-gul-irepoglu","11":"first","12":"instock","13":"sale","14":"shipping-taxable","15":"purchasable","16":"product-type-simple"},"_links":{"self":[{"href":"https:\/\/roveyayinevi.com.tr\/index.php\/wp-json\/wp\/v2\/product\/764981","targetHints":{"allow":["GET"]}}],"collection":[{"href":"https:\/\/roveyayinevi.com.tr\/index.php\/wp-json\/wp\/v2\/product"}],"about":[{"href":"https:\/\/roveyayinevi.com.tr\/index.php\/wp-json\/wp\/v2\/types\/product"}],"wp:attachment":[{"href":"https:\/\/roveyayinevi.com.tr\/index.php\/wp-json\/wp\/v2\/media?parent=764981"}],"wp:term":[{"taxonomy":"product_brand","embeddable":true,"href":"https:\/\/roveyayinevi.com.tr\/index.php\/wp-json\/wp\/v2\/product_brand?post=764981"},{"taxonomy":"product_cat","embeddable":true,"href":"https:\/\/roveyayinevi.com.tr\/index.php\/wp-json\/wp\/v2\/product_cat?post=764981"},{"taxonomy":"product_tag","embeddable":true,"href":"https:\/\/roveyayinevi.com.tr\/index.php\/wp-json\/wp\/v2\/product_tag?post=764981"}],"curies":[{"name":"wp","href":"https:\/\/api.w.org\/{rel}","templated":true}]}}