{"id":764978,"date":"2025-08-28T11:27:42","date_gmt":"2025-08-28T08:27:42","guid":{"rendered":"https:\/\/roveyayinevi.com.tr\/index.php\/urun\/cerkesya-hakkinda-diplomatik-raporlar-1836-1840\/"},"modified":"2026-04-15T03:30:50","modified_gmt":"2026-04-15T00:30:50","slug":"cerkesya-hakkinda-diplomatik-raporlar-1836-1840","status":"publish","type":"product","link":"https:\/\/roveyayinevi.com.tr\/index.php\/urun\/cerkesya-hakkinda-diplomatik-raporlar-1836-1840\/","title":{"rendered":"\u00c7erkesya Hakk\u0131nda Diplomatik Raporlar (1836-1840)"},"content":{"rendered":"<p>\u201cKapsaml\u0131 bir serinin ilki olan bu kitap, Kafkasya \u00fczerine tarih ara\u015ft\u0131rmalar\u0131nda bir d\u00f6n\u00fcm noktas\u0131n\u0131 temsil ediyor. Seri, bir\u00e7ok \u00fclkeye da\u011f\u0131lm\u0131\u015f \u00e7ok \u00e7e\u015fitli ar\u015fivlerden \u015fimdiye kadar kullan\u0131lmam\u0131\u015f ve \u00e7o\u011fu zaman bilinmeyen materyalleri bir araya getiriyor. \u00c7erkesya\u2019y\u0131 harita \u00fczerinde i\u015faretleyerek, uzun zamand\u0131r kom\u015fu imparatorluklar\u0131n g\u00fcc\u00fcn\u00fcn g\u00f6lgesinde kalm\u0131\u015f bir b\u00f6lgenin zengin tarihini ayd\u0131nlat\u0131yor. Akademisyenler nesiller boyu bu \u00f6nc\u00fc ba\u015far\u0131dan faydalanacakt\u0131r.\u201d  Regius Prof. Sir Christopher Clark, Cambridge \u00dcniversitesi   \u201c\u00c7erkesya ve Avrupa: 1760-1865 serisi, orijinal belgelerin foto\u011fraflar\u0131 ve transkripsiyonlar\u0131n\u0131n yan\u0131 s\u0131ra \u0130ngilizce ve Rus\u00e7a \u00e7evirilerini de i\u00e7ererek ar\u015fiv materyallerinin yay\u0131nlanmas\u0131nda yeni bir standart olu\u015fturuyor. Bu yenilik\u00e7i format, belgeleri hem yeni ba\u015flayan \u00f6\u011frenciler hem de profesyonel tarih\u00e7iler i\u00e7in eri\u015filebilir k\u0131l\u0131yor. Ke\u015fke gelecekteki t\u00fcm ar\u015fiv serileri de ayn\u0131 \u015feyi yapabilse!\u201d Prof. Valerie Hansen, Yale \u00dcniversitesi<\/p>\n","protected":false},"excerpt":{"rendered":"<p>\u201cKapsaml\u0131 bir serinin ilki olan bu kitap, Kafkasya \u00fczerine tarih ara\u015ft\u0131rmalar\u0131nda bir d\u00f6n\u00fcm noktas\u0131n\u0131 temsil ediyor. Seri, bir\u00e7ok \u00fclkeye da\u011f\u0131lm\u0131\u015f \u00e7ok \u00e7e\u015fitli ar\u015fivlerden \u015fimdiye kadar kullan\u0131lmam\u0131\u015f<span class=\"excerpt-hellip\"> [\u2026]<\/span><\/p>\n","protected":false},"featured_media":0,"template":"","meta":{"_monsterinsights_skip_tracking":false,"_monsterinsights_sitenote_active":false,"_monsterinsights_sitenote_note":"","_monsterinsights_sitenote_category":0},"product_brand":[],"product_cat":[12304],"product_tag":[],"class_list":{"0":"post-764978","1":"product","2":"type-product","3":"status-publish","5":"product_cat-tarih","6":"pa_cilt-ciltsiz","7":"pa_tur-kitap","8":"pa_yayinevi-koyusiyah-kitap","9":"pa_yazar-azamat-kumykov-georges-mamoulia-sophie-daniel","11":"first","12":"instock","13":"sale","14":"shipping-taxable","15":"purchasable","16":"product-type-simple"},"_links":{"self":[{"href":"https:\/\/roveyayinevi.com.tr\/index.php\/wp-json\/wp\/v2\/product\/764978","targetHints":{"allow":["GET"]}}],"collection":[{"href":"https:\/\/roveyayinevi.com.tr\/index.php\/wp-json\/wp\/v2\/product"}],"about":[{"href":"https:\/\/roveyayinevi.com.tr\/index.php\/wp-json\/wp\/v2\/types\/product"}],"wp:attachment":[{"href":"https:\/\/roveyayinevi.com.tr\/index.php\/wp-json\/wp\/v2\/media?parent=764978"}],"wp:term":[{"taxonomy":"product_brand","embeddable":true,"href":"https:\/\/roveyayinevi.com.tr\/index.php\/wp-json\/wp\/v2\/product_brand?post=764978"},{"taxonomy":"product_cat","embeddable":true,"href":"https:\/\/roveyayinevi.com.tr\/index.php\/wp-json\/wp\/v2\/product_cat?post=764978"},{"taxonomy":"product_tag","embeddable":true,"href":"https:\/\/roveyayinevi.com.tr\/index.php\/wp-json\/wp\/v2\/product_tag?post=764978"}],"curies":[{"name":"wp","href":"https:\/\/api.w.org\/{rel}","templated":true}]}}