{"id":764972,"date":"2025-08-28T11:27:26","date_gmt":"2025-08-28T08:27:26","guid":{"rendered":"https:\/\/roveyayinevi.com.tr\/index.php\/urun\/kabe-ve-cocuk\/"},"modified":"2026-04-15T03:30:50","modified_gmt":"2026-04-15T00:30:50","slug":"kabe-ve-cocuk","status":"publish","type":"product","link":"https:\/\/roveyayinevi.com.tr\/index.php\/urun\/kabe-ve-cocuk\/","title":{"rendered":"Kabe ve \u00c7ocuk"},"content":{"rendered":"<p>Haydi \u00e7ocuklar, K\u00e2be&#8217;yi e\u011flenerek \u00f6\u011frenelim. K\u00e2be neresidir? Orada neler var? \u00c7ocuklar, orada neler yapar? T\u00fcm bu sorular\u0131n cevab\u0131n\u0131 K\u00e2be&#8217;den dinleyelim.  Kitaptaki ara bul etkinlikleri yaparken kendini K\u00e2be&#8217;ye gitmi\u015f olarak hayal et. Bu arada kitab\u0131n hediyesi olan &#8220;\u00e7\u0131kartmalar\u0131n&#8221; bir k\u0131sm\u0131n\u0131 arkada\u015flar\u0131nla payla\u015fmaya ne dersin? Kimbilir kimleri bu hediyelerinle K\u00e2be&#8217;yle tan\u0131\u015ft\u0131racaks\u0131n. Haydi o zaman kitab\u0131n \u00e7a\u011fr\u0131s\u0131na uyal\u0131m.<\/p>\n","protected":false},"excerpt":{"rendered":"<p>Haydi \u00e7ocuklar, K\u00e2be&#8217;yi e\u011flenerek \u00f6\u011frenelim. K\u00e2be neresidir? Orada neler var? \u00c7ocuklar, orada neler yapar? T\u00fcm bu sorular\u0131n cevab\u0131n\u0131 K\u00e2be&#8217;den dinleyelim. Kitaptaki ara bul etkinlikleri yaparken kendini<span class=\"excerpt-hellip\"> [\u2026]<\/span><\/p>\n","protected":false},"featured_media":0,"template":"","meta":{"_monsterinsights_skip_tracking":false,"_monsterinsights_sitenote_active":false,"_monsterinsights_sitenote_note":"","_monsterinsights_sitenote_category":0},"product_brand":[],"product_cat":[12554,12274],"product_tag":[],"class_list":{"0":"post-764972","1":"product","2":"type-product","3":"status-publish","5":"product_cat-cikartmali-kitaplar","6":"product_cat-cocuk-ve-genclik-kitaplari","7":"pa_cilt-ciltsiz","8":"pa_tur-kitap","9":"pa_yayinevi-gulce-kitap","10":"pa_yazar-sevval-tiryaki","12":"first","13":"instock","14":"sale","15":"shipping-taxable","16":"purchasable","17":"product-type-simple"},"_links":{"self":[{"href":"https:\/\/roveyayinevi.com.tr\/index.php\/wp-json\/wp\/v2\/product\/764972","targetHints":{"allow":["GET"]}}],"collection":[{"href":"https:\/\/roveyayinevi.com.tr\/index.php\/wp-json\/wp\/v2\/product"}],"about":[{"href":"https:\/\/roveyayinevi.com.tr\/index.php\/wp-json\/wp\/v2\/types\/product"}],"wp:attachment":[{"href":"https:\/\/roveyayinevi.com.tr\/index.php\/wp-json\/wp\/v2\/media?parent=764972"}],"wp:term":[{"taxonomy":"product_brand","embeddable":true,"href":"https:\/\/roveyayinevi.com.tr\/index.php\/wp-json\/wp\/v2\/product_brand?post=764972"},{"taxonomy":"product_cat","embeddable":true,"href":"https:\/\/roveyayinevi.com.tr\/index.php\/wp-json\/wp\/v2\/product_cat?post=764972"},{"taxonomy":"product_tag","embeddable":true,"href":"https:\/\/roveyayinevi.com.tr\/index.php\/wp-json\/wp\/v2\/product_tag?post=764972"}],"curies":[{"name":"wp","href":"https:\/\/api.w.org\/{rel}","templated":true}]}}