{"id":764971,"date":"2025-08-28T11:27:24","date_gmt":"2025-08-28T08:27:24","guid":{"rendered":"https:\/\/roveyayinevi.com.tr\/index.php\/urun\/yusuf-enduluste-islam-sehirlerini-geziyorum\/"},"modified":"2026-04-15T03:30:50","modified_gmt":"2026-04-15T00:30:50","slug":"yusuf-enduluste-islam-sehirlerini-geziyorum","status":"publish","type":"product","link":"https:\/\/roveyayinevi.com.tr\/index.php\/urun\/yusuf-enduluste-islam-sehirlerini-geziyorum\/","title":{"rendered":"Yusuf End\u00fcl\u00fcs&#8217;te &#8211; \u0130slam \u015eehirlerini Geziyorum"},"content":{"rendered":"<p>Yusuf, turist rehberi babas\u0131yla harika bir yolculu\u011fa daha \u00e7\u0131k\u0131yor! \u201c\u0130slam \u015eehirleri Turu\u201d kapsam\u0131nda \u015fimdiki durak \u0130spanya!\u201c\u0130spanya\u2019da hi\u00e7 \u0130slam \u015fehri mi olurmu\u015f?\u201d diye g\u00fcld\u00fc\u011f\u00fcn\u00fcz\u00fc duyar gibiyim. Haz\u0131r olun! Yusuf sizi End\u00fcl\u00fcs\u2019\u00fcn tarih\u00ee zenginliklerini ke\u015ffetmeye davet ediyor! Yusuf ve arkada\u015flar\u0131 sizi heyecan dolu bir maceraya \u00e7a\u011f\u0131r\u0131yor. \u201cKara Kafa\u201d grubunun gizemli planlar\u0131n\u0131 \u00e7\u00f6zecek, El Hamra saray\u0131n\u0131 ke\u015ffedecek, Kurtuba ve Granada\u2019n\u0131n tarih\u00ee sokaklar\u0131nda dola\u015facaks\u0131n\u0131z.Bu kitap, \u0130slam medeniyetinin g\u00f6z kama\u015ft\u0131r\u0131c\u0131 miras\u0131n\u0131 ke\u015ffetmenizi sa\u011flarken sizi nefes kesen bir maceraya s\u00fcr\u00fckl\u00fcyor. Haydi, sen de Yusuf\u2019la birlikte bu unutulmaz yolculu\u011fa ad\u0131m at!<\/p>\n","protected":false},"excerpt":{"rendered":"<p>Yusuf, turist rehberi babas\u0131yla harika bir yolculu\u011fa daha \u00e7\u0131k\u0131yor! \u201c\u0130slam \u015eehirleri Turu\u201d kapsam\u0131nda \u015fimdiki durak \u0130spanya!\u201c\u0130spanya\u2019da hi\u00e7 \u0130slam \u015fehri mi olurmu\u015f?\u201d diye g\u00fcld\u00fc\u011f\u00fcn\u00fcz\u00fc duyar gibiyim. Haz\u0131r<span class=\"excerpt-hellip\"> [\u2026]<\/span><\/p>\n","protected":false},"featured_media":0,"template":"","meta":{"_monsterinsights_skip_tracking":false,"_monsterinsights_sitenote_active":false,"_monsterinsights_sitenote_note":"","_monsterinsights_sitenote_category":0},"product_brand":[],"product_cat":[12274,18802],"product_tag":[],"class_list":{"0":"post-764971","1":"product","2":"type-product","3":"status-publish","5":"product_cat-cocuk-ve-genclik-kitaplari","6":"product_cat-din-egitimi","7":"pa_cilt-ciltsiz","8":"pa_tur-kitap","9":"pa_yayinevi-gulce-kitap","10":"pa_yazar-adem-ozkose","12":"first","13":"instock","14":"sale","15":"shipping-taxable","16":"purchasable","17":"product-type-simple"},"_links":{"self":[{"href":"https:\/\/roveyayinevi.com.tr\/index.php\/wp-json\/wp\/v2\/product\/764971","targetHints":{"allow":["GET"]}}],"collection":[{"href":"https:\/\/roveyayinevi.com.tr\/index.php\/wp-json\/wp\/v2\/product"}],"about":[{"href":"https:\/\/roveyayinevi.com.tr\/index.php\/wp-json\/wp\/v2\/types\/product"}],"wp:attachment":[{"href":"https:\/\/roveyayinevi.com.tr\/index.php\/wp-json\/wp\/v2\/media?parent=764971"}],"wp:term":[{"taxonomy":"product_brand","embeddable":true,"href":"https:\/\/roveyayinevi.com.tr\/index.php\/wp-json\/wp\/v2\/product_brand?post=764971"},{"taxonomy":"product_cat","embeddable":true,"href":"https:\/\/roveyayinevi.com.tr\/index.php\/wp-json\/wp\/v2\/product_cat?post=764971"},{"taxonomy":"product_tag","embeddable":true,"href":"https:\/\/roveyayinevi.com.tr\/index.php\/wp-json\/wp\/v2\/product_tag?post=764971"}],"curies":[{"name":"wp","href":"https:\/\/api.w.org\/{rel}","templated":true}]}}