{"id":764970,"date":"2025-08-28T11:27:22","date_gmt":"2025-08-28T08:27:22","guid":{"rendered":"https:\/\/roveyayinevi.com.tr\/index.php\/urun\/bay-kirpinin-ayak-kokusu-corbasi\/"},"modified":"2026-04-15T03:30:50","modified_gmt":"2026-04-15T00:30:50","slug":"bay-kirpinin-ayak-kokusu-corbasi","status":"publish","type":"product","link":"https:\/\/roveyayinevi.com.tr\/index.php\/urun\/bay-kirpinin-ayak-kokusu-corbasi\/","title":{"rendered":"Bay Kirpi&#8217;nin Ayak Kokusu \u00c7orbas\u0131"},"content":{"rendered":"<p>Bay Kirpi, d\u00fcnyan\u0131n en s\u0131ra d\u0131\u015f\u0131 \u00e7orbas\u0131n\u0131 yapmaya kararl\u0131!Malzemeler biraz tuhaf, tarifi de bir o kadar e\u011flenceli.Ama neyse ki lezzetli bir maceran\u0131n tarifi her zaman bellidir: bir tutam cesaret, bir ka\u015f\u0131k hayal g\u00fcc\u00fc, bolca kahkaha ve en \u00f6nemlisi bir \u015fi\u015fe ayak kokusu!Peki bu tarifle Bay Kirpi, \u00c7\u0131lg\u0131n Lezzetler Restoran\u0131\u2019nda ba\u015f a\u015f\u00e7\u0131 olmaya hak kazanacak m\u0131? D\u00fcnyan\u0131n en s\u0131ra d\u0131\u015f\u0131 \u00e7orbas\u0131n\u0131 tatmaya haz\u0131r olun.<\/p>\n","protected":false},"excerpt":{"rendered":"<p>Bay Kirpi, d\u00fcnyan\u0131n en s\u0131ra d\u0131\u015f\u0131 \u00e7orbas\u0131n\u0131 yapmaya kararl\u0131!Malzemeler biraz tuhaf, tarifi de bir o kadar e\u011flenceli.Ama neyse ki lezzetli bir maceran\u0131n tarifi her zaman bellidir:<span class=\"excerpt-hellip\"> [\u2026]<\/span><\/p>\n","protected":false},"featured_media":0,"template":"","meta":{"_monsterinsights_skip_tracking":false,"_monsterinsights_sitenote_active":false,"_monsterinsights_sitenote_note":"","_monsterinsights_sitenote_category":0},"product_brand":[],"product_cat":[12274,12284],"product_tag":[],"class_list":{"0":"post-764970","1":"product","2":"type-product","3":"status-publish","5":"product_cat-cocuk-ve-genclik-kitaplari","6":"product_cat-hikayeler","7":"pa_cilt-ciltsiz","8":"pa_tur-kitap","9":"pa_yayinevi-ucan-kitap","10":"pa_yazar-aybuke-koc","12":"first","13":"instock","14":"sale","15":"shipping-taxable","16":"purchasable","17":"product-type-simple"},"_links":{"self":[{"href":"https:\/\/roveyayinevi.com.tr\/index.php\/wp-json\/wp\/v2\/product\/764970","targetHints":{"allow":["GET"]}}],"collection":[{"href":"https:\/\/roveyayinevi.com.tr\/index.php\/wp-json\/wp\/v2\/product"}],"about":[{"href":"https:\/\/roveyayinevi.com.tr\/index.php\/wp-json\/wp\/v2\/types\/product"}],"wp:attachment":[{"href":"https:\/\/roveyayinevi.com.tr\/index.php\/wp-json\/wp\/v2\/media?parent=764970"}],"wp:term":[{"taxonomy":"product_brand","embeddable":true,"href":"https:\/\/roveyayinevi.com.tr\/index.php\/wp-json\/wp\/v2\/product_brand?post=764970"},{"taxonomy":"product_cat","embeddable":true,"href":"https:\/\/roveyayinevi.com.tr\/index.php\/wp-json\/wp\/v2\/product_cat?post=764970"},{"taxonomy":"product_tag","embeddable":true,"href":"https:\/\/roveyayinevi.com.tr\/index.php\/wp-json\/wp\/v2\/product_tag?post=764970"}],"curies":[{"name":"wp","href":"https:\/\/api.w.org\/{rel}","templated":true}]}}