{"id":764969,"date":"2025-08-28T11:27:20","date_gmt":"2025-08-28T08:27:20","guid":{"rendered":"https:\/\/roveyayinevi.com.tr\/index.php\/urun\/mutlu-evliligin-sirlari\/"},"modified":"2026-04-15T03:30:50","modified_gmt":"2026-04-15T00:30:50","slug":"mutlu-evliligin-sirlari","status":"publish","type":"product","link":"https:\/\/roveyayinevi.com.tr\/index.php\/urun\/mutlu-evliligin-sirlari\/","title":{"rendered":"Mutlu Evlili\u011fin S\u0131rlar\u0131"},"content":{"rendered":"<p>Emniyet, yeri geldi\u011finde soru sormadan g\u00f6zlerden cevab\u0131 almakt\u0131r. Oysa g\u00fcn\u00fcm\u00fczde e\u015fler birbirlerinin telefonlar\u0131na bakmaktan g\u00f6zlerine bakamaz duruma geldi. Bu as\u0131rda yolun Hatice&#8217;lerle kesi\u015fsin istiyorsan araman de\u011fil, olman gerekir. Sad\u0131k olan\u0131n yolu, sad\u0131klarla kesi\u015fir. Do\u011fru e\u015fi arayan\u0131n \u00f6nce do\u011fru e\u015f olmas\u0131 gerekir. \u0130nsanl\u0131\u011f\u0131n mayas\u0131 \u00fcmmet, \u00fcmmetin mayas\u0131 ise ailedir. Aile bozulursa \u00fcmmet, \u00fcmmet bozulursa insanl\u0131k bozulur. \u00d6yleyse insanl\u0131\u011f\u0131 d\u00fczeltmek isteyen ki\u015fi buna evvela aileden ba\u015flamal\u0131d\u0131r. Kitaplar\u0131 ve videolar\u0131yla milyonlara ula\u015fan Mehmet Y\u0131ld\u0131z,  Mutlu Evlili\u011fin S\u0131rlar\u0131 kitab\u0131nda, ak\u0131c\u0131 \u00fcslubu ve etkili \u00f6rnekleriyle \u0130slam&#8217;a uygun bir aile modelinin ipu\u00e7lar\u0131n\u0131 vermeye \u00e7al\u0131\u015f\u0131yor.<\/p>\n","protected":false},"excerpt":{"rendered":"<p>Emniyet, yeri geldi\u011finde soru sormadan g\u00f6zlerden cevab\u0131 almakt\u0131r. Oysa g\u00fcn\u00fcm\u00fczde e\u015fler birbirlerinin telefonlar\u0131na bakmaktan g\u00f6zlerine bakamaz duruma geldi. Bu as\u0131rda yolun Hatice&#8217;lerle kesi\u015fsin istiyorsan araman de\u011fil,<span class=\"excerpt-hellip\"> [\u2026]<\/span><\/p>\n","protected":false},"featured_media":0,"template":"","meta":{"_monsterinsights_skip_tracking":false,"_monsterinsights_sitenote_active":false,"_monsterinsights_sitenote_note":"","_monsterinsights_sitenote_category":0},"product_brand":[],"product_cat":[12718,12719],"product_tag":[],"class_list":{"0":"post-764969","1":"product","2":"type-product","3":"status-publish","5":"product_cat-din","6":"product_cat-islam","7":"pa_cilt-ciltsiz","8":"pa_tur-kitap","9":"pa_yayinevi-timas-yayinlari","10":"pa_yazar-mehmet-yildiz","12":"first","13":"instock","14":"sale","15":"shipping-taxable","16":"purchasable","17":"product-type-simple"},"_links":{"self":[{"href":"https:\/\/roveyayinevi.com.tr\/index.php\/wp-json\/wp\/v2\/product\/764969","targetHints":{"allow":["GET"]}}],"collection":[{"href":"https:\/\/roveyayinevi.com.tr\/index.php\/wp-json\/wp\/v2\/product"}],"about":[{"href":"https:\/\/roveyayinevi.com.tr\/index.php\/wp-json\/wp\/v2\/types\/product"}],"wp:attachment":[{"href":"https:\/\/roveyayinevi.com.tr\/index.php\/wp-json\/wp\/v2\/media?parent=764969"}],"wp:term":[{"taxonomy":"product_brand","embeddable":true,"href":"https:\/\/roveyayinevi.com.tr\/index.php\/wp-json\/wp\/v2\/product_brand?post=764969"},{"taxonomy":"product_cat","embeddable":true,"href":"https:\/\/roveyayinevi.com.tr\/index.php\/wp-json\/wp\/v2\/product_cat?post=764969"},{"taxonomy":"product_tag","embeddable":true,"href":"https:\/\/roveyayinevi.com.tr\/index.php\/wp-json\/wp\/v2\/product_tag?post=764969"}],"curies":[{"name":"wp","href":"https:\/\/api.w.org\/{rel}","templated":true}]}}