{"id":764968,"date":"2025-08-28T11:27:18","date_gmt":"2025-08-28T08:27:18","guid":{"rendered":"https:\/\/roveyayinevi.com.tr\/index.php\/urun\/kader-oyunu\/"},"modified":"2026-04-15T03:30:50","modified_gmt":"2026-04-15T00:30:50","slug":"kader-oyunu","status":"publish","type":"product","link":"https:\/\/roveyayinevi.com.tr\/index.php\/urun\/kader-oyunu\/","title":{"rendered":"Kader Oyunu"},"content":{"rendered":"<p>\u00d6zg\u00fcrl\u00fc\u011f\u00fcn anlam\u0131n\u0131 \u00e7ok iyi biliyordum ancak k\u0131ymetini \u00f6\u011frenmek i\u00e7in ge\u00e7 kalm\u0131\u015ft\u0131m&#8230; \u0130nsan\u0131n ne kadar kendinden emin planlar\u0131 olursa olsun kaderin de mutlaka kendi a\u011flar\u0131n\u0131 \u00f6rd\u00fc\u011f\u00fc bir plan\u0131 vard\u0131r. Erg\u00fcn, ba\u015far\u0131 ve \u015f\u00f6hret merdivenlerini h\u0131zla t\u0131rmanan bir avukat iken bir g\u00fcn ba\u015f\u0131na b\u00fcy\u00fck bir felaketin gelece\u011fini nereden bilebilirdi ki?E\u015fine s\u00f6yledi\u011fi pembe yalanlar y\u00fcz\u00fcnden kendini iyice \u00e7\u0131kmaz bir yola sokan Erg\u00fcn, yeni do\u011fmu\u015f bebe\u011fi Umut\u2019un yan\u0131nda olmas\u0131 gerekirken hi\u00e7 ait olmad\u0131\u011f\u0131 bir yerde ba\u015f\u0131na gelen bu olmad\u0131k beladan nas\u0131l kurtulaca\u011f\u0131n\u0131 d\u00fc\u015f\u00fcnmektedir.Bu b\u00fcy\u00fck felakette herkes ve her \u015fey Erg\u00fcn\u2019\u00fcn kar\u015f\u0131s\u0131ndayken ona inanan can dostlar\u0131yla e\u015fi Hilal, Erg\u00fcn&#8217;\u00fcn bu felaketten kurtulmas\u0131 i\u00e7in ellerinden geleni yapacak ve kendilerini amans\u0131z bir dedektiflik maceras\u0131n\u0131n i\u00e7erisinde bulacaklard\u0131r. Sosyal medyada hayata dair payla\u015f\u0131mlar\u0131yla \u00f6ne \u00e7\u0131kan Avukat Erg\u00fcn Kazan\u0131r\u2019\u0131n kaleminden, Lohusa \u015eerbeti&#8217;nden sonra yepyeni bir roman daha! Bu romanda macera, polisiye, aile ve dostluk gibi temalar tek bir kurguda birle\u015fiyor. Ger\u00e7ek ya\u015fam\u0131n i\u00e7inden, azimli bir avukat\u0131n bir solukta okunacak hik\u00e2yesi!<\/p>\n","protected":false},"excerpt":{"rendered":"<p>\u00d6zg\u00fcrl\u00fc\u011f\u00fcn anlam\u0131n\u0131 \u00e7ok iyi biliyordum ancak k\u0131ymetini \u00f6\u011frenmek i\u00e7in ge\u00e7 kalm\u0131\u015ft\u0131m&#8230; \u0130nsan\u0131n ne kadar kendinden emin planlar\u0131 olursa olsun kaderin de mutlaka kendi a\u011flar\u0131n\u0131 \u00f6rd\u00fc\u011f\u00fc bir<span class=\"excerpt-hellip\"> [\u2026]<\/span><\/p>\n","protected":false},"featured_media":0,"template":"","meta":{"_monsterinsights_skip_tracking":false,"_monsterinsights_sitenote_active":false,"_monsterinsights_sitenote_note":"","_monsterinsights_sitenote_category":0},"product_brand":[],"product_cat":[12291,12711],"product_tag":[],"class_list":{"0":"post-764968","1":"product","2":"type-product","3":"status-publish","5":"product_cat-edebiyat","6":"product_cat-roman-oyku","7":"pa_cilt-ciltsiz","8":"pa_tur-kitap","9":"pa_yayinevi-timas-yayinlari","10":"pa_yazar-ergun-kazanir","12":"first","13":"instock","14":"sale","15":"shipping-taxable","16":"purchasable","17":"product-type-simple"},"_links":{"self":[{"href":"https:\/\/roveyayinevi.com.tr\/index.php\/wp-json\/wp\/v2\/product\/764968","targetHints":{"allow":["GET"]}}],"collection":[{"href":"https:\/\/roveyayinevi.com.tr\/index.php\/wp-json\/wp\/v2\/product"}],"about":[{"href":"https:\/\/roveyayinevi.com.tr\/index.php\/wp-json\/wp\/v2\/types\/product"}],"wp:attachment":[{"href":"https:\/\/roveyayinevi.com.tr\/index.php\/wp-json\/wp\/v2\/media?parent=764968"}],"wp:term":[{"taxonomy":"product_brand","embeddable":true,"href":"https:\/\/roveyayinevi.com.tr\/index.php\/wp-json\/wp\/v2\/product_brand?post=764968"},{"taxonomy":"product_cat","embeddable":true,"href":"https:\/\/roveyayinevi.com.tr\/index.php\/wp-json\/wp\/v2\/product_cat?post=764968"},{"taxonomy":"product_tag","embeddable":true,"href":"https:\/\/roveyayinevi.com.tr\/index.php\/wp-json\/wp\/v2\/product_tag?post=764968"}],"curies":[{"name":"wp","href":"https:\/\/api.w.org\/{rel}","templated":true}]}}