{"id":764964,"date":"2025-08-28T11:27:10","date_gmt":"2025-08-28T08:27:10","guid":{"rendered":"https:\/\/roveyayinevi.com.tr\/index.php\/urun\/yedi-ayet-yedi-sahsiyet\/"},"modified":"2026-04-15T03:30:50","modified_gmt":"2026-04-15T00:30:50","slug":"yedi-ayet-yedi-sahsiyet","status":"publish","type":"product","link":"https:\/\/roveyayinevi.com.tr\/index.php\/urun\/yedi-ayet-yedi-sahsiyet\/","title":{"rendered":"Yedi Ayet Yedi \u015eahsiyet"},"content":{"rendered":"<p>Kur\u2019an; hayat\u0131 ve cemi c\u00fcmle varl\u0131\u011f\u0131 anlamland\u0131r\u0131r. Hayat\u0131n anlam\u0131 ancak Kur\u2019an ile idrak edilebilir. Efendimizin (sav) ifadesiyle, \u201cFatiha\u201d Kur\u2019an\u2019\u0131n \u00f6z\u00fcd\u00fcr. O \u00f6z\u00fc idrak etmek, \u00f6z\u00fcn temsil etti\u011fi Kur\u2019an\u2019\u0131n b\u00fct\u00fcn\u00fcn\u00fc idrak etmek, demektir. Kur\u2019an\u2019\u0131n b\u00fct\u00fcn\u00fcn\u00fc idrak etmek ise hayat\u0131n anlam ve \u00f6z\u00fcne n\u00fcfuz etmektir.Bu sebeple \u201cFatiha\u201dy\u0131 anlamak ve ya\u015famak Kur\u2019an\u2019\u0131n ahlak\u0131yla ahlaklanmakt\u0131r. Kulluk hayat\u0131n, namaz kullu\u011fun, Fatiha da namaz\u0131n ruhudur.Yasin Pi\u015fgin, Yedi Ayet Yedi \u015eahsiyet\u2019te, sadece Mushaf\u2019\u0131 de\u011fil ayn\u0131 zamanda insan\u0131 da a\u00e7an, a\u00e7\u0131klayan ve tan\u0131mlayan Fatiha suresinin yedi ayetini tefsir ederken, bu yedi ayetin i\u00e7erisine serpi\u015ftirilmi\u015f yedi \u015fahsiyetin karakter \u00f6zelliklerine de i\u015faret ederek insan\u0131n kimli\u011fine, kiminle olmas\u0131 ve olmamas\u0131 gerekti\u011fine vurgu yap\u0131yor.Ta ki hayat\u0131n anlam ve \u00f6z\u00fcne n\u00fcfuz edebilmenin kap\u0131lar\u0131 aralans\u0131n\u2026. <\/p>\n","protected":false},"excerpt":{"rendered":"<p>Kur\u2019an; hayat\u0131 ve cemi c\u00fcmle varl\u0131\u011f\u0131 anlamland\u0131r\u0131r. Hayat\u0131n anlam\u0131 ancak Kur\u2019an ile idrak edilebilir. Efendimizin (sav) ifadesiyle, \u201cFatiha\u201d Kur\u2019an\u2019\u0131n \u00f6z\u00fcd\u00fcr. O \u00f6z\u00fc idrak etmek, \u00f6z\u00fcn temsil<span class=\"excerpt-hellip\"> [\u2026]<\/span><\/p>\n","protected":false},"featured_media":0,"template":"","meta":{"_monsterinsights_skip_tracking":false,"_monsterinsights_sitenote_active":false,"_monsterinsights_sitenote_note":"","_monsterinsights_sitenote_category":0},"product_brand":[],"product_cat":[12718,12719],"product_tag":[],"class_list":{"0":"post-764964","1":"product","2":"type-product","3":"status-publish","5":"product_cat-din","6":"product_cat-islam","7":"pa_cilt-ciltsiz","8":"pa_tur-kitap","9":"pa_yayinevi-timas-yayinlari","10":"pa_yazar-yasin-pisgin","12":"first","13":"instock","14":"sale","15":"shipping-taxable","16":"purchasable","17":"product-type-simple"},"_links":{"self":[{"href":"https:\/\/roveyayinevi.com.tr\/index.php\/wp-json\/wp\/v2\/product\/764964","targetHints":{"allow":["GET"]}}],"collection":[{"href":"https:\/\/roveyayinevi.com.tr\/index.php\/wp-json\/wp\/v2\/product"}],"about":[{"href":"https:\/\/roveyayinevi.com.tr\/index.php\/wp-json\/wp\/v2\/types\/product"}],"wp:attachment":[{"href":"https:\/\/roveyayinevi.com.tr\/index.php\/wp-json\/wp\/v2\/media?parent=764964"}],"wp:term":[{"taxonomy":"product_brand","embeddable":true,"href":"https:\/\/roveyayinevi.com.tr\/index.php\/wp-json\/wp\/v2\/product_brand?post=764964"},{"taxonomy":"product_cat","embeddable":true,"href":"https:\/\/roveyayinevi.com.tr\/index.php\/wp-json\/wp\/v2\/product_cat?post=764964"},{"taxonomy":"product_tag","embeddable":true,"href":"https:\/\/roveyayinevi.com.tr\/index.php\/wp-json\/wp\/v2\/product_tag?post=764964"}],"curies":[{"name":"wp","href":"https:\/\/api.w.org\/{rel}","templated":true}]}}