{"id":764963,"date":"2025-08-28T11:27:09","date_gmt":"2025-08-28T08:27:09","guid":{"rendered":"https:\/\/roveyayinevi.com.tr\/index.php\/urun\/huzura-varinca\/"},"modified":"2026-04-15T03:30:50","modified_gmt":"2026-04-15T00:30:50","slug":"huzura-varinca","status":"publish","type":"product","link":"https:\/\/roveyayinevi.com.tr\/index.php\/urun\/huzura-varinca\/","title":{"rendered":"Huzura Var\u0131nca"},"content":{"rendered":"<p>Namaz, duygusal ve manev\u00ee darl\u0131klar\u0131n \u015fifas\u0131d\u0131r. \u0130\u00e7 s\u0131k\u0131nt\u0131s\u0131, kalp kasveti ya da bunal\u0131m ya\u015fayan birinin namazla ferahlamas\u0131 pek\u00e2l\u00e2 m\u00fcmk\u00fcnd\u00fcr. Namaz\u0131n \u00f6nc\u00fcs\u00fc olan ezanda ge\u00e7en \u201cHaydi fel\u00e2ha!\u201d ifadesi, haddizat\u0131nda b\u00f6yle olumlu ve yap\u0131c\u0131 bir etkinin m\u00fcjdecisidir. Namaz k\u0131lan biri, s\u0131k\u0131nt\u0131l\u0131 hayat ko\u015fullar\u0131 i\u00e7erisinde kendisine bir saadet k\u00f6\u015fesi bulmu\u015f demektir. Namaz, onu hakk\u0131n\u0131 vererek k\u0131lanlar\u0131n tecr\u00fcbesiyle, Allah\u2019\u0131n insana varl\u0131\u011f\u0131n\u0131, huzurunu ve himayesini en \u00e7ok hissettirdi\u011fi ameldir.  Namaz \u00fczerinden Rabbi&#8217;yle konu\u015fmaya ba\u015flayan birinin zamanla b\u00fcy\u00fck bir kalp ferahl\u0131\u011f\u0131na erece\u011fi muhakkakt\u0131r. \u0130nsan namazda \u00e2lemlerin Rabbi ile konu\u015fur, O\u2019nunla sohbet eder. \u0130\u00e7ine akan ilah\u00ee ilhamlar\u0131 kalp aynas\u0131n\u0131n safl\u0131\u011f\u0131 \u00f6l\u00e7\u00fcs\u00fcnce takip eder. Ya\u015fad\u0131\u011f\u0131 s\u0131k\u0131nt\u0131lar kar\u015f\u0131s\u0131nda yaln\u0131zca ilah\u00ee-manev\u00ee tesellilere muhatap olmakla kalmaz, ayn\u0131 zamanda sorunlar\u0131n\u0131n \u00e7\u00f6z\u00fcm yollar\u0131n\u0131 g\u00f6rmesi i\u00e7in kalbine ula\u015fan manev\u00ee y\u00f6nlendirmelere de \u015fahit olur.Aray\u0131\u015fta olan y\u00fcreklere yazd\u0131\u011f\u0131 eserlerle bir nebze olsun su serpmeye \u00e7al\u0131\u015fan, kitaplar\u0131 y\u00fcz binlerce okurla bulu\u015fan Mecit \u00d6m\u00fcr \u00d6zt\u00fcrk, Huzura Var\u0131nca kitab\u0131nda, g\u00fcnde be\u015f defa kap\u0131m\u0131z\u0131 \u00e7alan &#8220;g\u00f6z ayd\u0131nl\u0131\u011f\u0131m\u0131z&#8221; namaz\u0131n d\u00fcnyev\u00ee ve uhrev\u00ee faydalar\u0131n\u0131 derinlemesine i\u015flemenin yan\u0131 s\u0131ra, onun mucivez\u00ee ve iyile\u015ftirici etkisini pek \u00e7ok veciz \u00f6rnek ve e\u015fsiz bir samimiyetle anlat\u0131yor.<\/p>\n","protected":false},"excerpt":{"rendered":"<p>Namaz, duygusal ve manev\u00ee darl\u0131klar\u0131n \u015fifas\u0131d\u0131r. \u0130\u00e7 s\u0131k\u0131nt\u0131s\u0131, kalp kasveti ya da bunal\u0131m ya\u015fayan birinin namazla ferahlamas\u0131 pek\u00e2l\u00e2 m\u00fcmk\u00fcnd\u00fcr. Namaz\u0131n \u00f6nc\u00fcs\u00fc olan ezanda ge\u00e7en \u201cHaydi fel\u00e2ha!\u201d<span class=\"excerpt-hellip\"> [\u2026]<\/span><\/p>\n","protected":false},"featured_media":0,"template":"","meta":{"_monsterinsights_skip_tracking":false,"_monsterinsights_sitenote_active":false,"_monsterinsights_sitenote_note":"","_monsterinsights_sitenote_category":0},"product_brand":[],"product_cat":[12718,12719],"product_tag":[],"class_list":{"0":"post-764963","1":"product","2":"type-product","3":"status-publish","5":"product_cat-din","6":"product_cat-islam","7":"pa_cilt-ciltsiz","8":"pa_tur-kitap","9":"pa_yayinevi-timas-yayinlari","10":"pa_yazar-mecit-omur-ozturk","12":"first","13":"instock","14":"sale","15":"shipping-taxable","16":"purchasable","17":"product-type-simple"},"_links":{"self":[{"href":"https:\/\/roveyayinevi.com.tr\/index.php\/wp-json\/wp\/v2\/product\/764963","targetHints":{"allow":["GET"]}}],"collection":[{"href":"https:\/\/roveyayinevi.com.tr\/index.php\/wp-json\/wp\/v2\/product"}],"about":[{"href":"https:\/\/roveyayinevi.com.tr\/index.php\/wp-json\/wp\/v2\/types\/product"}],"wp:attachment":[{"href":"https:\/\/roveyayinevi.com.tr\/index.php\/wp-json\/wp\/v2\/media?parent=764963"}],"wp:term":[{"taxonomy":"product_brand","embeddable":true,"href":"https:\/\/roveyayinevi.com.tr\/index.php\/wp-json\/wp\/v2\/product_brand?post=764963"},{"taxonomy":"product_cat","embeddable":true,"href":"https:\/\/roveyayinevi.com.tr\/index.php\/wp-json\/wp\/v2\/product_cat?post=764963"},{"taxonomy":"product_tag","embeddable":true,"href":"https:\/\/roveyayinevi.com.tr\/index.php\/wp-json\/wp\/v2\/product_tag?post=764963"}],"curies":[{"name":"wp","href":"https:\/\/api.w.org\/{rel}","templated":true}]}}