{"id":764962,"date":"2025-08-28T11:27:08","date_gmt":"2025-08-28T08:27:08","guid":{"rendered":"https:\/\/roveyayinevi.com.tr\/index.php\/urun\/ask-olsun-7\/"},"modified":"2026-04-15T03:30:50","modified_gmt":"2026-04-15T00:30:50","slug":"ask-olsun-7","status":"publish","type":"product","link":"https:\/\/roveyayinevi.com.tr\/index.php\/urun\/ask-olsun-7\/","title":{"rendered":"A\u015fk Olsun!"},"content":{"rendered":"<p>\u201cBizler sevgiyle iyile\u015firiz, sevgiyle b\u00fcy\u00fcr\u00fcz ve sevgiyle geli\u015firiz.\u201d -Sigmund Freud   A\u015fk, her ya\u015fta ya\u015fanan ve insan\u0131 g\u00fc\u00e7l\u00fc hissettiren, hayat\u0131n en \u00f6nemli duygular\u0131ndan biri. \u00c2\u015f\u0131k oldu\u011fumuz zaman ayaklar\u0131m\u0131z\u0131n yerden kesilmesiyle ya\u015fad\u0131klar\u0131m\u0131z hangi ya\u015fta olursa olsun canl\u0131l\u0131k, umut verir insana. Hayata daha mutlu ve umutlu bakmak, do\u011fru insanla yollar\u0131m\u0131z kesi\u015fti\u011finde ya\u015fad\u0131\u011f\u0131m\u0131z hisler, bizi bamba\u015fka bir insan haline getirir.   Do\u011fru insan\u0131 buldu\u011fumuzda hayat\u0131n t\u00fcm g\u00fczelliklerini hatta ac\u0131 ve tatl\u0131 t\u00fcm anlar\u0131 o insanla ya\u015famak, payla\u015fmak isteriz. \u0130\u015fte, A\u015fk Olsun! kitab\u0131 a\u015fk\u0131 buldu\u011fumuzda nas\u0131l koruyaca\u011f\u0131m\u0131z\u0131 anlat\u0131yor. Hayat\u0131n anlam\u0131 olarak a\u015fk, evrim s\u00fcrecimizde a\u015fk, ilahi a\u015fk ve daha pek \u00e7ok ba\u015fl\u0131kta uzman g\u00f6r\u00fc\u015flerinin yer ald\u0131\u011f\u0131 bu kitapta, kalbinizin en derinlerine kadar ineceksiniz. Kendinizi ve ya\u015fad\u0131klar\u0131n\u0131z\u0131 g\u00f6zden ge\u00e7irecek, a\u015fk\u0131n iyile\u015ftirici y\u00f6n\u00fc sayesinde her \u015feyi d\u00f6n\u00fc\u015ft\u00fcrebilme g\u00fcc\u00fcne sahip olabilece\u011finizi g\u00f6receksiniz.   Hep birlikte a\u015fk\u0131 ke\u015ffetmeye haz\u0131r m\u0131s\u0131n\u0131z?<\/p>\n","protected":false},"excerpt":{"rendered":"<p>\u201cBizler sevgiyle iyile\u015firiz, sevgiyle b\u00fcy\u00fcr\u00fcz ve sevgiyle geli\u015firiz.\u201d -Sigmund Freud A\u015fk, her ya\u015fta ya\u015fanan ve insan\u0131 g\u00fc\u00e7l\u00fc hissettiren, hayat\u0131n en \u00f6nemli duygular\u0131ndan biri. \u00c2\u015f\u0131k oldu\u011fumuz zaman<span class=\"excerpt-hellip\"> [\u2026]<\/span><\/p>\n","protected":false},"featured_media":0,"template":"","meta":{"_monsterinsights_skip_tracking":false,"_monsterinsights_sitenote_active":false,"_monsterinsights_sitenote_note":"","_monsterinsights_sitenote_category":0},"product_brand":[],"product_cat":[12357],"product_tag":[],"class_list":{"0":"post-764962","1":"product","2":"type-product","3":"status-publish","5":"product_cat-psikoloji","6":"pa_cilt-ciltsiz","7":"pa_tur-kitap","8":"pa_yayinevi-nemesis-kitap","9":"pa_yazar-gokben-hizli-sayar","11":"first","12":"instock","13":"sale","14":"shipping-taxable","15":"purchasable","16":"product-type-simple"},"_links":{"self":[{"href":"https:\/\/roveyayinevi.com.tr\/index.php\/wp-json\/wp\/v2\/product\/764962","targetHints":{"allow":["GET"]}}],"collection":[{"href":"https:\/\/roveyayinevi.com.tr\/index.php\/wp-json\/wp\/v2\/product"}],"about":[{"href":"https:\/\/roveyayinevi.com.tr\/index.php\/wp-json\/wp\/v2\/types\/product"}],"wp:attachment":[{"href":"https:\/\/roveyayinevi.com.tr\/index.php\/wp-json\/wp\/v2\/media?parent=764962"}],"wp:term":[{"taxonomy":"product_brand","embeddable":true,"href":"https:\/\/roveyayinevi.com.tr\/index.php\/wp-json\/wp\/v2\/product_brand?post=764962"},{"taxonomy":"product_cat","embeddable":true,"href":"https:\/\/roveyayinevi.com.tr\/index.php\/wp-json\/wp\/v2\/product_cat?post=764962"},{"taxonomy":"product_tag","embeddable":true,"href":"https:\/\/roveyayinevi.com.tr\/index.php\/wp-json\/wp\/v2\/product_tag?post=764962"}],"curies":[{"name":"wp","href":"https:\/\/api.w.org\/{rel}","templated":true}]}}