{"id":764961,"date":"2025-08-28T11:27:07","date_gmt":"2025-08-28T08:27:07","guid":{"rendered":"https:\/\/roveyayinevi.com.tr\/index.php\/urun\/anlamsizlik-hissi-psikoterapi-ve-felsefeye-bir-meydan-okuma\/"},"modified":"2026-04-15T03:30:50","modified_gmt":"2026-04-15T00:30:50","slug":"anlamsizlik-hissi-psikoterapi-ve-felsefeye-bir-meydan-okuma","status":"publish","type":"product","link":"https:\/\/roveyayinevi.com.tr\/index.php\/urun\/anlamsizlik-hissi-psikoterapi-ve-felsefeye-bir-meydan-okuma\/","title":{"rendered":"Anlams\u0131zl\u0131k Hissi: Psikoterapi ve Felsefeye Bir Meydan Okuma"},"content":{"rendered":"<p>D\u00fcnyan\u0131n en \u00fcnl\u00fc psikoterapistlerinden, tarihe \u201cFreud ve Adler\u2019den sonra Psikoterapinin \u00dc\u00e7\u00fcnc\u00fc Viyana Okulu\u2019nu kuran ki\u015fi\u201d olarak ge\u00e7en Viktor E. Frankl, s\u0131ra d\u0131\u015f\u0131 bir hayat ya\u015fad\u0131: \u00d6mr\u00fc boyunca yeni fikirlerin pe\u015finde ko\u015ftu, zaman zaman bu y\u00fczden d\u0131\u015fland\u0131, Hitler d\u00f6neminde toplama kamplar\u0131nda esir d\u00fc\u015ft\u00fc, ailesini bu kamplarda kaybetti fakat her \u015feye ra\u011fmen ya\u015fama tutunma \u00e7abas\u0131ndan ve anlam aray\u0131\u015f\u0131ndan hi\u00e7 vazge\u00e7medi. \u015eahsi tecr\u00fcbelerini n\u00f6roloji ve psikiyatri uzmanl\u0131\u011f\u0131yla birle\u015ftirerek logoterapiyi yaratmas\u0131n\u0131n sebebi de buydu: \u0130nsan\u0131 ya\u015fama ba\u011flayan en \u00f6nemli motivasyonun \u201chayat\u0131n bir anlam\u0131 oldu\u011fu\u201dna inanmakla in\u015fa edildi\u011fini ve hayat m\u00fccadelesindeki en b\u00fcy\u00fck engelin de bu y\u00fczden \u201canlams\u0131zl\u0131k hissi\u201d oldu\u011funu g\u00f6rmesi\u2026   Kaleme ald\u0131\u011f\u0131 Anlams\u0131zl\u0131k Hissi: Psikoterapi ve Felsefeye Bir Meydan Okuma\u2019yla hepimizi kendi hayat\u0131m\u0131za dair bir anlam bulmaya, yaratmaya davet eden Frankl, bug\u00fcn de al\u0131\u015f\u0131ld\u0131k yakla\u015f\u0131mlar\u0131 sorgulamak i\u00e7in ilham veriyor.   \u201c[&#8230;] insan bir \u015feyden nefret ederken ayn\u0131 anda ona delice tutkun olabilir ve bu ikisinin aras\u0131ndaki gerilim tam da hayattaki potansiyel anlamlar\u0131m\u0131z\u0131n pe\u015fine d\u00fc\u015fmeye te\u015fne k\u0131lar bizi. Bu durumdan ho\u015fnut olmamaksa bizim derdimiz, hayat\u0131n de\u011fil. Zaten anlam do\u011furmak denen \u015fey, fonda ne\u015feli bir \u00e7iftetelli e\u015fli\u011finde olmuyor \u00e7o\u011funlukla. Ama bir melodi duymaya niyetliysek hayat bize onu veriyor, oras\u0131 kesin. \u0130\u00e7imizdeki \u00e7a\u011fr\u0131n\u0131n bang\u0131r bang\u0131r gelen sesini de i\u015fte tam o anlam bulmakta g\u00fc\u00e7l\u00fck ya\u015fad\u0131\u011f\u0131m\u0131z, \u00e7\u0131k\u0131\u015f\u0131n varl\u0131\u011f\u0131ndan \u015f\u00fcphe etti\u011fimiz karma\u015f\u0131k zamanlarda duyabiliriz. \u00c7\u00fcnk\u00fc ba\u015fka \u00e7aremiz yok: Kulak vererek ya\u015famak zorunday\u0131z. Frankl\u2019in en b\u00fcy\u00fck alametifarikas\u0131 da burada, zira toplama kamplar\u0131ndan sa\u011f \u00e7\u0131km\u0131\u015f bir ruh sa\u011fl\u0131\u011f\u0131 uzman\u0131 olarak bunu her ko\u015ful alt\u0131nda yapabilece\u011fimiz ger\u00e7e\u011fini ortaya koyuyor.\u201d B\u00fc\u015fra Tar\u00e7al\u0131r <\/p>\n","protected":false},"excerpt":{"rendered":"<p>D\u00fcnyan\u0131n en \u00fcnl\u00fc psikoterapistlerinden, tarihe \u201cFreud ve Adler\u2019den sonra Psikoterapinin \u00dc\u00e7\u00fcnc\u00fc Viyana Okulu\u2019nu kuran ki\u015fi\u201d olarak ge\u00e7en Viktor E. Frankl, s\u0131ra d\u0131\u015f\u0131 bir hayat ya\u015fad\u0131: \u00d6mr\u00fc<span class=\"excerpt-hellip\"> [\u2026]<\/span><\/p>\n","protected":false},"featured_media":0,"template":"","meta":{"_monsterinsights_skip_tracking":false,"_monsterinsights_sitenote_active":false,"_monsterinsights_sitenote_note":"","_monsterinsights_sitenote_category":0},"product_brand":[],"product_cat":[12358,12357],"product_tag":[],"class_list":{"0":"post-764961","1":"product","2":"type-product","3":"status-publish","5":"product_cat-genel-psikoloji","6":"product_cat-psikoloji","7":"pa_cilt-ciltsiz","8":"pa_tur-kitap","9":"pa_yayinevi-mundi","10":"pa_yazar-viktor-e-frankl","12":"first","13":"instock","14":"sale","15":"shipping-taxable","16":"purchasable","17":"product-type-simple"},"_links":{"self":[{"href":"https:\/\/roveyayinevi.com.tr\/index.php\/wp-json\/wp\/v2\/product\/764961","targetHints":{"allow":["GET"]}}],"collection":[{"href":"https:\/\/roveyayinevi.com.tr\/index.php\/wp-json\/wp\/v2\/product"}],"about":[{"href":"https:\/\/roveyayinevi.com.tr\/index.php\/wp-json\/wp\/v2\/types\/product"}],"wp:attachment":[{"href":"https:\/\/roveyayinevi.com.tr\/index.php\/wp-json\/wp\/v2\/media?parent=764961"}],"wp:term":[{"taxonomy":"product_brand","embeddable":true,"href":"https:\/\/roveyayinevi.com.tr\/index.php\/wp-json\/wp\/v2\/product_brand?post=764961"},{"taxonomy":"product_cat","embeddable":true,"href":"https:\/\/roveyayinevi.com.tr\/index.php\/wp-json\/wp\/v2\/product_cat?post=764961"},{"taxonomy":"product_tag","embeddable":true,"href":"https:\/\/roveyayinevi.com.tr\/index.php\/wp-json\/wp\/v2\/product_tag?post=764961"}],"curies":[{"name":"wp","href":"https:\/\/api.w.org\/{rel}","templated":true}]}}