{"id":764960,"date":"2025-08-28T11:27:05","date_gmt":"2025-08-28T08:27:05","guid":{"rendered":"https:\/\/roveyayinevi.com.tr\/index.php\/urun\/islik\/"},"modified":"2026-04-08T03:27:06","modified_gmt":"2026-04-08T00:27:06","slug":"islik","status":"publish","type":"product","link":"https:\/\/roveyayinevi.com.tr\/index.php\/urun\/islik\/","title":{"rendered":"Isl\u0131k"},"content":{"rendered":"<p>Her g\u00fcn mucizelerin ya\u015fand\u0131\u011f\u0131 hayatlara \u015fahitlik ederken bir sonraki mucize biz olabiliriz; neden olmas\u0131n! Bazen hayat bir \u0131sl\u0131k \u00e7alar ve sen bu \u0131sl\u0131\u011fa d\u00f6ner bakars\u0131n. O \u0131sl\u0131k senin dikkatini \u00e7ekerek hayat\u0131na y\u00f6n vermen, harekete ge\u00e7men ya da durman, sakin kalman, d\u00fc\u015f\u00fcnmen, fark etmen i\u00e7indir. Bazense o \u0131sl\u0131k beyninin i\u00e7inde \u00f6yle bir yank\u0131lanmaya neden olur ki hayat\u0131n\u0131n alt\u0131 \u00fcst\u00fcne gelir. Elbette bu da sebepsiz de\u011fildir. G\u00f6rmen gereken bir \u015fey vard\u0131r: \u201cSen bu d\u00fcnyaya tamamlanmaya, ar\u0131nmaya ve tek\u00e2m\u00fcl s\u00fcrecini sonland\u0131rmaya geldin.\u201d E\u011fer ge\u00e7mi\u015fi, ruhlar \u00e2lemini hat\u0131rl\u0131yor ve ne yapmaya geldi\u011fimizi biliyor olsayd\u0131k bunun ad\u0131 \u201cs\u0131nav\u201d olmazd\u0131, \u201car\u0131nma\u201d olmazd\u0131, \u201ctek\u00e2m\u00fcl yolculu\u011fu\u201d olmazd\u0131. Isl\u0131k kitab\u0131mda insanlar\u0131n d\u00fc\u015f\u00fcncelerine d\u00f6n\u00fc\u015ft\u00fcklerini, \u00e7akralar\u0131m\u0131z\u0131n bu d\u00fc\u015f\u00fcncelerden nas\u0131l etkilendi\u011fini, ya\u015fad\u0131\u011f\u0131m\u0131z travmalar\u0131n nas\u0131l hastal\u0131klara d\u00f6n\u00fc\u015ft\u00fc\u011f\u00fcn\u00fc ve elbette t\u00fcm bunlar\u0131 nas\u0131l de\u011fi\u015ftirebilece\u011fimizi t\u00fcm detaylar\u0131yla i\u015fledim. Tek\u00e2m\u00fcl s\u00fcrecimizi tamamlamaya \u00e7al\u0131\u015f\u0131rken karmalar\u0131m\u0131z\u0131n \u00f6n\u00fcm\u00fcze \u00e7\u0131kard\u0131\u011f\u0131 zorluklar\u0131, vermeye \u00e7al\u0131\u015ft\u0131klar\u0131 mesajlar\u0131 ve ya\u015famsal d\u00f6ng\u00fclerimizi de ayr\u0131nt\u0131l\u0131 bir \u015fekilde anlatt\u0131m. Neyi, neden ya\u015fad\u0131\u011f\u0131m\u0131z\u0131 anlamadan ortaya koydu\u011fumuz her t\u00fcrl\u00fc eylem kar\u015f\u0131l\u0131ks\u0131z kalacakt\u0131r. Bunu deneyimleyerek \u00f6\u011frenme imk\u00e2n\u0131m oldu\u011fu i\u00e7in kendimi \u00e7ok \u015fansl\u0131 hissediyorum.  <\/p>\n","protected":false},"excerpt":{"rendered":"<p>Her g\u00fcn mucizelerin ya\u015fand\u0131\u011f\u0131 hayatlara \u015fahitlik ederken bir sonraki mucize biz olabiliriz; neden olmas\u0131n! Bazen hayat bir \u0131sl\u0131k \u00e7alar ve sen bu \u0131sl\u0131\u011fa d\u00f6ner bakars\u0131n. O<span class=\"excerpt-hellip\"> [\u2026]<\/span><\/p>\n","protected":false},"featured_media":0,"template":"","meta":{"_monsterinsights_skip_tracking":false,"_monsterinsights_sitenote_active":false,"_monsterinsights_sitenote_note":"","_monsterinsights_sitenote_category":0},"product_brand":[],"product_cat":[12364,12376],"product_tag":[],"class_list":{"0":"post-764960","1":"product","2":"type-product","3":"status-publish","5":"product_cat-genel-konular","6":"product_cat-kisisel-gelisim","7":"pa_cilt-ciltsiz","8":"pa_tur-kitap","9":"pa_yayinevi-nemesis-kitap","10":"pa_yazar-firat-cakir","12":"first","13":"instock","14":"sale","15":"shipping-taxable","16":"purchasable","17":"product-type-simple"},"_links":{"self":[{"href":"https:\/\/roveyayinevi.com.tr\/index.php\/wp-json\/wp\/v2\/product\/764960","targetHints":{"allow":["GET"]}}],"collection":[{"href":"https:\/\/roveyayinevi.com.tr\/index.php\/wp-json\/wp\/v2\/product"}],"about":[{"href":"https:\/\/roveyayinevi.com.tr\/index.php\/wp-json\/wp\/v2\/types\/product"}],"wp:attachment":[{"href":"https:\/\/roveyayinevi.com.tr\/index.php\/wp-json\/wp\/v2\/media?parent=764960"}],"wp:term":[{"taxonomy":"product_brand","embeddable":true,"href":"https:\/\/roveyayinevi.com.tr\/index.php\/wp-json\/wp\/v2\/product_brand?post=764960"},{"taxonomy":"product_cat","embeddable":true,"href":"https:\/\/roveyayinevi.com.tr\/index.php\/wp-json\/wp\/v2\/product_cat?post=764960"},{"taxonomy":"product_tag","embeddable":true,"href":"https:\/\/roveyayinevi.com.tr\/index.php\/wp-json\/wp\/v2\/product_tag?post=764960"}],"curies":[{"name":"wp","href":"https:\/\/api.w.org\/{rel}","templated":true}]}}