{"id":764959,"date":"2025-08-28T11:27:04","date_gmt":"2025-08-28T08:27:04","guid":{"rendered":"https:\/\/roveyayinevi.com.tr\/index.php\/urun\/metafor-2\/"},"modified":"2026-04-15T03:30:50","modified_gmt":"2026-04-15T00:30:50","slug":"metafor-2","status":"publish","type":"product","link":"https:\/\/roveyayinevi.com.tr\/index.php\/urun\/metafor-2\/","title":{"rendered":"Metafor"},"content":{"rendered":"<p>S\u0131radan g\u00f6r\u00fcnen her zorlu\u011fun ard\u0131nda gizli bir anlam vard\u0131r.   Metafor, insan ruhunun karma\u015f\u0131k d\u00fcnyas\u0131na derin bir ke\u015fif sunuyor. Ruhsal ve duygusal problemlere metaforlar arac\u0131l\u0131\u011f\u0131yla yeni ve farkl\u0131 bir bak\u0131\u015f a\u00e7\u0131s\u0131 getirerek, okuyucular\u0131n her bir sorunu \u00e7ok boyutlu bir \u015fekilde kavramalar\u0131n\u0131 sa\u011fl\u0131yor. Ayn\u0131 zamanda, s\u0131radan g\u00f6r\u00fcnen her zorlu\u011fun ard\u0131nda gizli bir anlam oldu\u011funu, her ya\u015fanan\u0131n asl\u0131nda daha derin bir hik\u00e2ye anlatt\u0131\u011f\u0131n\u0131 fark ettiriyor. Okuyucular\u0131, hayat\u0131n zorluklar\u0131 kar\u015f\u0131s\u0131nda yeni d\u00fc\u015f\u00fcnme yollar\u0131 ve fark\u0131ndal\u0131k kap\u0131lar\u0131 aralamaya davet ediyor.   Kendinizle, \u00e7evrenizle ve hayat\u0131n karma\u015fas\u0131yla daha derin bir ba\u011flant\u0131 kurman\u0131z\u0131 sa\u011flayan Metafor, sorunlar\u0131 sadece \u00e7\u00f6zmeyi de\u011fil, onlarla yeni bir dilde konu\u015fmay\u0131 \u00f6\u011freten bir rehber niteli\u011finde. Hem ruh sa\u011fl\u0131\u011f\u0131 alan\u0131nda \u00e7al\u0131\u015fan terapistlerin ba\u015fucu kitab\u0131 olmaya aday bu eser, ki\u015fisel d\u00f6n\u00fc\u015f\u00fcm\u00fcn ve i\u00e7sel anlam\u0131n yollar\u0131n\u0131 ke\u015ffe davet ediyor.<\/p>\n","protected":false},"excerpt":{"rendered":"<p>S\u0131radan g\u00f6r\u00fcnen her zorlu\u011fun ard\u0131nda gizli bir anlam vard\u0131r. Metafor, insan ruhunun karma\u015f\u0131k d\u00fcnyas\u0131na derin bir ke\u015fif sunuyor. Ruhsal ve duygusal problemlere metaforlar arac\u0131l\u0131\u011f\u0131yla yeni ve<span class=\"excerpt-hellip\"> [\u2026]<\/span><\/p>\n","protected":false},"featured_media":0,"template":"","meta":{"_monsterinsights_skip_tracking":false,"_monsterinsights_sitenote_active":false,"_monsterinsights_sitenote_note":"","_monsterinsights_sitenote_category":0},"product_brand":[],"product_cat":[12358,12357],"product_tag":[],"class_list":{"0":"post-764959","1":"product","2":"type-product","3":"status-publish","5":"product_cat-genel-psikoloji","6":"product_cat-psikoloji","7":"pa_cilt-ciltsiz","8":"pa_tur-kitap","9":"pa_yayinevi-nemesis-kitap","10":"pa_yazar-cansu-yurtseven","12":"first","13":"instock","14":"sale","15":"shipping-taxable","16":"purchasable","17":"product-type-simple"},"_links":{"self":[{"href":"https:\/\/roveyayinevi.com.tr\/index.php\/wp-json\/wp\/v2\/product\/764959","targetHints":{"allow":["GET"]}}],"collection":[{"href":"https:\/\/roveyayinevi.com.tr\/index.php\/wp-json\/wp\/v2\/product"}],"about":[{"href":"https:\/\/roveyayinevi.com.tr\/index.php\/wp-json\/wp\/v2\/types\/product"}],"wp:attachment":[{"href":"https:\/\/roveyayinevi.com.tr\/index.php\/wp-json\/wp\/v2\/media?parent=764959"}],"wp:term":[{"taxonomy":"product_brand","embeddable":true,"href":"https:\/\/roveyayinevi.com.tr\/index.php\/wp-json\/wp\/v2\/product_brand?post=764959"},{"taxonomy":"product_cat","embeddable":true,"href":"https:\/\/roveyayinevi.com.tr\/index.php\/wp-json\/wp\/v2\/product_cat?post=764959"},{"taxonomy":"product_tag","embeddable":true,"href":"https:\/\/roveyayinevi.com.tr\/index.php\/wp-json\/wp\/v2\/product_tag?post=764959"}],"curies":[{"name":"wp","href":"https:\/\/api.w.org\/{rel}","templated":true}]}}