{"id":764958,"date":"2025-08-28T11:27:03","date_gmt":"2025-08-28T08:27:03","guid":{"rendered":"https:\/\/roveyayinevi.com.tr\/index.php\/urun\/kuran-i-kerimin-tasavvufi-tefsiri-ilahi-kelamin-sirlari-3-cilt-6-kitap\/"},"modified":"2026-04-15T03:30:50","modified_gmt":"2026-04-15T00:30:50","slug":"kuran-i-kerimin-tasavvufi-tefsiri-ilahi-kelamin-sirlari-3-cilt-6-kitap","status":"publish","type":"product","link":"https:\/\/roveyayinevi.com.tr\/index.php\/urun\/kuran-i-kerimin-tasavvufi-tefsiri-ilahi-kelamin-sirlari-3-cilt-6-kitap\/","title":{"rendered":"Kur\u2019an-\u0131 Kerim\u2019in Tasavvufi Tefsiri: \u0130lahi Kelam\u2019\u0131n S\u0131rlar\u0131 (3 Cilt &#8211; 6 Kitap)"},"content":{"rendered":"<p>Elinizdeki kitap, Abd\u00fclker\u00eem Ku\u015feyr\u00ee\u2019nin \u00fcnl\u00fc tefsiri Let\u00e2if\u00fc\u2019l-i\u015f\u00e2r\u00e2t\u2019\u0131n \u00e7evirisidir. Bu tefsir, tasavvuf tarihinin ilk kapsaml\u0131 tefsirlerinden birisidir. Bu itibarla kendisine kadar gelen s\u00fcre\u00e7te s\u00fbf\u00eelerin din\u00ee hayat\u0131n farkl\u0131 alanlar\u0131yla ilgili g\u00f6r\u00fc\u015flerini ihtiva ederek b\u00fct\u00fcn bu g\u00f6r\u00fc\u015fleri naslar\u0131n etraf\u0131nda toparlar. Ku\u015feyr\u00ee\u2019nin tefsiri, f\u0131k\u0131h-ak\u00eede alan\u0131nda ikincil yorum, ahl\u00e2k alan\u0131nda ise birincil yorum anlam\u0131na gelen bir i\u015f\u00e2r\u00ee tefsir olarak kabul edilir. <\/p>\n","protected":false},"excerpt":{"rendered":"<p>Elinizdeki kitap, Abd\u00fclker\u00eem Ku\u015feyr\u00ee\u2019nin \u00fcnl\u00fc tefsiri Let\u00e2if\u00fc\u2019l-i\u015f\u00e2r\u00e2t\u2019\u0131n \u00e7evirisidir. Bu tefsir, tasavvuf tarihinin ilk kapsaml\u0131 tefsirlerinden birisidir. Bu itibarla kendisine kadar gelen s\u00fcre\u00e7te s\u00fbf\u00eelerin din\u00ee hayat\u0131n farkl\u0131<span class=\"excerpt-hellip\"> [\u2026]<\/span><\/p>\n","protected":false},"featured_media":0,"template":"","meta":{"_monsterinsights_skip_tracking":false,"_monsterinsights_sitenote_active":false,"_monsterinsights_sitenote_note":"","_monsterinsights_sitenote_category":0},"product_brand":[],"product_cat":[12718,12719,15238],"product_tag":[],"class_list":{"0":"post-764958","1":"product","2":"type-product","3":"status-publish","5":"product_cat-din","6":"product_cat-islam","7":"product_cat-tasavvuf","8":"pa_cilt-ciltsiz","9":"pa_tur-kitap","10":"pa_yayinevi-fikriyat-yayinlari","11":"pa_yazar-abdulkerim-kuseyri","13":"first","14":"instock","15":"sale","16":"shipping-taxable","17":"purchasable","18":"product-type-simple"},"_links":{"self":[{"href":"https:\/\/roveyayinevi.com.tr\/index.php\/wp-json\/wp\/v2\/product\/764958","targetHints":{"allow":["GET"]}}],"collection":[{"href":"https:\/\/roveyayinevi.com.tr\/index.php\/wp-json\/wp\/v2\/product"}],"about":[{"href":"https:\/\/roveyayinevi.com.tr\/index.php\/wp-json\/wp\/v2\/types\/product"}],"wp:attachment":[{"href":"https:\/\/roveyayinevi.com.tr\/index.php\/wp-json\/wp\/v2\/media?parent=764958"}],"wp:term":[{"taxonomy":"product_brand","embeddable":true,"href":"https:\/\/roveyayinevi.com.tr\/index.php\/wp-json\/wp\/v2\/product_brand?post=764958"},{"taxonomy":"product_cat","embeddable":true,"href":"https:\/\/roveyayinevi.com.tr\/index.php\/wp-json\/wp\/v2\/product_cat?post=764958"},{"taxonomy":"product_tag","embeddable":true,"href":"https:\/\/roveyayinevi.com.tr\/index.php\/wp-json\/wp\/v2\/product_tag?post=764958"}],"curies":[{"name":"wp","href":"https:\/\/api.w.org\/{rel}","templated":true}]}}