{"id":764957,"date":"2025-08-28T11:27:01","date_gmt":"2025-08-28T08:27:01","guid":{"rendered":"https:\/\/roveyayinevi.com.tr\/index.php\/urun\/kuzey-kilici-efsanesi-1\/"},"modified":"2026-04-15T03:30:50","modified_gmt":"2026-04-15T00:30:50","slug":"kuzey-kilici-efsanesi-1","status":"publish","type":"product","link":"https:\/\/roveyayinevi.com.tr\/index.php\/urun\/kuzey-kilici-efsanesi-1\/","title":{"rendered":"Kuzey K\u0131l\u0131c\u0131 Efsanesi  1"},"content":{"rendered":"<p>Kutsal Kuzey Birli\u011fi\u2019nin k\u0131skan\u00e7l\u0131k ve hasedi y\u00fcz\u00fcnden Kutsal Kuzey Cennet Kap\u0131s\u0131\u2019n\u0131n sonu geldi. \u0130nsanlar d\u00f6rt bir yana da\u011f\u0131lm\u0131\u015f, herhangi bir r\u00fctbe sahibi kalmam\u0131\u015ft\u0131, ancak kimsenin bilmedi\u011fi Manyeong Duvar\u0131\u2019na kaz\u0131nm\u0131\u015f olan d\u00f6v\u00fc\u015f sanatlar\u0131\u2026 MU-WON JIN\u2019\u0130N SAYES\u0130NDE ORTAYA \u00c7IKACAKTI! <\/p>\n","protected":false},"excerpt":{"rendered":"<p>Kutsal Kuzey Birli\u011fi\u2019nin k\u0131skan\u00e7l\u0131k ve hasedi y\u00fcz\u00fcnden Kutsal Kuzey Cennet Kap\u0131s\u0131\u2019n\u0131n sonu geldi. \u0130nsanlar d\u00f6rt bir yana da\u011f\u0131lm\u0131\u015f, herhangi bir r\u00fctbe sahibi kalmam\u0131\u015ft\u0131, ancak kimsenin bilmedi\u011fi<span class=\"excerpt-hellip\"> [\u2026]<\/span><\/p>\n","protected":false},"featured_media":0,"template":"","meta":{"_monsterinsights_skip_tracking":false,"_monsterinsights_sitenote_active":false,"_monsterinsights_sitenote_note":"","_monsterinsights_sitenote_category":0},"product_brand":[],"product_cat":[12416,12291],"product_tag":[],"class_list":{"0":"post-764957","1":"product","2":"type-product","3":"status-publish","5":"product_cat-cizgi-roman","6":"product_cat-edebiyat","7":"pa_cilt-ciltsiz","8":"pa_tur-kitap","9":"pa_yayinevi-kurukafa","10":"pa_yazar-woo-gak","12":"first","13":"instock","14":"sale","15":"shipping-taxable","16":"purchasable","17":"product-type-simple"},"_links":{"self":[{"href":"https:\/\/roveyayinevi.com.tr\/index.php\/wp-json\/wp\/v2\/product\/764957","targetHints":{"allow":["GET"]}}],"collection":[{"href":"https:\/\/roveyayinevi.com.tr\/index.php\/wp-json\/wp\/v2\/product"}],"about":[{"href":"https:\/\/roveyayinevi.com.tr\/index.php\/wp-json\/wp\/v2\/types\/product"}],"wp:attachment":[{"href":"https:\/\/roveyayinevi.com.tr\/index.php\/wp-json\/wp\/v2\/media?parent=764957"}],"wp:term":[{"taxonomy":"product_brand","embeddable":true,"href":"https:\/\/roveyayinevi.com.tr\/index.php\/wp-json\/wp\/v2\/product_brand?post=764957"},{"taxonomy":"product_cat","embeddable":true,"href":"https:\/\/roveyayinevi.com.tr\/index.php\/wp-json\/wp\/v2\/product_cat?post=764957"},{"taxonomy":"product_tag","embeddable":true,"href":"https:\/\/roveyayinevi.com.tr\/index.php\/wp-json\/wp\/v2\/product_tag?post=764957"}],"curies":[{"name":"wp","href":"https:\/\/api.w.org\/{rel}","templated":true}]}}