{"id":764956,"date":"2025-08-28T11:26:59","date_gmt":"2025-08-28T08:26:59","guid":{"rendered":"https:\/\/roveyayinevi.com.tr\/index.php\/urun\/benim-kucuk-evim\/"},"modified":"2026-04-15T03:30:50","modified_gmt":"2026-04-15T00:30:50","slug":"benim-kucuk-evim","status":"publish","type":"product","link":"https:\/\/roveyayinevi.com.tr\/index.php\/urun\/benim-kucuk-evim\/","title":{"rendered":"Benim K\u00fc\u00e7\u00fck Evim"},"content":{"rendered":"<p>B\u00fcy\u00fck kararlar b\u00fcy\u00fck de\u011fi\u015fimler getirir derler ama baz\u0131 de\u011fi\u015fimlerin kendisi k\u00fc\u00e7\u00fcc\u00fckt\u00fcr. T\u0131pk\u0131 b\u00fcy\u00fck bir evden k\u00fc\u00e7\u00fck bir karavana ta\u015f\u0131n\u0131nca oldu\u011fu gibi\u2026   Benim K\u00fc\u00e7\u00fck Evim, karavanda ya\u015famaya karar veren sevimli bir ailenin zorlu ve keyifli maceras\u0131n\u0131 anlat\u0131yor.<\/p>\n","protected":false},"excerpt":{"rendered":"<p>B\u00fcy\u00fck kararlar b\u00fcy\u00fck de\u011fi\u015fimler getirir derler ama baz\u0131 de\u011fi\u015fimlerin kendisi k\u00fc\u00e7\u00fcc\u00fckt\u00fcr. T\u0131pk\u0131 b\u00fcy\u00fck bir evden k\u00fc\u00e7\u00fck bir karavana ta\u015f\u0131n\u0131nca oldu\u011fu gibi\u2026 Benim K\u00fc\u00e7\u00fck Evim, karavanda ya\u015famaya<span class=\"excerpt-hellip\"> [\u2026]<\/span><\/p>\n","protected":false},"featured_media":0,"template":"","meta":{"_monsterinsights_skip_tracking":false,"_monsterinsights_sitenote_active":false,"_monsterinsights_sitenote_note":"","_monsterinsights_sitenote_category":0},"product_brand":[],"product_cat":[12274,12284],"product_tag":[],"class_list":{"0":"post-764956","1":"product","2":"type-product","3":"status-publish","5":"product_cat-cocuk-ve-genclik-kitaplari","6":"product_cat-hikayeler","7":"pa_cilt-ciltsiz","8":"pa_tur-kitap","9":"pa_yayinevi-masalperest-ozel-urun","10":"pa_yazar-isil-kocaoglan","12":"first","13":"instock","14":"sale","15":"shipping-taxable","16":"purchasable","17":"product-type-simple"},"_links":{"self":[{"href":"https:\/\/roveyayinevi.com.tr\/index.php\/wp-json\/wp\/v2\/product\/764956","targetHints":{"allow":["GET"]}}],"collection":[{"href":"https:\/\/roveyayinevi.com.tr\/index.php\/wp-json\/wp\/v2\/product"}],"about":[{"href":"https:\/\/roveyayinevi.com.tr\/index.php\/wp-json\/wp\/v2\/types\/product"}],"wp:attachment":[{"href":"https:\/\/roveyayinevi.com.tr\/index.php\/wp-json\/wp\/v2\/media?parent=764956"}],"wp:term":[{"taxonomy":"product_brand","embeddable":true,"href":"https:\/\/roveyayinevi.com.tr\/index.php\/wp-json\/wp\/v2\/product_brand?post=764956"},{"taxonomy":"product_cat","embeddable":true,"href":"https:\/\/roveyayinevi.com.tr\/index.php\/wp-json\/wp\/v2\/product_cat?post=764956"},{"taxonomy":"product_tag","embeddable":true,"href":"https:\/\/roveyayinevi.com.tr\/index.php\/wp-json\/wp\/v2\/product_tag?post=764956"}],"curies":[{"name":"wp","href":"https:\/\/api.w.org\/{rel}","templated":true}]}}