{"id":764954,"date":"2025-08-28T11:26:54","date_gmt":"2025-08-28T08:26:54","guid":{"rendered":"https:\/\/roveyayinevi.com.tr\/index.php\/urun\/disney-twisted-wonderland-heartslabyul-4\/"},"modified":"2026-04-15T03:30:50","modified_gmt":"2026-04-15T00:30:50","slug":"disney-twisted-wonderland-heartslabyul-4","status":"publish","type":"product","link":"https:\/\/roveyayinevi.com.tr\/index.php\/urun\/disney-twisted-wonderland-heartslabyul-4\/","title":{"rendered":"Disney Twisted Wonderland Heartslabyul &#8211; 4"},"content":{"rendered":"<p>Heyecanl\u0131 bir b\u00f6l\u00fcm sonu maceras\u0131na davetlisin! Lise \u00f6\u011frencisi Yu ba\u015fka bir d\u00fcnyaya, Twisted Wonderland\u2019e \u00e7a\u011f\u0131r\u0131l\u0131r ve Night Raven Koleji\u2019nde \u00f6\u011frenci olarak yepyeni bir hayata ba\u015flar. Ne var ki Heartslabyul Yurtlideri Riddle, hem b\u00fcy\u00fcs\u00fcn\u00fcn hem de duygular\u0131n\u0131n kontrol\u00fcn\u00fc kaybeder ve m\u00fcrekkeplenir! Yu, Riddle\u2019la y\u00fczle\u015fmek i\u00e7in Grimm, Ace, Deuce, Trey ve Cater\u2019a kat\u0131l\u0131r ancak onlar\u0131 hi\u00e7 beklenmedik zorluklar beklemektedir\u2026 Pop\u00fcler ak\u0131ll\u0131 telefon oyunu Disney Twisted Wonderland\u2019in kendi ekibi taraf\u0131ndan haz\u0131rlanan Heartslabyul B\u00f6l\u00fcm\u00fc, nefes kesici bir kapan\u0131\u015f maceras\u0131yla seninle!<\/p>\n","protected":false},"excerpt":{"rendered":"<p>Heyecanl\u0131 bir b\u00f6l\u00fcm sonu maceras\u0131na davetlisin! Lise \u00f6\u011frencisi Yu ba\u015fka bir d\u00fcnyaya, Twisted Wonderland\u2019e \u00e7a\u011f\u0131r\u0131l\u0131r ve Night Raven Koleji\u2019nde \u00f6\u011frenci olarak yepyeni bir hayata ba\u015flar. Ne<span class=\"excerpt-hellip\"> [\u2026]<\/span><\/p>\n","protected":false},"featured_media":0,"template":"","meta":{"_monsterinsights_skip_tracking":false,"_monsterinsights_sitenote_active":false,"_monsterinsights_sitenote_note":"","_monsterinsights_sitenote_category":0},"product_brand":[],"product_cat":[12416,12291],"product_tag":[],"class_list":{"0":"post-764954","1":"product","2":"type-product","3":"status-publish","5":"product_cat-cizgi-roman","6":"product_cat-edebiyat","7":"pa_cilt-ciltsiz","8":"pa_tur-kitap","9":"pa_yayinevi-beta-byou","10":"pa_yazar-wakana-hazuki","12":"first","13":"instock","14":"sale","15":"shipping-taxable","16":"purchasable","17":"product-type-simple"},"_links":{"self":[{"href":"https:\/\/roveyayinevi.com.tr\/index.php\/wp-json\/wp\/v2\/product\/764954","targetHints":{"allow":["GET"]}}],"collection":[{"href":"https:\/\/roveyayinevi.com.tr\/index.php\/wp-json\/wp\/v2\/product"}],"about":[{"href":"https:\/\/roveyayinevi.com.tr\/index.php\/wp-json\/wp\/v2\/types\/product"}],"wp:attachment":[{"href":"https:\/\/roveyayinevi.com.tr\/index.php\/wp-json\/wp\/v2\/media?parent=764954"}],"wp:term":[{"taxonomy":"product_brand","embeddable":true,"href":"https:\/\/roveyayinevi.com.tr\/index.php\/wp-json\/wp\/v2\/product_brand?post=764954"},{"taxonomy":"product_cat","embeddable":true,"href":"https:\/\/roveyayinevi.com.tr\/index.php\/wp-json\/wp\/v2\/product_cat?post=764954"},{"taxonomy":"product_tag","embeddable":true,"href":"https:\/\/roveyayinevi.com.tr\/index.php\/wp-json\/wp\/v2\/product_tag?post=764954"}],"curies":[{"name":"wp","href":"https:\/\/api.w.org\/{rel}","templated":true}]}}