{"id":764953,"date":"2025-08-28T11:26:52","date_gmt":"2025-08-28T08:26:52","guid":{"rendered":"https:\/\/roveyayinevi.com.tr\/index.php\/urun\/disney-twisted-wonderland-heartslabyul-3\/"},"modified":"2026-04-15T03:30:50","modified_gmt":"2026-04-15T00:30:50","slug":"disney-twisted-wonderland-heartslabyul-3","status":"publish","type":"product","link":"https:\/\/roveyayinevi.com.tr\/index.php\/urun\/disney-twisted-wonderland-heartslabyul-3\/","title":{"rendered":"Disney Twisted Wonderland Heartslabyul &#8211; 3"},"content":{"rendered":"<p>Twisted Wonderland ile 3. bulu\u015fmaya haz\u0131r m\u0131s\u0131n? Lise \u00f6\u011frencisi Yu kendini Twisted Wonderland isimli ba\u015fka bir d\u00fcnyada bulur ve Night Raven Koleji\u2019nde \u00f6\u011frenci olarak hayat\u0131n\u0131 s\u00fcrd\u00fcrmeye ba\u015flar. S\u0131n\u0131f arkada\u015f\u0131 Ace y\u00fcz\u00fcnden \u00e7\u0131kan bir problemi d\u00fczeltmeye \u00e7al\u0131\u015fmak i\u00e7in Heartslabyul Yurdu\u2019ndaki Do\u011fmama G\u00fcn\u00fc Partisi\u2019ne kat\u0131l\u0131r. Fakat Yurtlideri Riddle\u2019\u0131n gazab\u0131na u\u011frarlar. Pop\u00fcler ak\u0131ll\u0131 telefon oyunu Disney Twisted-Wonderland ekibi taraf\u0131ndan haz\u0131rlanan manga G\u00fcl K\u0131z\u0131l Tiran\u2019\u0131 ka\u00e7\u0131rma!<\/p>\n","protected":false},"excerpt":{"rendered":"<p>Twisted Wonderland ile 3. bulu\u015fmaya haz\u0131r m\u0131s\u0131n? Lise \u00f6\u011frencisi Yu kendini Twisted Wonderland isimli ba\u015fka bir d\u00fcnyada bulur ve Night Raven Koleji\u2019nde \u00f6\u011frenci olarak hayat\u0131n\u0131 s\u00fcrd\u00fcrmeye<span class=\"excerpt-hellip\"> [\u2026]<\/span><\/p>\n","protected":false},"featured_media":0,"template":"","meta":{"_monsterinsights_skip_tracking":false,"_monsterinsights_sitenote_active":false,"_monsterinsights_sitenote_note":"","_monsterinsights_sitenote_category":0},"product_brand":[],"product_cat":[12416,12291],"product_tag":[],"class_list":{"0":"post-764953","1":"product","2":"type-product","3":"status-publish","5":"product_cat-cizgi-roman","6":"product_cat-edebiyat","7":"pa_cilt-ciltsiz","8":"pa_tur-kitap","9":"pa_yayinevi-beta-byou","10":"pa_yazar-wakana-hazuki","12":"first","13":"instock","14":"sale","15":"shipping-taxable","16":"purchasable","17":"product-type-simple"},"_links":{"self":[{"href":"https:\/\/roveyayinevi.com.tr\/index.php\/wp-json\/wp\/v2\/product\/764953","targetHints":{"allow":["GET"]}}],"collection":[{"href":"https:\/\/roveyayinevi.com.tr\/index.php\/wp-json\/wp\/v2\/product"}],"about":[{"href":"https:\/\/roveyayinevi.com.tr\/index.php\/wp-json\/wp\/v2\/types\/product"}],"wp:attachment":[{"href":"https:\/\/roveyayinevi.com.tr\/index.php\/wp-json\/wp\/v2\/media?parent=764953"}],"wp:term":[{"taxonomy":"product_brand","embeddable":true,"href":"https:\/\/roveyayinevi.com.tr\/index.php\/wp-json\/wp\/v2\/product_brand?post=764953"},{"taxonomy":"product_cat","embeddable":true,"href":"https:\/\/roveyayinevi.com.tr\/index.php\/wp-json\/wp\/v2\/product_cat?post=764953"},{"taxonomy":"product_tag","embeddable":true,"href":"https:\/\/roveyayinevi.com.tr\/index.php\/wp-json\/wp\/v2\/product_tag?post=764953"}],"curies":[{"name":"wp","href":"https:\/\/api.w.org\/{rel}","templated":true}]}}