{"id":764952,"date":"2025-08-28T11:26:49","date_gmt":"2025-08-28T08:26:49","guid":{"rendered":"https:\/\/roveyayinevi.com.tr\/index.php\/urun\/cozum-bakanligi-ve-kaybolan-van-gogh\/"},"modified":"2026-04-15T03:30:50","modified_gmt":"2026-04-15T00:30:50","slug":"cozum-bakanligi-ve-kaybolan-van-gogh","status":"publish","type":"product","link":"https:\/\/roveyayinevi.com.tr\/index.php\/urun\/cozum-bakanligi-ve-kaybolan-van-gogh\/","title":{"rendered":"\u00c7\u00f6z\u00fcm Bakanl\u0131\u011f\u0131 ve Kaybolan Van Gogh"},"content":{"rendered":"<p>\u00c7\u00f6z\u00fcm Bakanl\u0131\u011f\u0131&#8217;n\u0131n yeniden kurulmas\u0131n\u0131nheyecan\u0131n\u0131 ya\u015fayan Nina, Alfa, Ruben ve Bayan Visi\u015fe koyulmak i\u00e7in sab\u0131rs\u0131zlan\u0131rlar. Uluslararas\u0131 Topluluk, \u00e7\u00f6z\u00fclemeyen son vaka a\u00e7\u0131kl\u0131\u011fa kavu\u015fturuluncai\u015fe ba\u015flayabileceklerini haber verir.    \u00c7\u00f6z\u00fclemeyen bir vaka m\u0131? \u00c7ocuklar Bayan Vis&#8217;le beraber ar\u015fivlere dal\u0131nca \u00f6nceki \u00c7\u00f6z\u00fcm Bakanl\u0131\u011f\u0131&#8217;n\u0131n asla \u00e7\u00f6zemedi\u011fi, 1953 tarihli bir vaka oldu\u011funu ke\u015ffederler: \u00d6ld\u00fcr\u00fclen Ev Sahibi ve KaybolanVan Gogh Resmi Vakas\u0131.   Hemen i\u015fe koyulurlar fakateski zamanlardan bilgi toplamakpek kolay de\u011fildir. Ayr\u0131ca G\u00fcm\u00fc\u015f Adamlar h\u00e2l\u00e2 pe\u015flerindedir. \u00c7ocuklar fark edilmeden vakay\u0131 \u00e7\u00f6zebilecekler midir? <\/p>\n","protected":false},"excerpt":{"rendered":"<p>\u00c7\u00f6z\u00fcm Bakanl\u0131\u011f\u0131&#8217;n\u0131n yeniden kurulmas\u0131n\u0131nheyecan\u0131n\u0131 ya\u015fayan Nina, Alfa, Ruben ve Bayan Visi\u015fe koyulmak i\u00e7in sab\u0131rs\u0131zlan\u0131rlar. Uluslararas\u0131 Topluluk, \u00e7\u00f6z\u00fclemeyen son vaka a\u00e7\u0131kl\u0131\u011fa kavu\u015fturuluncai\u015fe ba\u015flayabileceklerini haber verir. \u00c7\u00f6z\u00fclemeyen bir<span class=\"excerpt-hellip\"> [\u2026]<\/span><\/p>\n","protected":false},"featured_media":0,"template":"","meta":{"_monsterinsights_skip_tracking":false,"_monsterinsights_sitenote_active":false,"_monsterinsights_sitenote_note":"","_monsterinsights_sitenote_category":0},"product_brand":[],"product_cat":[12274,12284],"product_tag":[],"class_list":{"0":"post-764952","1":"product","2":"type-product","3":"status-publish","5":"product_cat-cocuk-ve-genclik-kitaplari","6":"product_cat-hikayeler","7":"pa_cilt-ciltsiz","8":"pa_tur-kitap","9":"pa_yayinevi-can-cocuk-yayinlari","10":"pa_yazar-sanne-rooseboom","12":"first","13":"instock","14":"sale","15":"shipping-taxable","16":"purchasable","17":"product-type-simple"},"_links":{"self":[{"href":"https:\/\/roveyayinevi.com.tr\/index.php\/wp-json\/wp\/v2\/product\/764952","targetHints":{"allow":["GET"]}}],"collection":[{"href":"https:\/\/roveyayinevi.com.tr\/index.php\/wp-json\/wp\/v2\/product"}],"about":[{"href":"https:\/\/roveyayinevi.com.tr\/index.php\/wp-json\/wp\/v2\/types\/product"}],"wp:attachment":[{"href":"https:\/\/roveyayinevi.com.tr\/index.php\/wp-json\/wp\/v2\/media?parent=764952"}],"wp:term":[{"taxonomy":"product_brand","embeddable":true,"href":"https:\/\/roveyayinevi.com.tr\/index.php\/wp-json\/wp\/v2\/product_brand?post=764952"},{"taxonomy":"product_cat","embeddable":true,"href":"https:\/\/roveyayinevi.com.tr\/index.php\/wp-json\/wp\/v2\/product_cat?post=764952"},{"taxonomy":"product_tag","embeddable":true,"href":"https:\/\/roveyayinevi.com.tr\/index.php\/wp-json\/wp\/v2\/product_tag?post=764952"}],"curies":[{"name":"wp","href":"https:\/\/api.w.org\/{rel}","templated":true}]}}