{"id":764951,"date":"2025-08-28T11:26:48","date_gmt":"2025-08-28T08:26:48","guid":{"rendered":"https:\/\/roveyayinevi.com.tr\/index.php\/urun\/21-yuzyilda-yeniden-cumhuriyet\/"},"modified":"2026-04-15T03:30:50","modified_gmt":"2026-04-15T00:30:50","slug":"21-yuzyilda-yeniden-cumhuriyet","status":"publish","type":"product","link":"https:\/\/roveyayinevi.com.tr\/index.php\/urun\/21-yuzyilda-yeniden-cumhuriyet\/","title":{"rendered":"21. Y\u00fczy\u0131lda Yeniden Cumhuriyet"},"content":{"rendered":"<p>Cumhuriyetin ikinci y\u00fczy\u0131l\u0131na girdi\u011fimiz \u015fu g\u00fcnlerde Cumhuriyet Devrimi\u2019nin tarihsel \u00f6nemi ve kazan\u0131mlar\u0131 g\u00fcncel ve tarihsel geli\u015fmeler \u0131\u015f\u0131\u011f\u0131nda daha tutarl\u0131 bir \u015fekilde ele al\u0131n\u0131yor. Cumhuriyetin temel de\u011ferlerine ve kazan\u0131mlar\u0131na y\u00f6nelik artan ilginin sebebi, kurulu\u015f \u00e7izgisinden g\u00fcn ge\u00e7tik\u00e7e uzakla\u015f\u0131lmas\u0131 ve T\u00fcrkiye\u2019nin otoriter bir eksene do\u011fru kaymas\u0131d\u0131r. Cumhuriyet Devrimi ve Cumhuriyet kavram\u0131, y\u0131llarca onun devrimci \u00f6z\u00fcn\u00fc e\u011fip b\u00fckenlere inat, yeni neslin kurtulu\u015f re\u00e7etesi olarak g\u00fcncelli\u011fini, devrimci miras\u0131n\u0131 koruyor. Antalya Muratpa\u015fa Belediye Ba\u015fkan\u0131 Av. \u00dcmit Uysal, \u201cT\u00fcrk Devrimi\u201d, \u201cKemalist Devrim\u201d ya da \u201cCumhuriyet Devrimi\u201d olarak adland\u0131r\u0131lan, T\u00fcrkiye Cumhuriyeti\u2019ni meydana getiren devrimin temel ilkelerini incelikle ele al\u0131yor. Elinizdeki \u00e7al\u0131\u015fma, kurulu\u015f felsefesinin temel ilkelerini, devrimin dayand\u0131\u011f\u0131 tarihsel, siyasal ve toplumsal arka plan\u0131, Mustafa Kemal\u2019in ve kurucu kadronun d\u00fc\u015f\u00fcn d\u00fcnyas\u0131n\u0131 \u015fekillendiren olgular\u0131 oda\u011f\u0131na koyuyor ve rotay\u0131 \u201c Yeniden Cumhuriyet\u201d olarak sapt\u0131yor. Her t\u00fcrl\u00fc geriye gidi\u015fe ra\u011fmen, toplumsal uyan\u0131\u015f\u0131n \u00f6n\u00fcne kimse ge\u00e7emeyecek. Mustafa Kemal Pa\u015fa\u2019n\u0131n ve Cumhuriyet Devrimi\u2019nin tarihte oynad\u0131\u011f\u0131 kritik rol\u00fcn \u00f6nemini kitleler bug\u00fcn daha iyi anl\u0131yor. Arada onlarca y\u0131l ge\u00e7se de Cumhuriyetin kurucu iradesini ve yapt\u0131klar\u0131, bug\u00fcnk\u00fc karanl\u0131k ortam\u0131 ayd\u0131nlatacak tek umut \u0131\u015f\u0131\u011f\u0131d\u0131r\u2026 <\/p>\n","protected":false},"excerpt":{"rendered":"<p>Cumhuriyetin ikinci y\u00fczy\u0131l\u0131na girdi\u011fimiz \u015fu g\u00fcnlerde Cumhuriyet Devrimi\u2019nin tarihsel \u00f6nemi ve kazan\u0131mlar\u0131 g\u00fcncel ve tarihsel geli\u015fmeler \u0131\u015f\u0131\u011f\u0131nda daha tutarl\u0131 bir \u015fekilde ele al\u0131n\u0131yor. Cumhuriyetin temel de\u011ferlerine<span class=\"excerpt-hellip\"> [\u2026]<\/span><\/p>\n","protected":false},"featured_media":0,"template":"","meta":{"_monsterinsights_skip_tracking":false,"_monsterinsights_sitenote_active":false,"_monsterinsights_sitenote_note":"","_monsterinsights_sitenote_category":0},"product_brand":[],"product_cat":[12304,13493],"product_tag":[],"class_list":{"0":"post-764951","1":"product","2":"type-product","3":"status-publish","5":"product_cat-tarih","6":"product_cat-turkiye-ve-cumhuriyet-tarihi","7":"pa_cilt-ciltsiz","8":"pa_tur-kitap","9":"pa_yayinevi-cumhuriyet-kitaplari","10":"pa_yazar-umit-uysal","12":"first","13":"instock","14":"sale","15":"shipping-taxable","16":"purchasable","17":"product-type-simple"},"_links":{"self":[{"href":"https:\/\/roveyayinevi.com.tr\/index.php\/wp-json\/wp\/v2\/product\/764951","targetHints":{"allow":["GET"]}}],"collection":[{"href":"https:\/\/roveyayinevi.com.tr\/index.php\/wp-json\/wp\/v2\/product"}],"about":[{"href":"https:\/\/roveyayinevi.com.tr\/index.php\/wp-json\/wp\/v2\/types\/product"}],"wp:attachment":[{"href":"https:\/\/roveyayinevi.com.tr\/index.php\/wp-json\/wp\/v2\/media?parent=764951"}],"wp:term":[{"taxonomy":"product_brand","embeddable":true,"href":"https:\/\/roveyayinevi.com.tr\/index.php\/wp-json\/wp\/v2\/product_brand?post=764951"},{"taxonomy":"product_cat","embeddable":true,"href":"https:\/\/roveyayinevi.com.tr\/index.php\/wp-json\/wp\/v2\/product_cat?post=764951"},{"taxonomy":"product_tag","embeddable":true,"href":"https:\/\/roveyayinevi.com.tr\/index.php\/wp-json\/wp\/v2\/product_tag?post=764951"}],"curies":[{"name":"wp","href":"https:\/\/api.w.org\/{rel}","templated":true}]}}