{"id":764950,"date":"2025-08-28T11:26:47","date_gmt":"2025-08-28T08:26:47","guid":{"rendered":"https:\/\/roveyayinevi.com.tr\/index.php\/urun\/geziyorum-oyleyse-varim\/"},"modified":"2026-04-15T03:30:50","modified_gmt":"2026-04-15T00:30:50","slug":"geziyorum-oyleyse-varim","status":"publish","type":"product","link":"https:\/\/roveyayinevi.com.tr\/index.php\/urun\/geziyorum-oyleyse-varim\/","title":{"rendered":"Geziyorum \u00d6yleyse Var\u0131m"},"content":{"rendered":"<p>\u00d6zlem Avc\u0131o\u011flu, Alman Lisesi\u2019nde 8 y\u0131l okudu ve Bo\u011fazi\u00e7i \u00dcniversitesi Kimya M\u00fchendisli\u011fi b\u00f6l\u00fcm\u00fcnden mezun oldu. 15 y\u0131l boyunca Leo Burnett, DMBB, Lintas ve Ogilvy gibi \u00f6nde gelen uluslararas\u0131 reklam ajanslar\u0131nda y\u00f6netici olarak \u00e7al\u0131\u015ft\u0131. Mesle\u011finin yan\u0131 s\u0131ra Galatasaray \u00dcniversitesi\u2019nde misafir \u00f6\u011fretim \u00fcyesi olarak reklamc\u0131l\u0131k dersleri de verdi. 2001\u2019de New York\u2019a ta\u015f\u0131nd\u0131 ve burada GAD ve International Lifestyle Magazine 34\u2019\u00fcn orta\u011f\u0131 olarak \u00e7al\u0131\u015fmaya ba\u015flad\u0131. Ayn\u0131 zamanda NYU\u2019da foto\u011fraf\u00e7\u0131l\u0131k e\u011fitimi ald\u0131 ve foto\u011fraflar\u0131 uluslararas\u0131 dergilerde yay\u0131nland\u0131. D\u00fcnyan\u0131n d\u00f6rt bir yan\u0131ndaki mimari ve sanat\u0131 foto\u011fraflamak ve bunlar\u0131 kendi bak\u0131\u015f a\u00e7\u0131s\u0131na g\u00f6re de\u011fi\u015ftirmekle ilgileniyor. www.travelmodus.com seyahat sitesi ve \u0130stanbul merkezli HAAZ tasar\u0131m galerisinin sahibidir. 2006\u2019dan bu yana zaman\u0131n\u0131 \u0130stanbul ve New York aras\u0131nda b\u00f6l\u00fc\u015ft\u00fcr\u00fcyor.   \u00d6zlem Avc\u0131o\u011flu studied for 8 years at German School Alman Lisesi and has a degree in Chemical Engineering from Bosphorus University. She has worked for 15 years in leading international advertising agencies such as Leo Burnett, DMBB, Lintas and Ogilvy. In addition to her practice she also taught advertising in Galatasaray University as visiting professor. She moved to New York in 2001 where she started to work as a partner and marketing manager of GAD and the International Lifestyle Magazine 34. \u00d6zlem studied photography at NYU and her photographs are published in international magazines. \u00d6zlem is interested in photographing architecture and art around the world and manipulating them according to her own sense of looking She is the owner of travel web site www.travelmodus.com and the design gallery HAAZ based in Istanbul. Since 2006 she has been dividing her time between Istanbul and New York. <\/p>\n","protected":false},"excerpt":{"rendered":"<p>\u00d6zlem Avc\u0131o\u011flu, Alman Lisesi\u2019nde 8 y\u0131l okudu ve Bo\u011fazi\u00e7i \u00dcniversitesi Kimya M\u00fchendisli\u011fi b\u00f6l\u00fcm\u00fcnden mezun oldu. 15 y\u0131l boyunca Leo Burnett, DMBB, Lintas ve Ogilvy gibi \u00f6nde<span class=\"excerpt-hellip\"> [\u2026]<\/span><\/p>\n","protected":false},"featured_media":0,"template":"","meta":{"_monsterinsights_skip_tracking":false,"_monsterinsights_sitenote_active":false,"_monsterinsights_sitenote_note":"","_monsterinsights_sitenote_category":0},"product_brand":[],"product_cat":[13054],"product_tag":[],"class_list":{"0":"post-764950","1":"product","2":"type-product","3":"status-publish","5":"product_cat-gezi-ve-rehber-kitaplari","6":"pa_cilt-ciltsiz","7":"pa_tur-kitap","8":"pa_yayinevi-destek-yayinlari","9":"pa_yazar-ozlem-avcioglu","11":"first","12":"instock","13":"sale","14":"shipping-taxable","15":"purchasable","16":"product-type-simple"},"_links":{"self":[{"href":"https:\/\/roveyayinevi.com.tr\/index.php\/wp-json\/wp\/v2\/product\/764950","targetHints":{"allow":["GET"]}}],"collection":[{"href":"https:\/\/roveyayinevi.com.tr\/index.php\/wp-json\/wp\/v2\/product"}],"about":[{"href":"https:\/\/roveyayinevi.com.tr\/index.php\/wp-json\/wp\/v2\/types\/product"}],"wp:attachment":[{"href":"https:\/\/roveyayinevi.com.tr\/index.php\/wp-json\/wp\/v2\/media?parent=764950"}],"wp:term":[{"taxonomy":"product_brand","embeddable":true,"href":"https:\/\/roveyayinevi.com.tr\/index.php\/wp-json\/wp\/v2\/product_brand?post=764950"},{"taxonomy":"product_cat","embeddable":true,"href":"https:\/\/roveyayinevi.com.tr\/index.php\/wp-json\/wp\/v2\/product_cat?post=764950"},{"taxonomy":"product_tag","embeddable":true,"href":"https:\/\/roveyayinevi.com.tr\/index.php\/wp-json\/wp\/v2\/product_tag?post=764950"}],"curies":[{"name":"wp","href":"https:\/\/api.w.org\/{rel}","templated":true}]}}