{"id":764945,"date":"2025-08-28T11:26:36","date_gmt":"2025-08-28T08:26:36","guid":{"rendered":"https:\/\/roveyayinevi.com.tr\/index.php\/urun\/90larda-cocuk-olmak-serisi-kutulu-set\/"},"modified":"2026-04-15T03:30:50","modified_gmt":"2026-04-15T00:30:50","slug":"90larda-cocuk-olmak-serisi-kutulu-set","status":"publish","type":"product","link":"https:\/\/roveyayinevi.com.tr\/index.php\/urun\/90larda-cocuk-olmak-serisi-kutulu-set\/","title":{"rendered":"90\u2019larda \u00c7ocuk Olmak Serisi Kutulu Set"},"content":{"rendered":"<p>Setin \u0130\u00e7inde Yer Alan Kitaplar: 90\u2019larda \u00c7ocuk Olmak Serisi Kutulu Set   Ya\u011fmur\u2019un Kar Tanesi Hayalleri Ya\u011fmur \u0130pucu Pe\u015finde Ya\u011fmur\u2019un Mandalina Kokan S\u0131n\u0131f\u0131 Ya\u011fmur\u2019un Kar Maceras\u0131 Ya\u011fmur&#8217;a Bahar S\u00fcrprizi Ya\u011fmur&#8217;un Karne Heyecan\u0131 Ya\u011fmur\u2019un Sal\u00e7al\u0131 Ekmek Kokan K\u00f6y\u00fc Ya\u011fmur\u2019un Sokaktan Eve Ta\u015f\u0131nan Oyunlar\u0131 Ya\u011fmur&#8217;un Tarihe ve Denize Yolculu\u011fu Ya\u011fmur\u2019un Sonbahar Sevinci  <\/p>\n","protected":false},"excerpt":{"rendered":"<p>Setin \u0130\u00e7inde Yer Alan Kitaplar: 90\u2019larda \u00c7ocuk Olmak Serisi Kutulu Set Ya\u011fmur\u2019un Kar Tanesi Hayalleri Ya\u011fmur \u0130pucu Pe\u015finde Ya\u011fmur\u2019un Mandalina Kokan S\u0131n\u0131f\u0131 Ya\u011fmur\u2019un Kar Maceras\u0131 Ya\u011fmur&#8217;a<span class=\"excerpt-hellip\"> [\u2026]<\/span><\/p>\n","protected":false},"featured_media":0,"template":"","meta":{"_monsterinsights_skip_tracking":false,"_monsterinsights_sitenote_active":false,"_monsterinsights_sitenote_note":"","_monsterinsights_sitenote_category":0},"product_brand":[],"product_cat":[12274,12284],"product_tag":[],"class_list":{"0":"post-764945","1":"product","2":"type-product","3":"status-publish","5":"product_cat-cocuk-ve-genclik-kitaplari","6":"product_cat-hikayeler","7":"pa_cilt-ciltsiz","8":"pa_tur-kitap","9":"pa_yayinevi-destek-yayinlari","10":"pa_yazar-yeliz-agirman-cakmak","12":"first","13":"instock","14":"sale","15":"shipping-taxable","16":"purchasable","17":"product-type-simple"},"_links":{"self":[{"href":"https:\/\/roveyayinevi.com.tr\/index.php\/wp-json\/wp\/v2\/product\/764945","targetHints":{"allow":["GET"]}}],"collection":[{"href":"https:\/\/roveyayinevi.com.tr\/index.php\/wp-json\/wp\/v2\/product"}],"about":[{"href":"https:\/\/roveyayinevi.com.tr\/index.php\/wp-json\/wp\/v2\/types\/product"}],"wp:attachment":[{"href":"https:\/\/roveyayinevi.com.tr\/index.php\/wp-json\/wp\/v2\/media?parent=764945"}],"wp:term":[{"taxonomy":"product_brand","embeddable":true,"href":"https:\/\/roveyayinevi.com.tr\/index.php\/wp-json\/wp\/v2\/product_brand?post=764945"},{"taxonomy":"product_cat","embeddable":true,"href":"https:\/\/roveyayinevi.com.tr\/index.php\/wp-json\/wp\/v2\/product_cat?post=764945"},{"taxonomy":"product_tag","embeddable":true,"href":"https:\/\/roveyayinevi.com.tr\/index.php\/wp-json\/wp\/v2\/product_tag?post=764945"}],"curies":[{"name":"wp","href":"https:\/\/api.w.org\/{rel}","templated":true}]}}