{"id":764944,"date":"2025-08-28T11:26:34","date_gmt":"2025-08-28T08:26:34","guid":{"rendered":"https:\/\/roveyayinevi.com.tr\/index.php\/urun\/gecidin-ucundaki-kedi\/"},"modified":"2026-04-15T03:30:49","modified_gmt":"2026-04-15T00:30:49","slug":"gecidin-ucundaki-kedi","status":"publish","type":"product","link":"https:\/\/roveyayinevi.com.tr\/index.php\/urun\/gecidin-ucundaki-kedi\/","title":{"rendered":"Ge\u00e7idin Ucundaki Kedi"},"content":{"rendered":"<p>USTA YAZAR ZEKER\u0130YA EF\u0130LO\u011eLU\u2019NDAN\u2026 HAYAL VE GER\u00c7EK D\u00dcNYASINA YOLCULUK   Bir ilkbahar g\u00fcn\u00fc pikni\u011fe giden Kerem ve arkada\u015flar\u0131n\u0131n ba\u015f\u0131na en fazla ne gelebilir ki? Kerem ve yak\u0131n arkada\u015flar\u0131 bir aradaysa cevap uzay\u0131p gidebilir. Voleybol oynarken ormana ka\u00e7an top, bizim Fikir Avc\u0131lar\u0131\u2019n\u0131 s\u0131ra d\u0131\u015f\u0131 ve gizem dolu bir ser\u00fcvene s\u00fcr\u00fckl\u00fcyor. Hi\u00e7 beklemedikleri bir anda nereye \u00e7\u0131kt\u0131\u011f\u0131n\u0131 bilmedikleri bir gizemli ge\u00e7ide rastlayan kafadarlar acaba neler ya\u015fayacak? Ge\u00e7idin Ucundaki Kedi\u2019de Kerem\u2019in ve arkada\u015flar\u0131n\u0131n ser\u00fcveni kald\u0131\u011f\u0131 yerden devam ediyor.   \u201cHer yeni g\u00fcn\u00fcn yeni bir ke\u015fif oldu\u011funu d\u00fc\u015f\u00fcnmez misin? Belki sen de bizimle birlikte yeni maceralara at\u0131lmak istersin, ne dersin? At\u0131ld\u0131\u011f\u0131m\u0131z maceralardan ilhamla, \u015funlar\u0131 s\u00f6ylemek istiyorum sana: Ya\u015fas\u0131n arkada\u015fl\u0131k! Ya\u015fas\u0131n dostluk! Ya\u015fas\u0131n insanl\u0131k! Ya\u015fas\u0131n merhamet! Ya\u015fas\u0131n vicdan! Ya\u015fas\u0131n sevgi! Ya\u015fas\u0131n beraberlik! Ya\u015fas\u0131n canl\u0131lar, kediler, ku\u015flar ve b\u00fct\u00fcn hayvanlar! Ya\u015fas\u0131n do\u011fa! Bu de\u011ferler sence de \u00e7ok \u00f6nemli de\u011fil mi? Arkada\u015fl\u0131k olmadan ne yapard\u0131k? Sevgi ve merhamet olmadan d\u00fcnya nas\u0131l bir yer olurdu, hi\u00e7 d\u00fc\u015f\u00fcnd\u00fcn m\u00fc?\u201d <\/p>\n","protected":false},"excerpt":{"rendered":"<p>USTA YAZAR ZEKER\u0130YA EF\u0130LO\u011eLU\u2019NDAN\u2026 HAYAL VE GER\u00c7EK D\u00dcNYASINA YOLCULUK Bir ilkbahar g\u00fcn\u00fc pikni\u011fe giden Kerem ve arkada\u015flar\u0131n\u0131n ba\u015f\u0131na en fazla ne gelebilir ki? Kerem ve yak\u0131n<span class=\"excerpt-hellip\"> [\u2026]<\/span><\/p>\n","protected":false},"featured_media":0,"template":"","meta":{"_monsterinsights_skip_tracking":false,"_monsterinsights_sitenote_active":false,"_monsterinsights_sitenote_note":"","_monsterinsights_sitenote_category":0},"product_brand":[],"product_cat":[12274,12284],"product_tag":[],"class_list":{"0":"post-764944","1":"product","2":"type-product","3":"status-publish","5":"product_cat-cocuk-ve-genclik-kitaplari","6":"product_cat-hikayeler","7":"pa_cilt-ciltsiz","8":"pa_tur-kitap","9":"pa_yayinevi-genc-hayat","10":"pa_yazar-zekeriya-efiloglu","12":"first","13":"instock","14":"sale","15":"shipping-taxable","16":"purchasable","17":"product-type-simple"},"_links":{"self":[{"href":"https:\/\/roveyayinevi.com.tr\/index.php\/wp-json\/wp\/v2\/product\/764944","targetHints":{"allow":["GET"]}}],"collection":[{"href":"https:\/\/roveyayinevi.com.tr\/index.php\/wp-json\/wp\/v2\/product"}],"about":[{"href":"https:\/\/roveyayinevi.com.tr\/index.php\/wp-json\/wp\/v2\/types\/product"}],"wp:attachment":[{"href":"https:\/\/roveyayinevi.com.tr\/index.php\/wp-json\/wp\/v2\/media?parent=764944"}],"wp:term":[{"taxonomy":"product_brand","embeddable":true,"href":"https:\/\/roveyayinevi.com.tr\/index.php\/wp-json\/wp\/v2\/product_brand?post=764944"},{"taxonomy":"product_cat","embeddable":true,"href":"https:\/\/roveyayinevi.com.tr\/index.php\/wp-json\/wp\/v2\/product_cat?post=764944"},{"taxonomy":"product_tag","embeddable":true,"href":"https:\/\/roveyayinevi.com.tr\/index.php\/wp-json\/wp\/v2\/product_tag?post=764944"}],"curies":[{"name":"wp","href":"https:\/\/api.w.org\/{rel}","templated":true}]}}