{"id":764943,"date":"2025-08-28T11:26:32","date_gmt":"2025-08-28T08:26:32","guid":{"rendered":"https:\/\/roveyayinevi.com.tr\/index.php\/urun\/cantamda-ne-var\/"},"modified":"2026-04-13T03:26:15","modified_gmt":"2026-04-13T00:26:15","slug":"cantamda-ne-var","status":"publish","type":"product","link":"https:\/\/roveyayinevi.com.tr\/index.php\/urun\/cantamda-ne-var\/","title":{"rendered":"\u00c7antamda Ne Var?"},"content":{"rendered":"<p>USTA YAZAR ZEKER\u0130YA EF\u0130LO\u011eLU\u2019NDAN\u2026 HAYAL VE GER\u00c7EK D\u00dcNYASINA YOLCULUK   Okulda \u00f6\u011frendiklerinizi projeye d\u00f6n\u00fc\u015ft\u00fcrmek istiyorsan\u0131z bu kitap tam size g\u00f6re! Kerem, i\u00e7i i\u00e7ine s\u0131\u011fmayan, ara\u015ft\u0131rmaya hevesli, merakl\u0131 m\u0131 merakl\u0131 yeni arkada\u015f\u0131n\u0131z. En yak\u0131n dostlar\u0131 Zehra, Umut, Serdar ve Meryem ile merak etti\u011fi ilgin\u00e7 sorular\u0131n cevaplar\u0131n\u0131 ar\u0131yor. Birbirinden e\u011flenceli ve bilgi dolu projelerle u\u011fra\u015fan Kerem\u2019i b\u00fcy\u00fck bir macera bekliyor. \u201cUmar\u0131m bu kitab\u0131 okudu\u011funda keyif al\u0131rs\u0131n. Seninle tan\u0131\u015ft\u0131\u011f\u0131mda ben de \u00e7ok mutlu olaca\u011f\u0131m! Biliyorum ki senin de \u00e7antanda bir s\u00fcr\u00fc \u00e7\u0131lg\u0131n proje var veya olacak. Hayatta \u00f6\u011frendi\u011fim en g\u00fczel \u015feylerden birini seninle payla\u015fmak istiyorum. Fikir \u00fcretmek ve ba\u015farmak ger\u00e7ekten harika bir duygu! Senin de heyecan\u0131n hep bol olsun! Kendini geli\u015ftirmeye devam et. Daima hayallerini ger\u00e7ekle\u015ftirmek i\u00e7in \u00e7aba g\u00f6ster.\u201d <\/p>\n","protected":false},"excerpt":{"rendered":"<p>USTA YAZAR ZEKER\u0130YA EF\u0130LO\u011eLU\u2019NDAN\u2026 HAYAL VE GER\u00c7EK D\u00dcNYASINA YOLCULUK Okulda \u00f6\u011frendiklerinizi projeye d\u00f6n\u00fc\u015ft\u00fcrmek istiyorsan\u0131z bu kitap tam size g\u00f6re! Kerem, i\u00e7i i\u00e7ine s\u0131\u011fmayan, ara\u015ft\u0131rmaya hevesli, merakl\u0131<span class=\"excerpt-hellip\"> [\u2026]<\/span><\/p>\n","protected":false},"featured_media":0,"template":"","meta":{"_monsterinsights_skip_tracking":false,"_monsterinsights_sitenote_active":false,"_monsterinsights_sitenote_note":"","_monsterinsights_sitenote_category":0},"product_brand":[],"product_cat":[12274,12284],"product_tag":[],"class_list":{"0":"post-764943","1":"product","2":"type-product","3":"status-publish","5":"product_cat-cocuk-ve-genclik-kitaplari","6":"product_cat-hikayeler","7":"pa_cilt-ciltsiz","8":"pa_tur-kitap","9":"pa_yayinevi-genc-hayat","10":"pa_yazar-zekeriya-efiloglu","12":"first","13":"instock","14":"sale","15":"shipping-taxable","16":"purchasable","17":"product-type-simple"},"_links":{"self":[{"href":"https:\/\/roveyayinevi.com.tr\/index.php\/wp-json\/wp\/v2\/product\/764943","targetHints":{"allow":["GET"]}}],"collection":[{"href":"https:\/\/roveyayinevi.com.tr\/index.php\/wp-json\/wp\/v2\/product"}],"about":[{"href":"https:\/\/roveyayinevi.com.tr\/index.php\/wp-json\/wp\/v2\/types\/product"}],"wp:attachment":[{"href":"https:\/\/roveyayinevi.com.tr\/index.php\/wp-json\/wp\/v2\/media?parent=764943"}],"wp:term":[{"taxonomy":"product_brand","embeddable":true,"href":"https:\/\/roveyayinevi.com.tr\/index.php\/wp-json\/wp\/v2\/product_brand?post=764943"},{"taxonomy":"product_cat","embeddable":true,"href":"https:\/\/roveyayinevi.com.tr\/index.php\/wp-json\/wp\/v2\/product_cat?post=764943"},{"taxonomy":"product_tag","embeddable":true,"href":"https:\/\/roveyayinevi.com.tr\/index.php\/wp-json\/wp\/v2\/product_tag?post=764943"}],"curies":[{"name":"wp","href":"https:\/\/api.w.org\/{rel}","templated":true}]}}