{"id":764939,"date":"2025-08-28T11:26:24","date_gmt":"2025-08-28T08:26:24","guid":{"rendered":"https:\/\/roveyayinevi.com.tr\/index.php\/urun\/leonardo-da-vinci-7\/"},"modified":"2026-04-15T03:30:49","modified_gmt":"2026-04-15T00:30:49","slug":"leonardo-da-vinci-7","status":"publish","type":"product","link":"https:\/\/roveyayinevi.com.tr\/index.php\/urun\/leonardo-da-vinci-7\/","title":{"rendered":"Leonardo da Vinci"},"content":{"rendered":"<p>\u201cLeonardo da Vinci bug\u00fcn ya\u015fasayd\u0131, g\u00fcn\u00fcm\u00fczdeki imk\u00e2nlarla kim bilir daha neler ba\u015far\u0131rd\u0131?\u201d Profes\u00f6r Fatin, olu\u015fturdu\u011fu hologramlarla bir yapay zek\u00e2 meydana getirmi\u015ftir.  Profes\u00f6r, bilim insanlar\u0131n\u0131n ke\u015fiflerini inceleyerek, bu \u00e7al\u0131\u015fmalar\u0131 ve bu \u00e7al\u0131\u015fmalar\u0131n sonu\u00e7lar\u0131na dayal\u0131 t\u00fcm verileri yapay zek\u00e2ya uyarlam\u0131\u015ft\u0131r. Yeni D\u00fcnya Tak\u0131m\u0131 ise bilim insanlar\u0131n\u0131n hayatlar\u0131n\u0131 ara\u015ft\u0131racak ve ara\u015ft\u0131rma verilerini sabitleyerek yapay zek\u00e2ya uyarlayacakt\u0131r. Bu sayede ge\u00e7mi\u015fin b\u00fcy\u00fck zihinleri, yar\u0131m kalan i\u015flerini tamamlayabilecekler. Yeni D\u00fcnya Tak\u0131m\u0131, bilim insanlar\u0131n\u0131n zihinlerini yapay zek\u00e2ya aktar\u0131yor. Yapay zek\u00e2n\u0131n olu\u015fturdu\u011fu hologram arac\u0131l\u0131\u011f\u0131yla bilim insanlar\u0131yla konu\u015fabiliyor, onlar\u0131n ke\u015fiflerini \u00f6\u011frenip, ilham verici hayat hik\u00e2yelerine ortak oluyor. Bu kitapta, bir\u00e7ok alanda \u00e7al\u0131\u015fan ve fikirleri \u00e7a\u011f\u0131n\u0131n \u00e7ok \u00f6tesinde olan Leonardo da Vinci\u2019nin s\u0131ra d\u0131\u015f\u0131 hayat hik\u00e2yesi yer al\u0131yor. Sanat\u0131n\u0131n yan\u0131 s\u0131ra m\u00fchendislik harikas\u0131 tasar\u0131mlar\u0131, anatomik \u00e7al\u0131\u015fmalar\u0131 ve  di\u011fer ke\u015fifleri kitapta \u00f6rneklerle  anlat\u0131l\u0131yor.   Leonardo da Vinci\u2019nin bilinmeyen y\u00f6nlerini ke\u015ffeden Yeni D\u00fcnya Tak\u0131m\u0131, bir yandan da kaybetti\u011fi tak\u0131m ruhunu ar\u0131yor.<\/p>\n","protected":false},"excerpt":{"rendered":"<p>\u201cLeonardo da Vinci bug\u00fcn ya\u015fasayd\u0131, g\u00fcn\u00fcm\u00fczdeki imk\u00e2nlarla kim bilir daha neler ba\u015far\u0131rd\u0131?\u201d Profes\u00f6r Fatin, olu\u015fturdu\u011fu hologramlarla bir yapay zek\u00e2 meydana getirmi\u015ftir. Profes\u00f6r, bilim insanlar\u0131n\u0131n ke\u015fiflerini inceleyerek,<span class=\"excerpt-hellip\"> [\u2026]<\/span><\/p>\n","protected":false},"featured_media":0,"template":"","meta":{"_monsterinsights_skip_tracking":false,"_monsterinsights_sitenote_active":false,"_monsterinsights_sitenote_note":"","_monsterinsights_sitenote_category":0},"product_brand":[],"product_cat":[13829,12274],"product_tag":[],"class_list":{"0":"post-764939","1":"product","2":"type-product","3":"status-publish","5":"product_cat-bilimsel-kitaplar","6":"product_cat-cocuk-ve-genclik-kitaplari","7":"pa_cilt-ciltsiz","8":"pa_tur-kitap","9":"pa_yayinevi-genc-hayat","10":"pa_yazar-oznur-cokcanli","12":"first","13":"instock","14":"sale","15":"shipping-taxable","16":"purchasable","17":"product-type-simple"},"_links":{"self":[{"href":"https:\/\/roveyayinevi.com.tr\/index.php\/wp-json\/wp\/v2\/product\/764939","targetHints":{"allow":["GET"]}}],"collection":[{"href":"https:\/\/roveyayinevi.com.tr\/index.php\/wp-json\/wp\/v2\/product"}],"about":[{"href":"https:\/\/roveyayinevi.com.tr\/index.php\/wp-json\/wp\/v2\/types\/product"}],"wp:attachment":[{"href":"https:\/\/roveyayinevi.com.tr\/index.php\/wp-json\/wp\/v2\/media?parent=764939"}],"wp:term":[{"taxonomy":"product_brand","embeddable":true,"href":"https:\/\/roveyayinevi.com.tr\/index.php\/wp-json\/wp\/v2\/product_brand?post=764939"},{"taxonomy":"product_cat","embeddable":true,"href":"https:\/\/roveyayinevi.com.tr\/index.php\/wp-json\/wp\/v2\/product_cat?post=764939"},{"taxonomy":"product_tag","embeddable":true,"href":"https:\/\/roveyayinevi.com.tr\/index.php\/wp-json\/wp\/v2\/product_tag?post=764939"}],"curies":[{"name":"wp","href":"https:\/\/api.w.org\/{rel}","templated":true}]}}